{"id":2754,"date":"2024-06-06T12:49:24","date_gmt":"2024-06-06T11:49:24","guid":{"rendered":"https:\/\/ortopediagot.net\/?post_type=product&#038;p=2754"},"modified":"2024-06-06T12:49:24","modified_gmt":"2024-06-06T11:49:24","slug":"scooter-plegable-foldi-lite","status":"publish","type":"product","link":"https:\/\/ortopediagot.net\/Inicio\/producto\/scooter-plegable-foldi-lite\/","title":{"rendered":"SCOOTER PLEGABLE-FOLDI LITE"},"content":{"rendered":"<p>SCOOTER PLEGABLE-FOLDI LITE (824040)<\/p>\n<div class=\"tsf-campo-acf-titulo tsf-campo-acf-titulo-caracteristicas tsf_campo-acf tsf_caracteristicas\">Caracter\u00edsticas<\/div>\n<div><\/div>\n<div class=\"tsf-campo-acf-valores tsf-campo-acf-valores-caracteristicas tsf_campo-acf tsf_caracteristicas\">Uno de los scooters plegables m\u00e1s ligeros y compactos del mercado.- S\u00f3lo 15 kg.-<br \/>\nNo es m\u00e1s grande que una maleta peque\u00f1a cuando est\u00e1 plegada.-<br \/>\nBater\u00eda de litio de gran autonom\u00eda. Gracias a su facilidad de plegado, en s\u00f3lo 3 movimientos, el scooter E-Foldi Lite puede acompa\u00f1arle f\u00e1cilmente en el coche, e incluso en el avi\u00f3n.<br \/>\nEn posici\u00f3n plegada, se puede mover f\u00e1cilmente como un equipaje de mano, con un ingenioso sistema de ruedas secundarias para empujarla lateralmente. Est\u00e1 equipada con un asiento suspendido, para una mayor comodidad de uso.<br \/>\nCARACTER\u00cdSTICAS T\u00c9CNICAS: Velocidad 6 km\/h, Autonom\u00eda 22 km, Peso m\u00e1ximo usuario 120 kg, Pendiente m\u00e1xima permitida 10%, Dimensiones plegado 62 x 53 x 31 cm, Asiento 36 x 36 cm, Freno electromagn\u00e9tico, Ruedas traseras desmontables, Distancia al suelo 8 cm, Ruedas traseras de aire\/ delanteras macizas, Bater\u00eda de litio de 10 Ah, Motores integrados en las ruedas traseras de 250W y 24VArranque electr\u00f3nico por pulsador\u00bb<\/div>\n","protected":false},"excerpt":{"rendered":"<p>SCOOTER PLEGABLE-FOLDI LITE (824040) Caracter\u00edsticas Uno de los scooters plegables m\u00e1s ligeros y compactos del mercado.- S\u00f3lo 15 kg.- No es m\u00e1s grande que una maleta peque\u00f1a cuando est\u00e1 plegada.- Bater\u00eda de litio de gran autonom\u00eda. Gracias a su facilidad de plegado, en s\u00f3lo 3 movimientos, el scooter E-Foldi Lite puede acompa\u00f1arle f\u00e1cilmente en el [&hellip;]<\/p>\n","protected":false},"featured_media":2755,"comment_status":"open","ping_status":"closed","template":"","meta":{"saved_in_kubio":false},"product_brand":[],"product_cat":[54],"product_tag":[118],"class_list":{"0":"post-2754","1":"product","2":"type-product","3":"status-publish","4":"has-post-thumbnail","6":"product_cat-scooters-electricos","7":"product_tag-emo","9":"first","10":"instock","11":"shipping-taxable","12":"product-type-simple"},"_links":{"self":[{"href":"https:\/\/ortopediagot.net\/Inicio\/wp-json\/wp\/v2\/product\/2754"}],"collection":[{"href":"https:\/\/ortopediagot.net\/Inicio\/wp-json\/wp\/v2\/product"}],"about":[{"href":"https:\/\/ortopediagot.net\/Inicio\/wp-json\/wp\/v2\/types\/product"}],"replies":[{"embeddable":true,"href":"https:\/\/ortopediagot.net\/Inicio\/wp-json\/wp\/v2\/comments?post=2754"}],"wp:featuredmedia":[{"embeddable":true,"href":"https:\/\/ortopediagot.net\/Inicio\/wp-json\/wp\/v2\/media\/2755"}],"wp:attachment":[{"href":"https:\/\/ortopediagot.net\/Inicio\/wp-json\/wp\/v2\/media?parent=2754"}],"wp:term":[{"taxonomy":"product_brand","embeddable":true,"href":"https:\/\/ortopediagot.net\/Inicio\/wp-json\/wp\/v2\/product_brand?post=2754"},{"taxonomy":"product_cat","embeddable":true,"href":"https:\/\/ortopediagot.net\/Inicio\/wp-json\/wp\/v2\/product_cat?post=2754"},{"taxonomy":"product_tag","embeddable":true,"href":"https:\/\/ortopediagot.net\/Inicio\/wp-json\/wp\/v2\/product_tag?post=2754"}],"curies":[{"name":"wp","href":"https:\/\/api.w.org\/{rel}","templated":true}]}}