{"id":2760,"date":"2024-06-06T12:51:49","date_gmt":"2024-06-06T11:51:49","guid":{"rendered":"https:\/\/ortopediagot.net\/?post_type=product&#038;p=2760"},"modified":"2024-06-06T12:51:50","modified_gmt":"2024-06-06T11:51:50","slug":"scooter-traveler-maxi","status":"publish","type":"product","link":"https:\/\/ortopediagot.net\/Inicio\/producto\/scooter-traveler-maxi\/","title":{"rendered":"SCOOTER TRAVELER MAXI"},"content":{"rendered":"<p>SCOOTER TRAVELER MAXI (824049.NOIR, 824049.ROUGE)<\/p>\n<div class=\"tsf-campo-acf-titulo tsf-campo-acf-titulo-caracteristicas tsf_campo-acf tsf_caracteristicas\"><strong>Caracter\u00edsticas<\/strong><\/div>\n<div><\/div>\n<div class=\"tsf-campo-acf-valores tsf-campo-acf-valores-caracteristicas tsf_campo-acf tsf_caracteristicas\">Scooter c\u00f3modo para recorrer largas distancias. Ideal para un uso diario y regular.<br \/>\nEst\u00e1 equipado con ruedas neum\u00e1ticas de 29 cm de di\u00e1metro y suspensiones en las 4 ruedas. El asiento de gran confort est\u00e1 equipado con un reposacabezas que se puede mover hacia delante y hacia atr\u00e1s y girar 90\u00b0. Anchura del asiento 46,5 cm. Indicador continuo de carga de la bater\u00eda.<br \/>\nEquipado con luces LED y espejo retrovisor orientable a derecha o izquierda.<br \/>\nMotor 700W 4500 rpm. Freno electromagn\u00e9tico. 2 bater\u00edas 12V 50 Ah. Autonom\u00eda 39 km de media. Velocidad m\u00e1xima 12 km\/h.<br \/>\nDimensiones : Largo 120 x ancho 64 x alto 115,5 cm. Peso 94 kg. Peso de las bater\u00edas 30,5 kg.<br \/>\n2 colores a elegir: rojo o negro.<\/div>\n<div class=\"tsf-campo-acf-titulo tsf-campo-acf-titulo-pa_colores tsf_campo-acf tsf_pa_colores\"><\/div>\n<div><strong>Color<\/strong><\/div>\n<div><\/div>\n<div>NEGRO, ROJO<\/div>\n","protected":false},"excerpt":{"rendered":"<p>SCOOTER TRAVELER MAXI (824049.NOIR, 824049.ROUGE) Caracter\u00edsticas Scooter c\u00f3modo para recorrer largas distancias. Ideal para un uso diario y regular. Est\u00e1 equipado con ruedas neum\u00e1ticas de 29 cm de di\u00e1metro y suspensiones en las 4 ruedas. El asiento de gran confort est\u00e1 equipado con un reposacabezas que se puede mover hacia delante y hacia atr\u00e1s y [&hellip;]<\/p>\n","protected":false},"featured_media":2762,"comment_status":"open","ping_status":"closed","template":"","meta":{"saved_in_kubio":false},"product_brand":[],"product_cat":[54],"product_tag":[118],"class_list":{"0":"post-2760","1":"product","2":"type-product","3":"status-publish","4":"has-post-thumbnail","6":"product_cat-scooters-electricos","7":"product_tag-emo","9":"first","10":"instock","11":"shipping-taxable","12":"product-type-simple"},"_links":{"self":[{"href":"https:\/\/ortopediagot.net\/Inicio\/wp-json\/wp\/v2\/product\/2760"}],"collection":[{"href":"https:\/\/ortopediagot.net\/Inicio\/wp-json\/wp\/v2\/product"}],"about":[{"href":"https:\/\/ortopediagot.net\/Inicio\/wp-json\/wp\/v2\/types\/product"}],"replies":[{"embeddable":true,"href":"https:\/\/ortopediagot.net\/Inicio\/wp-json\/wp\/v2\/comments?post=2760"}],"wp:featuredmedia":[{"embeddable":true,"href":"https:\/\/ortopediagot.net\/Inicio\/wp-json\/wp\/v2\/media\/2762"}],"wp:attachment":[{"href":"https:\/\/ortopediagot.net\/Inicio\/wp-json\/wp\/v2\/media?parent=2760"}],"wp:term":[{"taxonomy":"product_brand","embeddable":true,"href":"https:\/\/ortopediagot.net\/Inicio\/wp-json\/wp\/v2\/product_brand?post=2760"},{"taxonomy":"product_cat","embeddable":true,"href":"https:\/\/ortopediagot.net\/Inicio\/wp-json\/wp\/v2\/product_cat?post=2760"},{"taxonomy":"product_tag","embeddable":true,"href":"https:\/\/ortopediagot.net\/Inicio\/wp-json\/wp\/v2\/product_tag?post=2760"}],"curies":[{"name":"wp","href":"https:\/\/api.w.org\/{rel}","templated":true}]}}