{"id":2768,"date":"2024-06-06T13:07:02","date_gmt":"2024-06-06T12:07:02","guid":{"rendered":"https:\/\/ortopediagot.net\/?post_type=product&#038;p=2768"},"modified":"2024-06-06T13:07:03","modified_gmt":"2024-06-06T12:07:03","slug":"muleta-de-antebrazo","status":"publish","type":"product","link":"https:\/\/ortopediagot.net\/Inicio\/producto\/muleta-de-antebrazo\/","title":{"rendered":"MULETA DE ANTEBRAZO"},"content":{"rendered":"<p>MULETA DE ANTEBRAZO (816109.D, 816109.G)<\/p>\n<div class=\"tsf-campo-acf-titulo tsf-campo-acf-titulo-caracteristicas tsf_campo-acf tsf_caracteristicas\"><strong>Caracter\u00edsticas<\/strong><\/div>\n<div><\/div>\n<div class=\"tsf-campo-acf-valores tsf-campo-acf-valores-caracteristicas tsf_campo-acf tsf_caracteristicas\">Numerosos ajustes permiten un uso universal<br \/>\nNuestra muleta de antebrazo tiene un dise\u00f1o que distribuye su peso sobre todo el antebrazo.<br \/>\nEsta distribuci\u00f3n le permite caminar sin sentir la presi\u00f3n en las manos, en el caso de los bastones est\u00e1ndar.<br \/>\nAdem\u00e1s de su forma, todos los puntos de contacto con el usuario est\u00e1n acolchados con espuma.<br \/>\nAjuste de profundidad entre la mano y el antebrazo (20\/34 cm en incrementos de 1,5 cm), rotaci\u00f3n de la mano. Inclinaci\u00f3n ideal de 30\u00b0 para una buena distribuci\u00f3n.<br \/>\nAltura de la muleta 96 a 121 cm. Adecuado para usuarios que miden entre 150 cm y 190 cm.<br \/>\nPeso 996 gr<br \/>\n2 modelos a elegir: para brazo derecho o izquierdo.<br \/>\nPeso m\u00e1ximo usuario: 100 kg.<\/div>\n<div class=\"tsf-campo-acf-valores tsf-campo-acf-valores-pa_lados tsf_campo-acf tsf_pa_lados\"><\/div>\n","protected":false},"excerpt":{"rendered":"<p>MULETA DE ANTEBRAZO (816109.D, 816109.G) Caracter\u00edsticas Numerosos ajustes permiten un uso universal Nuestra muleta de antebrazo tiene un dise\u00f1o que distribuye su peso sobre todo el antebrazo. Esta distribuci\u00f3n le permite caminar sin sentir la presi\u00f3n en las manos, en el caso de los bastones est\u00e1ndar. Adem\u00e1s de su forma, todos los puntos de contacto [&hellip;]<\/p>\n","protected":false},"featured_media":2769,"comment_status":"open","ping_status":"closed","template":"","meta":{"saved_in_kubio":false},"product_brand":[],"product_cat":[61],"product_tag":[118],"class_list":{"0":"post-2768","1":"product","2":"type-product","3":"status-publish","4":"has-post-thumbnail","6":"product_cat-muletas-movilidad","7":"product_tag-emo","9":"first","10":"instock","11":"shipping-taxable","12":"product-type-simple"},"_links":{"self":[{"href":"https:\/\/ortopediagot.net\/Inicio\/wp-json\/wp\/v2\/product\/2768"}],"collection":[{"href":"https:\/\/ortopediagot.net\/Inicio\/wp-json\/wp\/v2\/product"}],"about":[{"href":"https:\/\/ortopediagot.net\/Inicio\/wp-json\/wp\/v2\/types\/product"}],"replies":[{"embeddable":true,"href":"https:\/\/ortopediagot.net\/Inicio\/wp-json\/wp\/v2\/comments?post=2768"}],"wp:featuredmedia":[{"embeddable":true,"href":"https:\/\/ortopediagot.net\/Inicio\/wp-json\/wp\/v2\/media\/2769"}],"wp:attachment":[{"href":"https:\/\/ortopediagot.net\/Inicio\/wp-json\/wp\/v2\/media?parent=2768"}],"wp:term":[{"taxonomy":"product_brand","embeddable":true,"href":"https:\/\/ortopediagot.net\/Inicio\/wp-json\/wp\/v2\/product_brand?post=2768"},{"taxonomy":"product_cat","embeddable":true,"href":"https:\/\/ortopediagot.net\/Inicio\/wp-json\/wp\/v2\/product_cat?post=2768"},{"taxonomy":"product_tag","embeddable":true,"href":"https:\/\/ortopediagot.net\/Inicio\/wp-json\/wp\/v2\/product_tag?post=2768"}],"curies":[{"name":"wp","href":"https:\/\/api.w.org\/{rel}","templated":true}]}}