{"id":2773,"date":"2024-06-06T13:09:35","date_gmt":"2024-06-06T12:09:35","guid":{"rendered":"https:\/\/ortopediagot.net\/?post_type=product&#038;p=2773"},"modified":"2024-06-06T13:09:35","modified_gmt":"2024-06-06T12:09:35","slug":"muleta-manos-libres-i-walk","status":"publish","type":"product","link":"https:\/\/ortopediagot.net\/Inicio\/producto\/muleta-manos-libres-i-walk\/","title":{"rendered":"MULETA MANOS LIBRES I-WALK"},"content":{"rendered":"<p>MULETA MANOS LIBRES I-WALK (816008)<\/p>\n<div class=\"tsf-campo-acf-titulo tsf-campo-acf-titulo-caracteristicas tsf_campo-acf tsf_caracteristicas\"><strong>Caracter\u00edsticas<\/strong><\/div>\n<div><\/div>\n<div class=\"tsf-campo-acf-valores tsf-campo-acf-valores-caracteristicas tsf_campo-acf tsf_caracteristicas\">Ultra estable y manos libres<br \/>\nMientras que las muletas tradicionales pueden da\u00f1ar las manos y las axilas, nuestra muleta I-Walk de nueva generaci\u00f3n permite aliviar la pierna lesionada, manteniendo las manos libres.<br \/>\nEsto facilita la subida de escaleras o el descenso de pendientes, el uso de ambas manos para las actividades cotidianas, etc. Con I-Walk, los muslos ya no se estresan. Los puntos de contacto est\u00e1n acolchados para mayor comodidad<br \/>\nAltura total ajustable de 65,5 a 96,5 cm. Ancho 17,5 x largo 40,5 cm.<br \/>\nApto para personas de 1,50 a 1,95 m. Circunferencia del muslo m\u00edn. 37,5 \/ m\u00e1x. 71 cm.<br \/>\nPeso max. usuario: 125 kg.<\/div>\n","protected":false},"excerpt":{"rendered":"<p>MULETA MANOS LIBRES I-WALK (816008) Caracter\u00edsticas Ultra estable y manos libres Mientras que las muletas tradicionales pueden da\u00f1ar las manos y las axilas, nuestra muleta I-Walk de nueva generaci\u00f3n permite aliviar la pierna lesionada, manteniendo las manos libres. Esto facilita la subida de escaleras o el descenso de pendientes, el uso de ambas manos para [&hellip;]<\/p>\n","protected":false},"featured_media":2774,"comment_status":"open","ping_status":"closed","template":"","meta":{"saved_in_kubio":false},"product_brand":[],"product_cat":[61],"product_tag":[118],"class_list":{"0":"post-2773","1":"product","2":"type-product","3":"status-publish","4":"has-post-thumbnail","6":"product_cat-muletas-movilidad","7":"product_tag-emo","9":"first","10":"instock","11":"shipping-taxable","12":"product-type-simple"},"_links":{"self":[{"href":"https:\/\/ortopediagot.net\/Inicio\/wp-json\/wp\/v2\/product\/2773"}],"collection":[{"href":"https:\/\/ortopediagot.net\/Inicio\/wp-json\/wp\/v2\/product"}],"about":[{"href":"https:\/\/ortopediagot.net\/Inicio\/wp-json\/wp\/v2\/types\/product"}],"replies":[{"embeddable":true,"href":"https:\/\/ortopediagot.net\/Inicio\/wp-json\/wp\/v2\/comments?post=2773"}],"wp:featuredmedia":[{"embeddable":true,"href":"https:\/\/ortopediagot.net\/Inicio\/wp-json\/wp\/v2\/media\/2774"}],"wp:attachment":[{"href":"https:\/\/ortopediagot.net\/Inicio\/wp-json\/wp\/v2\/media?parent=2773"}],"wp:term":[{"taxonomy":"product_brand","embeddable":true,"href":"https:\/\/ortopediagot.net\/Inicio\/wp-json\/wp\/v2\/product_brand?post=2773"},{"taxonomy":"product_cat","embeddable":true,"href":"https:\/\/ortopediagot.net\/Inicio\/wp-json\/wp\/v2\/product_cat?post=2773"},{"taxonomy":"product_tag","embeddable":true,"href":"https:\/\/ortopediagot.net\/Inicio\/wp-json\/wp\/v2\/product_tag?post=2773"}],"curies":[{"name":"wp","href":"https:\/\/api.w.org\/{rel}","templated":true}]}}