{"id":2782,"date":"2024-06-06T13:23:03","date_gmt":"2024-06-06T12:23:03","guid":{"rendered":"https:\/\/ortopediagot.net\/?post_type=product&#038;p=2782"},"modified":"2024-06-06T13:23:03","modified_gmt":"2024-06-06T12:23:03","slug":"grua-de-elevacion-mallorca-825012","status":"publish","type":"product","link":"https:\/\/ortopediagot.net\/Inicio\/producto\/grua-de-elevacion-mallorca-825012\/","title":{"rendered":"GRUA DE ELEVACION MALLORCA (825012)"},"content":{"rendered":"<div>GRUA DE ELEVACION MALLORCA (825012)<\/div>\n<div><\/div>\n<div class=\"tsf-campo-acf-titulo tsf-campo-acf-titulo-caracteristicas tsf_campo-acf tsf_caracteristicas\"><strong>Caracter\u00edsticas<\/strong><\/div>\n<div><\/div>\n<div class=\"tsf-campo-acf-valores tsf-campo-acf-valores-caracteristicas tsf_campo-acf tsf_caracteristicas\">Gr\u00faa compacta para uso dom\u00e9stico Viene de serie con un arn\u00e9s de tama\u00f1o M<br \/>\nSeparaci\u00f3n manual de las patas por pedal. 4 ruedas: 2 de 75 mm delante y 2 de 100 mm con freno detr\u00e1s.<br \/>\nEquipado con un c\u00f3modo reposamanos doble acolchado. Mando a distancia con soporte.<br \/>\nEstructura de acero.<br \/>\nBater\u00eda DC 24V 5 Ah. Motor DC 24V 8000N. Carga completa 5 horas. Dimensiones: Longitud \u00fatil de las patas 68 cm, total 95 cm.<br \/>\nAnchura de las patas en posici\u00f3n paralela 54 cm, en posici\u00f3n extendida 88 cm.<br \/>\nAltura de las patas 95 mm. Altura de la parte inferior de la pluma mini 69 cm, maxi 171,5 cm.<br \/>\nDimensiones de la pluma: Largo 49,2 cm x ancho 41 cm.<br \/>\nAnchura entre los soportes de las correas: 39 cm.<br \/>\nPeso 40 kg. Cada gr\u00faa se entrega con un arn\u00e9s de talla M como est\u00e1ndar.<br \/>\nPeso m\u00e1ximo de usuario: 150 kg<\/div>\n","protected":false},"excerpt":{"rendered":"<p>GRUA DE ELEVACION MALLORCA (825012) Caracter\u00edsticas Gr\u00faa compacta para uso dom\u00e9stico Viene de serie con un arn\u00e9s de tama\u00f1o M Separaci\u00f3n manual de las patas por pedal. 4 ruedas: 2 de 75 mm delante y 2 de 100 mm con freno detr\u00e1s. Equipado con un c\u00f3modo reposamanos doble acolchado. Mando a distancia con soporte. Estructura [&hellip;]<\/p>\n","protected":false},"featured_media":2783,"comment_status":"open","ping_status":"closed","template":"","meta":{"saved_in_kubio":false},"product_brand":[],"product_cat":[65],"product_tag":[118],"class_list":{"0":"post-2782","1":"product","2":"type-product","3":"status-publish","4":"has-post-thumbnail","6":"product_cat-gruas","7":"product_tag-emo","9":"first","10":"instock","11":"shipping-taxable","12":"product-type-simple"},"_links":{"self":[{"href":"https:\/\/ortopediagot.net\/Inicio\/wp-json\/wp\/v2\/product\/2782"}],"collection":[{"href":"https:\/\/ortopediagot.net\/Inicio\/wp-json\/wp\/v2\/product"}],"about":[{"href":"https:\/\/ortopediagot.net\/Inicio\/wp-json\/wp\/v2\/types\/product"}],"replies":[{"embeddable":true,"href":"https:\/\/ortopediagot.net\/Inicio\/wp-json\/wp\/v2\/comments?post=2782"}],"wp:featuredmedia":[{"embeddable":true,"href":"https:\/\/ortopediagot.net\/Inicio\/wp-json\/wp\/v2\/media\/2783"}],"wp:attachment":[{"href":"https:\/\/ortopediagot.net\/Inicio\/wp-json\/wp\/v2\/media?parent=2782"}],"wp:term":[{"taxonomy":"product_brand","embeddable":true,"href":"https:\/\/ortopediagot.net\/Inicio\/wp-json\/wp\/v2\/product_brand?post=2782"},{"taxonomy":"product_cat","embeddable":true,"href":"https:\/\/ortopediagot.net\/Inicio\/wp-json\/wp\/v2\/product_cat?post=2782"},{"taxonomy":"product_tag","embeddable":true,"href":"https:\/\/ortopediagot.net\/Inicio\/wp-json\/wp\/v2\/product_tag?post=2782"}],"curies":[{"name":"wp","href":"https:\/\/api.w.org\/{rel}","templated":true}]}}