{"id":2793,"date":"2024-06-06T13:43:47","date_gmt":"2024-06-06T12:43:47","guid":{"rendered":"https:\/\/ortopediagot.net\/?post_type=product&#038;p=2793"},"modified":"2024-06-06T13:43:48","modified_gmt":"2024-06-06T12:43:48","slug":"fj270-mumfit-faja-cinturon-embarazo-2","status":"publish","type":"product","link":"https:\/\/ortopediagot.net\/Inicio\/producto\/fj270-mumfit-faja-cinturon-embarazo-2\/","title":{"rendered":"FJ270 MUMFIT FAJA CINTURON EMBARAZO"},"content":{"rendered":"<p>Dolor y molestias lumbares, sacroil\u00edacas o p\u00e9lvicas durante el embarazo.<br \/>\nDebilidad del suelo p\u00e9lvico.<br \/>\nProlapso de \u00f3rganos p\u00e9lvicos (POP).<br \/>\nIncontinencia urinaria de esfuerzo.<\/p>\n<div class=\"tsf-campo-acf-titulo tsf-campo-acf-titulo-caracteristicas tsf_campo-acf tsf_caracteristicas\"><strong>Caracter\u00edsticas<\/strong><\/div>\n<div><\/div>\n<div class=\"tsf-campo-acf-valores tsf-campo-acf-valores-caracteristicas tsf_campo-acf tsf_caracteristicas\">Ortesis cintur\u00f3n sacroil\u00edaco fabricada con tejido el\u00e1stico<br \/>\nIncorpora una cinta el\u00e1stica removible para aumentar su funci\u00f3n de soporte<br \/>\nIncorpora insertos de silicona para evitar su desplazamiento<br \/>\nCierre y ajuste de velcro<br \/>\nLongitud 100 cm<br \/>\nAnchura 8 cm<\/p>\n<\/div>\n<div>\n<div class=\"tsf-campo-acf-titulo tsf-campo-acf-titulo-altura tsf_campo-acf tsf_altura\"><b><i>Altura<\/i><\/b><\/div>\n<div><\/div>\n<div class=\"tsf-campo-acf-valores tsf-campo-acf-valores-altura tsf_campo-acf tsf_altura\">8 CM<\/div>\n<div><\/div>\n<\/div>\n<div class=\"tsf-campo-acf-titulo tsf-campo-acf-titulo-pa_colores tsf_campo-acf tsf_pa_colores\"><b><i>Color<\/i><\/b><\/div>\n<div><\/div>\n<div class=\"tsf-campo-acf-valores tsf-campo-acf-valores-pa_colores tsf_campo-acf tsf_pa_colores\">BEIGE, GRIS<\/div>\n<div><\/div>\n<div class=\"tsf-campo-acf-valores tsf-campo-acf-valores-altura tsf_campo-acf tsf_altura\"><\/div>\n","protected":false},"excerpt":{"rendered":"<p>Dolor y molestias lumbares, sacroil\u00edacas o p\u00e9lvicas durante el embarazo. Debilidad del suelo p\u00e9lvico. Prolapso de \u00f3rganos p\u00e9lvicos (POP). Incontinencia urinaria de esfuerzo. Caracter\u00edsticas Ortesis cintur\u00f3n sacroil\u00edaco fabricada con tejido el\u00e1stico Incorpora una cinta el\u00e1stica removible para aumentar su funci\u00f3n de soporte Incorpora insertos de silicona para evitar su desplazamiento Cierre y ajuste de velcro [&hellip;]<\/p>\n","protected":false},"featured_media":2794,"comment_status":"open","ping_status":"closed","template":"","meta":{"saved_in_kubio":false},"product_brand":[],"product_cat":[93],"product_tag":[118],"class_list":{"0":"post-2793","1":"product","2":"type-product","3":"status-publish","4":"has-post-thumbnail","6":"product_cat-embarazo-y-lactancia","7":"product_tag-emo","9":"first","10":"instock","11":"shipping-taxable","12":"product-type-simple"},"_links":{"self":[{"href":"https:\/\/ortopediagot.net\/Inicio\/wp-json\/wp\/v2\/product\/2793"}],"collection":[{"href":"https:\/\/ortopediagot.net\/Inicio\/wp-json\/wp\/v2\/product"}],"about":[{"href":"https:\/\/ortopediagot.net\/Inicio\/wp-json\/wp\/v2\/types\/product"}],"replies":[{"embeddable":true,"href":"https:\/\/ortopediagot.net\/Inicio\/wp-json\/wp\/v2\/comments?post=2793"}],"wp:featuredmedia":[{"embeddable":true,"href":"https:\/\/ortopediagot.net\/Inicio\/wp-json\/wp\/v2\/media\/2794"}],"wp:attachment":[{"href":"https:\/\/ortopediagot.net\/Inicio\/wp-json\/wp\/v2\/media?parent=2793"}],"wp:term":[{"taxonomy":"product_brand","embeddable":true,"href":"https:\/\/ortopediagot.net\/Inicio\/wp-json\/wp\/v2\/product_brand?post=2793"},{"taxonomy":"product_cat","embeddable":true,"href":"https:\/\/ortopediagot.net\/Inicio\/wp-json\/wp\/v2\/product_cat?post=2793"},{"taxonomy":"product_tag","embeddable":true,"href":"https:\/\/ortopediagot.net\/Inicio\/wp-json\/wp\/v2\/product_tag?post=2793"}],"curies":[{"name":"wp","href":"https:\/\/api.w.org\/{rel}","templated":true}]}}