{"id":2800,"date":"2024-06-06T13:49:45","date_gmt":"2024-06-06T12:49:45","guid":{"rendered":"https:\/\/ortopediagot.net\/?post_type=product&#038;p=2800"},"modified":"2024-06-06T13:49:46","modified_gmt":"2024-06-06T12:49:46","slug":"cue45-cubre-escayolas-medio-brazo-45-cm","status":"publish","type":"product","link":"https:\/\/ortopediagot.net\/Inicio\/producto\/cue45-cubre-escayolas-medio-brazo-45-cm\/","title":{"rendered":"CUE45 CUBRE ESCAYOLAS MEDIO BRAZO 45 CM"},"content":{"rendered":"<p>CUE45 CUBRE ESCAYOLAS MEDIO BRAZO 45 CM<\/p>\n<p>Protege del agua la escayola o vendaje aumentando su vida \u00fatil<br \/>\nMantiene seca la zona donde se aplica<\/p>\n<div class=\"tsf-campo-acf-titulo tsf-campo-acf-titulo-caracteristicas tsf_campo-acf tsf_caracteristicas\"><strong>Caracter\u00edsticas<\/strong><\/div>\n<div><\/div>\n<div class=\"tsf-campo-acf-valores tsf-campo-acf-valores-caracteristicas tsf_campo-acf tsf_caracteristicas\">Protector de escayola y vendajes para ducha<br \/>\nImpermeable<br \/>\nMaterial reutilizable<br \/>\nSin costuras<br \/>\nCierre mediante el\u00e1stico<br \/>\nBilateral<br \/>\nLavable<\/div>\n","protected":false},"excerpt":{"rendered":"<p>CUE45 CUBRE ESCAYOLAS MEDIO BRAZO 45 CM Protege del agua la escayola o vendaje aumentando su vida \u00fatil Mantiene seca la zona donde se aplica Caracter\u00edsticas Protector de escayola y vendajes para ducha Impermeable Material reutilizable Sin costuras Cierre mediante el\u00e1stico Bilateral Lavable<\/p>\n","protected":false},"featured_media":2801,"comment_status":"open","ping_status":"closed","template":"","meta":{"saved_in_kubio":false},"product_brand":[],"product_cat":[96],"product_tag":[118],"class_list":{"0":"post-2800","1":"product","2":"type-product","3":"status-publish","4":"has-post-thumbnail","6":"product_cat-cubre-escayola","7":"product_tag-emo","9":"first","10":"instock","11":"shipping-taxable","12":"product-type-simple"},"_links":{"self":[{"href":"https:\/\/ortopediagot.net\/Inicio\/wp-json\/wp\/v2\/product\/2800"}],"collection":[{"href":"https:\/\/ortopediagot.net\/Inicio\/wp-json\/wp\/v2\/product"}],"about":[{"href":"https:\/\/ortopediagot.net\/Inicio\/wp-json\/wp\/v2\/types\/product"}],"replies":[{"embeddable":true,"href":"https:\/\/ortopediagot.net\/Inicio\/wp-json\/wp\/v2\/comments?post=2800"}],"wp:featuredmedia":[{"embeddable":true,"href":"https:\/\/ortopediagot.net\/Inicio\/wp-json\/wp\/v2\/media\/2801"}],"wp:attachment":[{"href":"https:\/\/ortopediagot.net\/Inicio\/wp-json\/wp\/v2\/media?parent=2800"}],"wp:term":[{"taxonomy":"product_brand","embeddable":true,"href":"https:\/\/ortopediagot.net\/Inicio\/wp-json\/wp\/v2\/product_brand?post=2800"},{"taxonomy":"product_cat","embeddable":true,"href":"https:\/\/ortopediagot.net\/Inicio\/wp-json\/wp\/v2\/product_cat?post=2800"},{"taxonomy":"product_tag","embeddable":true,"href":"https:\/\/ortopediagot.net\/Inicio\/wp-json\/wp\/v2\/product_tag?post=2800"}],"curies":[{"name":"wp","href":"https:\/\/api.w.org\/{rel}","templated":true}]}}