{"id":2806,"date":"2024-06-06T13:57:08","date_gmt":"2024-06-06T12:57:08","guid":{"rendered":"https:\/\/ortopediagot.net\/?post_type=product&#038;p=2806"},"modified":"2024-06-06T13:57:09","modified_gmt":"2024-06-06T12:57:09","slug":"protector-de-antebrazo-55-cm","status":"publish","type":"product","link":"https:\/\/ortopediagot.net\/Inicio\/producto\/protector-de-antebrazo-55-cm\/","title":{"rendered":"PROTECTOR DE ANTEBRAZO 55 CM"},"content":{"rendered":"<div>PROTECTOR DE ANTEBRAZO 55 CM (115011)<\/div>\n<div><\/div>\n<div class=\"tsf-campo-acf-titulo tsf-campo-acf-titulo-caracteristicas tsf_campo-acf tsf_caracteristicas\"><strong>Caracter\u00edsticas<\/strong><\/div>\n<div><\/div>\n<div class=\"tsf-campo-acf-valores tsf-campo-acf-valores-caracteristicas tsf_campo-acf tsf_caracteristicas\">Protecci\u00f3n de yeso impermeable muy f\u00e1cil de colocar.<br \/>\nConsiste en un extremo con un sello de silicona que se adapta a la piel sin tirar y una cubierta de polipropileno flexible impermeable que permite utilizar la mano.<br \/>\nProducto reutilizable y muy duradero.<br \/>\nLongitud 55 cm.<\/div>\n","protected":false},"excerpt":{"rendered":"<p>PROTECTOR DE ANTEBRAZO 55 CM (115011) Caracter\u00edsticas Protecci\u00f3n de yeso impermeable muy f\u00e1cil de colocar. Consiste en un extremo con un sello de silicona que se adapta a la piel sin tirar y una cubierta de polipropileno flexible impermeable que permite utilizar la mano. Producto reutilizable y muy duradero. Longitud 55 cm.<\/p>\n","protected":false},"featured_media":2807,"comment_status":"open","ping_status":"closed","template":"","meta":{"saved_in_kubio":false},"product_brand":[],"product_cat":[96],"product_tag":[118],"class_list":{"0":"post-2806","1":"product","2":"type-product","3":"status-publish","4":"has-post-thumbnail","6":"product_cat-cubre-escayola","7":"product_tag-emo","9":"first","10":"instock","11":"shipping-taxable","12":"product-type-simple"},"_links":{"self":[{"href":"https:\/\/ortopediagot.net\/Inicio\/wp-json\/wp\/v2\/product\/2806"}],"collection":[{"href":"https:\/\/ortopediagot.net\/Inicio\/wp-json\/wp\/v2\/product"}],"about":[{"href":"https:\/\/ortopediagot.net\/Inicio\/wp-json\/wp\/v2\/types\/product"}],"replies":[{"embeddable":true,"href":"https:\/\/ortopediagot.net\/Inicio\/wp-json\/wp\/v2\/comments?post=2806"}],"wp:featuredmedia":[{"embeddable":true,"href":"https:\/\/ortopediagot.net\/Inicio\/wp-json\/wp\/v2\/media\/2807"}],"wp:attachment":[{"href":"https:\/\/ortopediagot.net\/Inicio\/wp-json\/wp\/v2\/media?parent=2806"}],"wp:term":[{"taxonomy":"product_brand","embeddable":true,"href":"https:\/\/ortopediagot.net\/Inicio\/wp-json\/wp\/v2\/product_brand?post=2806"},{"taxonomy":"product_cat","embeddable":true,"href":"https:\/\/ortopediagot.net\/Inicio\/wp-json\/wp\/v2\/product_cat?post=2806"},{"taxonomy":"product_tag","embeddable":true,"href":"https:\/\/ortopediagot.net\/Inicio\/wp-json\/wp\/v2\/product_tag?post=2806"}],"curies":[{"name":"wp","href":"https:\/\/api.w.org\/{rel}","templated":true}]}}