{"id":2813,"date":"2024-06-06T17:19:24","date_gmt":"2024-06-06T16:19:24","guid":{"rendered":"https:\/\/ortopediagot.net\/?post_type=product&#038;p=2813"},"modified":"2024-06-06T17:19:25","modified_gmt":"2024-06-06T16:19:25","slug":"sillon-elevador-zero-g-3-motores","status":"publish","type":"product","link":"https:\/\/ortopediagot.net\/Inicio\/producto\/sillon-elevador-zero-g-3-motores\/","title":{"rendered":"SILLON ELEVADOR ZERO G 3 MOTORES"},"content":{"rendered":"<p>SILLON ELEVADOR ZERO G 3 MOTORES (821084, 821085)<\/p>\n<div class=\"tsf-campo-acf-titulo tsf-campo-acf-titulo-caracteristicas tsf_campo-acf tsf_caracteristicas\"><strong>Caracter\u00edsticas<\/strong><\/div>\n<div><\/div>\n<p>&#8211; Una nueva tecnolog\u00eda al servicio de su comodidad<\/p>\n<p>&#8211; Cubierta desmontable para mejor limpieza<br \/>\nNuestra sill\u00f3 elevador Zero G tiene un nuevo sistema, de gravedad cero. Este sistema permite que todo el asiento se incline suavemente hacia atr\u00e1s, poni\u00e9ndole en una posici\u00f3n ultra c\u00f3moda con muchos menos puntos de presi\u00f3n.<br \/>\nToda la parte de microfibra es extra\u00edble. Puede introducir el tejido de microfibra directamente en la lavadora para limpiarla. Esta parte se fija a la estructura mediante velcro.<\/p>\n<p>Dimensiones generales: ancho 76 x profundidad 98 x altura 113 cm. Peso 58 kg.<br \/>\nMedidas del asiento: anchura 50 x profundidad 50 x altura 53 cm.<br \/>\n2 colores a elegir: imitaci\u00f3n beige \/ microfibra chocolate, o<br \/>\nimitaci\u00f3n gris \/ microfibra antracita . Modelo de 3 motores Okin permite relajarse incluso en<br \/>\nposici\u00f3n sentada o semisentada.<\/p>\n<div class=\"tsf-campo-acf-titulo tsf-campo-acf-titulo-pa_colores tsf_campo-acf tsf_pa_colores\"><b><i>Color<\/i><\/b><\/div>\n<div><\/div>\n<div class=\"tsf-campo-acf-valores tsf-campo-acf-valores-pa_colores tsf_campo-acf tsf_pa_colores\">BEIGE\/CHOCOLATE, GRIS<\/div>\n","protected":false},"excerpt":{"rendered":"<p>SILLON ELEVADOR ZERO G 3 MOTORES (821084, 821085) Caracter\u00edsticas &#8211; Una nueva tecnolog\u00eda al servicio de su comodidad &#8211; Cubierta desmontable para mejor limpieza Nuestra sill\u00f3 elevador Zero G tiene un nuevo sistema, de gravedad cero. Este sistema permite que todo el asiento se incline suavemente hacia atr\u00e1s, poni\u00e9ndole en una posici\u00f3n ultra c\u00f3moda con [&hellip;]<\/p>\n","protected":false},"featured_media":2814,"comment_status":"open","ping_status":"closed","template":"","meta":{"saved_in_kubio":false},"product_brand":[],"product_cat":[68],"product_tag":[118],"class_list":{"0":"post-2813","1":"product","2":"type-product","3":"status-publish","4":"has-post-thumbnail","6":"product_cat-sillones","7":"product_tag-emo","9":"first","10":"instock","11":"shipping-taxable","12":"product-type-simple"},"_links":{"self":[{"href":"https:\/\/ortopediagot.net\/Inicio\/wp-json\/wp\/v2\/product\/2813"}],"collection":[{"href":"https:\/\/ortopediagot.net\/Inicio\/wp-json\/wp\/v2\/product"}],"about":[{"href":"https:\/\/ortopediagot.net\/Inicio\/wp-json\/wp\/v2\/types\/product"}],"replies":[{"embeddable":true,"href":"https:\/\/ortopediagot.net\/Inicio\/wp-json\/wp\/v2\/comments?post=2813"}],"wp:featuredmedia":[{"embeddable":true,"href":"https:\/\/ortopediagot.net\/Inicio\/wp-json\/wp\/v2\/media\/2814"}],"wp:attachment":[{"href":"https:\/\/ortopediagot.net\/Inicio\/wp-json\/wp\/v2\/media?parent=2813"}],"wp:term":[{"taxonomy":"product_brand","embeddable":true,"href":"https:\/\/ortopediagot.net\/Inicio\/wp-json\/wp\/v2\/product_brand?post=2813"},{"taxonomy":"product_cat","embeddable":true,"href":"https:\/\/ortopediagot.net\/Inicio\/wp-json\/wp\/v2\/product_cat?post=2813"},{"taxonomy":"product_tag","embeddable":true,"href":"https:\/\/ortopediagot.net\/Inicio\/wp-json\/wp\/v2\/product_tag?post=2813"}],"curies":[{"name":"wp","href":"https:\/\/api.w.org\/{rel}","templated":true}]}}