{"id":2816,"date":"2024-06-06T17:22:32","date_gmt":"2024-06-06T16:22:32","guid":{"rendered":"https:\/\/ortopediagot.net\/?post_type=product&#038;p=2816"},"modified":"2024-06-06T17:22:33","modified_gmt":"2024-06-06T16:22:33","slug":"sillon-elevador-myst","status":"publish","type":"product","link":"https:\/\/ortopediagot.net\/Inicio\/producto\/sillon-elevador-myst\/","title":{"rendered":"SILL\u00d3N ELEVADOR MYST"},"content":{"rendered":"<p>SILL\u00d3N ELEVADOR MYST (821160.CUIR, 821160.TISSU)<\/p>\n<div class=\"tsf-campo-acf-titulo tsf-campo-acf-titulo-caracteristicas tsf_campo-acf tsf_caracteristicas\"><strong>Caracter\u00edsticas<\/strong><\/div>\n<div><\/div>\n<div class=\"tsf-campo-acf-valores tsf-campo-acf-valores-caracteristicas tsf_campo-acf tsf_caracteristicas\">&#8211; Sill\u00f3n de 2 motores<br \/>\n&#8211; Dise\u00f1o elegante que ahorra espacio<br \/>\n&#8211; Estructura pivotante de 330\u00ba<br \/>\n&#8211; Reposacabezas ajustable hacia delante y hacia atr\u00e1s<br \/>\n&#8211; Mando lateral integrado<br \/>\nNuestro sill\u00f3n elevador quedar\u00e1 genial en cualquier hogar, con su dise\u00f1o distintivo y sus caracter\u00edsticas de primera calidad. Tiene 2 motores: uno para elevarse y relajarse, y el segundo para ajustar el respaldo. El sill\u00f3n puede girar 330\u00b0 cuando est\u00e1 en posici\u00f3n sentada o reclinada, pero se bloquea en l\u00ednea recta cuando empieza a elevarse.<br \/>\nFunci\u00f3n de elevaci\u00f3n con extensi\u00f3n progresiva del reposa piernas, funci\u00f3n relax con diferentes inclinaciones. Ajuste manual del reposacabezas. Pr\u00e1ctico mando lateral integrado con toma USB.<br \/>\nSu forma envolvente garantiza un excelente soporte de la espalda y un confort excepcional. Base redonda cromada.<br \/>\nOpci\u00f3n de bater\u00eda: la silla se suministra con un enchufe de red. Es compatible con la opci\u00f3n de bater\u00eda, disponible por separado. Esta bater\u00eda la hace aut\u00f3noma, simplemente coloc\u00e1ndola en la parte trasera de la silla.<br \/>\n2 revestimientos a elegir :<br \/>\nTejido beige de alta calidad resistente a la abrasi\u00f3n.<br \/>\nCuero + TPU en macchiato (cuero en todas las superficies de contacto: respaldo, asiento y reposabrazos).<br \/>\nDimensiones totales: Anchura 80 x Profundidad 89 x Altura 113 cm. Peso: 59 kg.<br \/>\nDimensiones del asiento: anchura 51 x profundidad 51 x altura 51 cm.<br \/>\nPeso m\u00e1ximo usuario: 130 kg.<\/div>\n<div class=\"tsf-campo-acf-titulo tsf-campo-acf-titulo-pa_colores tsf_campo-acf tsf_pa_colores\"><\/div>\n<div><strong>Color<\/strong><\/div>\n<div><\/div>\n<div class=\"tsf-campo-acf-valores tsf-campo-acf-valores-pa_colores tsf_campo-acf tsf_pa_colores\">CUERO, TEJIDO GRIS<\/div>\n","protected":false},"excerpt":{"rendered":"<p>SILL\u00d3N ELEVADOR MYST (821160.CUIR, 821160.TISSU) Caracter\u00edsticas &#8211; Sill\u00f3n de 2 motores &#8211; Dise\u00f1o elegante que ahorra espacio &#8211; Estructura pivotante de 330\u00ba &#8211; Reposacabezas ajustable hacia delante y hacia atr\u00e1s &#8211; Mando lateral integrado Nuestro sill\u00f3n elevador quedar\u00e1 genial en cualquier hogar, con su dise\u00f1o distintivo y sus caracter\u00edsticas de primera calidad. Tiene 2 motores: [&hellip;]<\/p>\n","protected":false},"featured_media":2817,"comment_status":"open","ping_status":"closed","template":"","meta":{"saved_in_kubio":false},"product_brand":[],"product_cat":[68],"product_tag":[118],"class_list":{"0":"post-2816","1":"product","2":"type-product","3":"status-publish","4":"has-post-thumbnail","6":"product_cat-sillones","7":"product_tag-emo","9":"first","10":"instock","11":"shipping-taxable","12":"product-type-simple"},"_links":{"self":[{"href":"https:\/\/ortopediagot.net\/Inicio\/wp-json\/wp\/v2\/product\/2816"}],"collection":[{"href":"https:\/\/ortopediagot.net\/Inicio\/wp-json\/wp\/v2\/product"}],"about":[{"href":"https:\/\/ortopediagot.net\/Inicio\/wp-json\/wp\/v2\/types\/product"}],"replies":[{"embeddable":true,"href":"https:\/\/ortopediagot.net\/Inicio\/wp-json\/wp\/v2\/comments?post=2816"}],"wp:featuredmedia":[{"embeddable":true,"href":"https:\/\/ortopediagot.net\/Inicio\/wp-json\/wp\/v2\/media\/2817"}],"wp:attachment":[{"href":"https:\/\/ortopediagot.net\/Inicio\/wp-json\/wp\/v2\/media?parent=2816"}],"wp:term":[{"taxonomy":"product_brand","embeddable":true,"href":"https:\/\/ortopediagot.net\/Inicio\/wp-json\/wp\/v2\/product_brand?post=2816"},{"taxonomy":"product_cat","embeddable":true,"href":"https:\/\/ortopediagot.net\/Inicio\/wp-json\/wp\/v2\/product_cat?post=2816"},{"taxonomy":"product_tag","embeddable":true,"href":"https:\/\/ortopediagot.net\/Inicio\/wp-json\/wp\/v2\/product_tag?post=2816"}],"curies":[{"name":"wp","href":"https:\/\/api.w.org\/{rel}","templated":true}]}}