{"id":2827,"date":"2024-06-06T17:29:40","date_gmt":"2024-06-06T16:29:40","guid":{"rendered":"https:\/\/ortopediagot.net\/?post_type=product&#038;p=2827"},"modified":"2024-06-06T17:29:41","modified_gmt":"2024-06-06T16:29:41","slug":"sillon-relax-bellagio","status":"publish","type":"product","link":"https:\/\/ortopediagot.net\/Inicio\/producto\/sillon-relax-bellagio\/","title":{"rendered":"SILL\u00d3N RELAX BELLAGIO"},"content":{"rendered":"<p>SILL\u00d3N RELAX BELLAGIO (821156.MICRO, 821156.TISSU)<\/p>\n<div class=\"tsf-campo-acf-titulo tsf-campo-acf-titulo-caracteristicas tsf_campo-acf tsf_caracteristicas\"><strong>Caracter\u00edsticas<\/strong><\/div>\n<div><\/div>\n<div class=\"tsf-campo-acf-valores tsf-campo-acf-valores-caracteristicas tsf_campo-acf tsf_caracteristicas\">&#8211; Un dise\u00f1o para 3 posibilidades: sill\u00f3n reclinable, elevador de 1 motor y elevador de 2 motores<br \/>\n&#8211; Motores Okin de alta calidad<br \/>\nNuestro nuevo sill\u00f3n Bellagio tiene un dise\u00f1o muy contempor\u00e1neo de estilo n\u00f3rdico. Se adaptar\u00e1 perfectamente a su interior, con 2 tipos de tapicer\u00eda a elegir: tela gris jaspeada o microfibra antracita petr\u00f3leo.<br \/>\nEstructura de madera con armaz\u00f3n met\u00e1lico. Densidad de la espuma 22 kg\/m3. Dimensiones totales: ancho 72 x fondo 86,5\/150 x alto. 104 cm. Dimensiones del asiento: ancho 53 x fondo 51 x alto. 47,5 cm. Altura de los reposabrazos: 14 cm.<br \/>\nInclinaci\u00f3n del respaldo de 90\u00b0 a 135\u00b0.<br \/>\nPeso m\u00e1ximo usuario: 136 kg. Reclinable: modelo no motorizado con funci\u00f3n de reclinado mec\u00e1nico. Inclinando el respaldo hacia atr\u00e1s se eleva el reposapiernas.<\/div>\n<div class=\"tsf-campo-acf-titulo tsf-campo-acf-titulo-pa_colores tsf_campo-acf tsf_pa_colores\"><\/div>\n<div><strong>Color<\/strong><\/div>\n<div><\/div>\n<div class=\"tsf-campo-acf-valores tsf-campo-acf-valores-pa_colores tsf_campo-acf tsf_pa_colores\">MICROFIBRA TOPO, TEJIDO GRIS<\/div>\n","protected":false},"excerpt":{"rendered":"<p>SILL\u00d3N RELAX BELLAGIO (821156.MICRO, 821156.TISSU) Caracter\u00edsticas &#8211; Un dise\u00f1o para 3 posibilidades: sill\u00f3n reclinable, elevador de 1 motor y elevador de 2 motores &#8211; Motores Okin de alta calidad Nuestro nuevo sill\u00f3n Bellagio tiene un dise\u00f1o muy contempor\u00e1neo de estilo n\u00f3rdico. Se adaptar\u00e1 perfectamente a su interior, con 2 tipos de tapicer\u00eda a elegir: tela [&hellip;]<\/p>\n","protected":false},"featured_media":2828,"comment_status":"open","ping_status":"closed","template":"","meta":{"saved_in_kubio":false},"product_brand":[],"product_cat":[68],"product_tag":[118],"class_list":{"0":"post-2827","1":"product","2":"type-product","3":"status-publish","4":"has-post-thumbnail","6":"product_cat-sillones","7":"product_tag-emo","9":"first","10":"instock","11":"shipping-taxable","12":"product-type-simple"},"_links":{"self":[{"href":"https:\/\/ortopediagot.net\/Inicio\/wp-json\/wp\/v2\/product\/2827"}],"collection":[{"href":"https:\/\/ortopediagot.net\/Inicio\/wp-json\/wp\/v2\/product"}],"about":[{"href":"https:\/\/ortopediagot.net\/Inicio\/wp-json\/wp\/v2\/types\/product"}],"replies":[{"embeddable":true,"href":"https:\/\/ortopediagot.net\/Inicio\/wp-json\/wp\/v2\/comments?post=2827"}],"wp:featuredmedia":[{"embeddable":true,"href":"https:\/\/ortopediagot.net\/Inicio\/wp-json\/wp\/v2\/media\/2828"}],"wp:attachment":[{"href":"https:\/\/ortopediagot.net\/Inicio\/wp-json\/wp\/v2\/media?parent=2827"}],"wp:term":[{"taxonomy":"product_brand","embeddable":true,"href":"https:\/\/ortopediagot.net\/Inicio\/wp-json\/wp\/v2\/product_brand?post=2827"},{"taxonomy":"product_cat","embeddable":true,"href":"https:\/\/ortopediagot.net\/Inicio\/wp-json\/wp\/v2\/product_cat?post=2827"},{"taxonomy":"product_tag","embeddable":true,"href":"https:\/\/ortopediagot.net\/Inicio\/wp-json\/wp\/v2\/product_tag?post=2827"}],"curies":[{"name":"wp","href":"https:\/\/api.w.org\/{rel}","templated":true}]}}