{"id":2835,"date":"2024-06-06T17:33:18","date_gmt":"2024-06-06T16:33:18","guid":{"rendered":"https:\/\/ortopediagot.net\/?post_type=product&#038;p=2835"},"modified":"2024-06-06T17:33:19","modified_gmt":"2024-06-06T16:33:19","slug":"sillon-elevador-renaissance-2-motores","status":"publish","type":"product","link":"https:\/\/ortopediagot.net\/Inicio\/producto\/sillon-elevador-renaissance-2-motores\/","title":{"rendered":"SILLON ELEVADOR RENAISSANCE 2 MOTORES"},"content":{"rendered":"<p>SILLON ELEVADOR RENAISSANCE 2 MOTORES (821059.CHOC, 821059.GRIS, 821059.TAUPE)<\/p>\n<div class=\"tsf-campo-acf-titulo tsf-campo-acf-titulo-caracteristicas tsf_campo-acf tsf_caracteristicas\"><strong>Caracter\u00edsticas<\/strong><\/div>\n<div><\/div>\n<div class=\"tsf-campo-acf-valores tsf-campo-acf-valores-caracteristicas tsf_campo-acf tsf_caracteristicas\">Elecci\u00f3n de 1 o 2 motores<br \/>\nMovimiento suave y lineal<br \/>\nEl sill\u00f3n Renaissance le permite levantarse suavemente, gracias a su movimiento suave y tranquilizador.<br \/>\nLa diferencia entre el modelo de 1 motor y 2 motores es que se puede actuar independientemente sobre el respaldo y el reposapi\u00e9s con los 2 motores.<br \/>\nLa posici\u00f3n de relax es casi totalmente acostado.<br \/>\nGracias a su sistema de traslaci\u00f3n del asiento, hay muy poco espacio entre el respaldo y el asiento en posici\u00f3n reclinada, lo que garantiza un confort \u00f3ptimo.<br \/>\nReposabrazos de espuma de PU densidad D18 dureza 70, reposapi\u00e9s de espuma de PU densidad D24 dureza 50, asiento de espuma de PU densidad D18 dureza 70 + base de resorte de espuma. Respaldo de fibra de poli\u00e9ster hueco para un confort suave.<br \/>\nDimensiones totales: Ancho 84 x Profundidad 92 \/ 173 x Altura 113 \/ 86 cm.<br \/>\nPeso 42 o 43 kg.<br \/>\nMedidas del asiento: anchura 52 x profundidad 50 x altura 50 cm.<br \/>\nAltura del respaldo 69 cm. Disponible en 3 acabados: imitaci\u00f3n cuero chocolate, microfibra color topo o tejido gris.<br \/>\nPeso m\u00e1ximo usuario: 110 kg.<\/div>\n<div class=\"tsf-campo-acf-titulo tsf-campo-acf-titulo-pa_colores tsf_campo-acf tsf_pa_colores\"><\/div>\n<div><strong>Color<\/strong><\/div>\n<div><\/div>\n<div class=\"tsf-campo-acf-valores tsf-campo-acf-valores-pa_colores tsf_campo-acf tsf_pa_colores\">CUERO CHOCOLATE, MICROFIBRA TOPO, TEJIDO GRIS<\/div>\n","protected":false},"excerpt":{"rendered":"<p>SILLON ELEVADOR RENAISSANCE 2 MOTORES (821059.CHOC, 821059.GRIS, 821059.TAUPE) Caracter\u00edsticas Elecci\u00f3n de 1 o 2 motores Movimiento suave y lineal El sill\u00f3n Renaissance le permite levantarse suavemente, gracias a su movimiento suave y tranquilizador. La diferencia entre el modelo de 1 motor y 2 motores es que se puede actuar independientemente sobre el respaldo y el [&hellip;]<\/p>\n","protected":false},"featured_media":2836,"comment_status":"open","ping_status":"closed","template":"","meta":{"saved_in_kubio":false},"product_brand":[],"product_cat":[68],"product_tag":[118],"class_list":{"0":"post-2835","1":"product","2":"type-product","3":"status-publish","4":"has-post-thumbnail","6":"product_cat-sillones","7":"product_tag-emo","9":"first","10":"instock","11":"shipping-taxable","12":"product-type-simple"},"_links":{"self":[{"href":"https:\/\/ortopediagot.net\/Inicio\/wp-json\/wp\/v2\/product\/2835"}],"collection":[{"href":"https:\/\/ortopediagot.net\/Inicio\/wp-json\/wp\/v2\/product"}],"about":[{"href":"https:\/\/ortopediagot.net\/Inicio\/wp-json\/wp\/v2\/types\/product"}],"replies":[{"embeddable":true,"href":"https:\/\/ortopediagot.net\/Inicio\/wp-json\/wp\/v2\/comments?post=2835"}],"wp:featuredmedia":[{"embeddable":true,"href":"https:\/\/ortopediagot.net\/Inicio\/wp-json\/wp\/v2\/media\/2836"}],"wp:attachment":[{"href":"https:\/\/ortopediagot.net\/Inicio\/wp-json\/wp\/v2\/media?parent=2835"}],"wp:term":[{"taxonomy":"product_brand","embeddable":true,"href":"https:\/\/ortopediagot.net\/Inicio\/wp-json\/wp\/v2\/product_brand?post=2835"},{"taxonomy":"product_cat","embeddable":true,"href":"https:\/\/ortopediagot.net\/Inicio\/wp-json\/wp\/v2\/product_cat?post=2835"},{"taxonomy":"product_tag","embeddable":true,"href":"https:\/\/ortopediagot.net\/Inicio\/wp-json\/wp\/v2\/product_tag?post=2835"}],"curies":[{"name":"wp","href":"https:\/\/api.w.org\/{rel}","templated":true}]}}