{"id":2842,"date":"2024-06-06T18:05:42","date_gmt":"2024-06-06T17:05:42","guid":{"rendered":"https:\/\/ortopediagot.net\/?post_type=product&#038;p=2842"},"modified":"2024-06-06T18:05:43","modified_gmt":"2024-06-06T17:05:43","slug":"manta-lastrada","status":"publish","type":"product","link":"https:\/\/ortopediagot.net\/Inicio\/producto\/manta-lastrada\/","title":{"rendered":"MANTA LASTRADA"},"content":{"rendered":"<p>MANTA LASTRADA (842051)<\/p>\n<div class=\"tsf-campo-acf-titulo tsf-campo-acf-titulo-caracteristicas tsf_campo-acf tsf_caracteristicas\"><strong>Caracter\u00edsticas<\/strong><\/div>\n<div><\/div>\n<div class=\"tsf-campo-acf-valores tsf-campo-acf-valores-caracteristicas tsf_campo-acf tsf_caracteristicas\">El principio es a\u00f1adir una masa y una presi\u00f3n distribuidas uniformemente en el cuerpo para calmar el sue\u00f1o y reducir los excesos de nervios. Las noches ser\u00e1n m\u00e1s serenas. Hecho de microesferas de vidrio. Se puede lavar a m\u00e1quina a 30\u00b0C.<br \/>\nDimensiones: 170 x 120 cm. Peso 5,5 kg. Color gris.<\/div>\n","protected":false},"excerpt":{"rendered":"<p>MANTA LASTRADA (842051) Caracter\u00edsticas El principio es a\u00f1adir una masa y una presi\u00f3n distribuidas uniformemente en el cuerpo para calmar el sue\u00f1o y reducir los excesos de nervios. Las noches ser\u00e1n m\u00e1s serenas. Hecho de microesferas de vidrio. Se puede lavar a m\u00e1quina a 30\u00b0C. Dimensiones: 170 x 120 cm. Peso 5,5 kg. Color gris.<\/p>\n","protected":false},"featured_media":2843,"comment_status":"open","ping_status":"closed","template":"","meta":{"saved_in_kubio":false},"product_brand":[],"product_cat":[70],"product_tag":[118],"class_list":{"0":"post-2842","1":"product","2":"type-product","3":"status-publish","4":"has-post-thumbnail","6":"product_cat-mantas-y-almohadillas","7":"product_tag-emo","9":"first","10":"instock","11":"shipping-taxable","12":"product-type-simple"},"_links":{"self":[{"href":"https:\/\/ortopediagot.net\/Inicio\/wp-json\/wp\/v2\/product\/2842"}],"collection":[{"href":"https:\/\/ortopediagot.net\/Inicio\/wp-json\/wp\/v2\/product"}],"about":[{"href":"https:\/\/ortopediagot.net\/Inicio\/wp-json\/wp\/v2\/types\/product"}],"replies":[{"embeddable":true,"href":"https:\/\/ortopediagot.net\/Inicio\/wp-json\/wp\/v2\/comments?post=2842"}],"wp:featuredmedia":[{"embeddable":true,"href":"https:\/\/ortopediagot.net\/Inicio\/wp-json\/wp\/v2\/media\/2843"}],"wp:attachment":[{"href":"https:\/\/ortopediagot.net\/Inicio\/wp-json\/wp\/v2\/media?parent=2842"}],"wp:term":[{"taxonomy":"product_brand","embeddable":true,"href":"https:\/\/ortopediagot.net\/Inicio\/wp-json\/wp\/v2\/product_brand?post=2842"},{"taxonomy":"product_cat","embeddable":true,"href":"https:\/\/ortopediagot.net\/Inicio\/wp-json\/wp\/v2\/product_cat?post=2842"},{"taxonomy":"product_tag","embeddable":true,"href":"https:\/\/ortopediagot.net\/Inicio\/wp-json\/wp\/v2\/product_tag?post=2842"}],"curies":[{"name":"wp","href":"https:\/\/api.w.org\/{rel}","templated":true}]}}