{"id":2845,"date":"2024-06-06T18:08:41","date_gmt":"2024-06-06T17:08:41","guid":{"rendered":"https:\/\/ortopediagot.net\/?post_type=product&#038;p=2845"},"modified":"2024-06-06T18:08:42","modified_gmt":"2024-06-06T17:08:42","slug":"manta-lastrada-2","status":"publish","type":"product","link":"https:\/\/ortopediagot.net\/Inicio\/producto\/manta-lastrada-2\/","title":{"rendered":"MANTA LASTRADA"},"content":{"rendered":"<p>MANTA LASTRADA (842052)<\/p>\n<div class=\"tsf-campo-acf-titulo tsf-campo-acf-titulo-caracteristicas tsf_campo-acf tsf_caracteristicas\"><strong>Caracter\u00edsticas<\/strong><\/div>\n<div><\/div>\n<div class=\"tsf-campo-acf-valores tsf-campo-acf-valores-caracteristicas tsf_campo-acf tsf_caracteristicas\">La manta lastrada alivia y descansa, trae confort y seguridad. Reduce la tensi\u00f3n y permite un mejor sue\u00f1o. Ideal para pacientes inquietos.<br \/>\nManta impermeable lastrada por lianas de fibra de poli\u00e9ster, est\u00e1 cubierta por una funda con cremallera desmontable hecha de una microesponja de bamb\u00fa muy suave y c\u00f3moda. 1 lado bouclette 1 lado terciopelo.<br \/>\nLavado a m\u00e1quina a 60\u00b0C.<br \/>\nDimensiones: 120 x 140 cm.<br \/>\nPeso : 5 kg<\/div>\n","protected":false},"excerpt":{"rendered":"<p>MANTA LASTRADA (842052) Caracter\u00edsticas La manta lastrada alivia y descansa, trae confort y seguridad. Reduce la tensi\u00f3n y permite un mejor sue\u00f1o. Ideal para pacientes inquietos. Manta impermeable lastrada por lianas de fibra de poli\u00e9ster, est\u00e1 cubierta por una funda con cremallera desmontable hecha de una microesponja de bamb\u00fa muy suave y c\u00f3moda. 1 lado [&hellip;]<\/p>\n","protected":false},"featured_media":2846,"comment_status":"open","ping_status":"closed","template":"","meta":{"saved_in_kubio":false},"product_brand":[],"product_cat":[70],"product_tag":[118],"class_list":{"0":"post-2845","1":"product","2":"type-product","3":"status-publish","4":"has-post-thumbnail","6":"product_cat-mantas-y-almohadillas","7":"product_tag-emo","9":"first","10":"instock","11":"shipping-taxable","12":"product-type-simple"},"_links":{"self":[{"href":"https:\/\/ortopediagot.net\/Inicio\/wp-json\/wp\/v2\/product\/2845"}],"collection":[{"href":"https:\/\/ortopediagot.net\/Inicio\/wp-json\/wp\/v2\/product"}],"about":[{"href":"https:\/\/ortopediagot.net\/Inicio\/wp-json\/wp\/v2\/types\/product"}],"replies":[{"embeddable":true,"href":"https:\/\/ortopediagot.net\/Inicio\/wp-json\/wp\/v2\/comments?post=2845"}],"wp:featuredmedia":[{"embeddable":true,"href":"https:\/\/ortopediagot.net\/Inicio\/wp-json\/wp\/v2\/media\/2846"}],"wp:attachment":[{"href":"https:\/\/ortopediagot.net\/Inicio\/wp-json\/wp\/v2\/media?parent=2845"}],"wp:term":[{"taxonomy":"product_brand","embeddable":true,"href":"https:\/\/ortopediagot.net\/Inicio\/wp-json\/wp\/v2\/product_brand?post=2845"},{"taxonomy":"product_cat","embeddable":true,"href":"https:\/\/ortopediagot.net\/Inicio\/wp-json\/wp\/v2\/product_cat?post=2845"},{"taxonomy":"product_tag","embeddable":true,"href":"https:\/\/ortopediagot.net\/Inicio\/wp-json\/wp\/v2\/product_tag?post=2845"}],"curies":[{"name":"wp","href":"https:\/\/api.w.org\/{rel}","templated":true}]}}