{"id":2852,"date":"2024-06-06T18:26:29","date_gmt":"2024-06-06T17:26:29","guid":{"rendered":"https:\/\/ortopediagot.net\/?post_type=product&#038;p=2852"},"modified":"2024-06-06T18:26:29","modified_gmt":"2024-06-06T17:26:29","slug":"humidificador-de-aire-por-ultrasonidos","status":"publish","type":"product","link":"https:\/\/ortopediagot.net\/Inicio\/producto\/humidificador-de-aire-por-ultrasonidos\/","title":{"rendered":"HUMIDIFICADOR DE AIRE POR ULTRASONIDOS"},"content":{"rendered":"<p>HUMIDIFICADOR DE AIRE POR ULTRASONIDOS (861181)<\/p>\n<div class=\"tsf-campo-acf-titulo tsf-campo-acf-titulo-caracteristicas tsf_campo-acf tsf_caracteristicas\"><strong>Caracter\u00edsticas<\/strong><\/div>\n<div><\/div>\n<div class=\"tsf-campo-acf-valores tsf-campo-acf-valores-caracteristicas tsf_campo-acf tsf_caracteristicas\">Atomizaci\u00f3n ultras\u00f3nica micro-fina, con bajo consumo de energ\u00eda (20w) para limpiar la atm\u00f3sfera de forma r\u00e1pida y eficiente. Adecuado para habitaciones de hasta 20 m2.<br \/>\nPotencia 200 ml\/h.<br \/>\nApagado autom\u00e1tico.<br \/>\nPosibilidad de utilizar aceites esenciales para perfumar la habitaci\u00f3n.<br \/>\nDimensiones: 21 x 11 x 25.5 cm.<br \/>\nPeso: 810 g.<br \/>\n3 a\u00f1os de garant\u00eda.<\/div>\n","protected":false},"excerpt":{"rendered":"<p>HUMIDIFICADOR DE AIRE POR ULTRASONIDOS (861181) Caracter\u00edsticas Atomizaci\u00f3n ultras\u00f3nica micro-fina, con bajo consumo de energ\u00eda (20w) para limpiar la atm\u00f3sfera de forma r\u00e1pida y eficiente. Adecuado para habitaciones de hasta 20 m2. Potencia 200 ml\/h. Apagado autom\u00e1tico. Posibilidad de utilizar aceites esenciales para perfumar la habitaci\u00f3n. Dimensiones: 21 x 11 x 25.5 cm. Peso: 810 [&hellip;]<\/p>\n","protected":false},"featured_media":2853,"comment_status":"open","ping_status":"closed","template":"","meta":{"saved_in_kubio":false},"product_brand":[],"product_cat":[71],"product_tag":[118],"class_list":{"0":"post-2852","1":"product","2":"type-product","3":"status-publish","4":"has-post-thumbnail","6":"product_cat-humidificadores-y-nebulizadores","7":"product_tag-emo","9":"first","10":"instock","11":"shipping-taxable","12":"product-type-simple"},"_links":{"self":[{"href":"https:\/\/ortopediagot.net\/Inicio\/wp-json\/wp\/v2\/product\/2852"}],"collection":[{"href":"https:\/\/ortopediagot.net\/Inicio\/wp-json\/wp\/v2\/product"}],"about":[{"href":"https:\/\/ortopediagot.net\/Inicio\/wp-json\/wp\/v2\/types\/product"}],"replies":[{"embeddable":true,"href":"https:\/\/ortopediagot.net\/Inicio\/wp-json\/wp\/v2\/comments?post=2852"}],"wp:featuredmedia":[{"embeddable":true,"href":"https:\/\/ortopediagot.net\/Inicio\/wp-json\/wp\/v2\/media\/2853"}],"wp:attachment":[{"href":"https:\/\/ortopediagot.net\/Inicio\/wp-json\/wp\/v2\/media?parent=2852"}],"wp:term":[{"taxonomy":"product_brand","embeddable":true,"href":"https:\/\/ortopediagot.net\/Inicio\/wp-json\/wp\/v2\/product_brand?post=2852"},{"taxonomy":"product_cat","embeddable":true,"href":"https:\/\/ortopediagot.net\/Inicio\/wp-json\/wp\/v2\/product_cat?post=2852"},{"taxonomy":"product_tag","embeddable":true,"href":"https:\/\/ortopediagot.net\/Inicio\/wp-json\/wp\/v2\/product_tag?post=2852"}],"curies":[{"name":"wp","href":"https:\/\/api.w.org\/{rel}","templated":true}]}}