{"id":2855,"date":"2024-06-06T18:27:52","date_gmt":"2024-06-06T17:27:52","guid":{"rendered":"https:\/\/ortopediagot.net\/?post_type=product&#038;p=2855"},"modified":"2024-06-06T18:27:53","modified_gmt":"2024-06-06T17:27:53","slug":"med-ball-20-kg-429014","status":"publish","type":"product","link":"https:\/\/ortopediagot.net\/Inicio\/producto\/med-ball-20-kg-429014\/","title":{"rendered":"MED BALL 2,0 KG (429014)"},"content":{"rendered":"<p>MED BALL 2,0 KG (429014)<\/p>\n<div class=\"tsf-campo-acf-titulo tsf-campo-acf-titulo-caracteristicas tsf_campo-acf tsf_caracteristicas\"><strong>Caracter\u00edsticas<\/strong><\/div>\n<div><\/div>\n<div class=\"tsf-campo-acf-valores tsf-campo-acf-valores-caracteristicas tsf_campo-acf tsf_caracteristicas\">Difusor adecuado para aceites arom\u00e1ticos solubles en agua, con cambio de color de la luz LED.<br \/>\nPulverizaci\u00f3n con o sin luz.<br \/>\nMuy silencioso: tambi\u00e9n se puede utilizar en la habitaci\u00f3n.<br \/>\nPara habitaciones de 15 m2.<br \/>\nCapacidad del dep\u00f3sito 100 ml.<br \/>\nApagado autom\u00e1tico cuando el tanque est\u00e1 vac\u00edo.<br \/>\nConexi\u00f3n a la red el\u00e9ctrica.<br \/>\nDimensiones: diam. 10 x altura. 21,5 cm.<br \/>\nPeso 320 gr.<br \/>\n3 a\u00f1os de garant\u00eda.<\/div>\n","protected":false},"excerpt":{"rendered":"<p>MED BALL 2,0 KG (429014) Caracter\u00edsticas Difusor adecuado para aceites arom\u00e1ticos solubles en agua, con cambio de color de la luz LED. Pulverizaci\u00f3n con o sin luz. Muy silencioso: tambi\u00e9n se puede utilizar en la habitaci\u00f3n. Para habitaciones de 15 m2. Capacidad del dep\u00f3sito 100 ml. Apagado autom\u00e1tico cuando el tanque est\u00e1 vac\u00edo. Conexi\u00f3n a [&hellip;]<\/p>\n","protected":false},"featured_media":2856,"comment_status":"open","ping_status":"closed","template":"","meta":{"saved_in_kubio":false},"product_brand":[],"product_cat":[71],"product_tag":[118],"class_list":{"0":"post-2855","1":"product","2":"type-product","3":"status-publish","4":"has-post-thumbnail","6":"product_cat-humidificadores-y-nebulizadores","7":"product_tag-emo","9":"first","10":"instock","11":"shipping-taxable","12":"product-type-simple"},"_links":{"self":[{"href":"https:\/\/ortopediagot.net\/Inicio\/wp-json\/wp\/v2\/product\/2855"}],"collection":[{"href":"https:\/\/ortopediagot.net\/Inicio\/wp-json\/wp\/v2\/product"}],"about":[{"href":"https:\/\/ortopediagot.net\/Inicio\/wp-json\/wp\/v2\/types\/product"}],"replies":[{"embeddable":true,"href":"https:\/\/ortopediagot.net\/Inicio\/wp-json\/wp\/v2\/comments?post=2855"}],"wp:featuredmedia":[{"embeddable":true,"href":"https:\/\/ortopediagot.net\/Inicio\/wp-json\/wp\/v2\/media\/2856"}],"wp:attachment":[{"href":"https:\/\/ortopediagot.net\/Inicio\/wp-json\/wp\/v2\/media?parent=2855"}],"wp:term":[{"taxonomy":"product_brand","embeddable":true,"href":"https:\/\/ortopediagot.net\/Inicio\/wp-json\/wp\/v2\/product_brand?post=2855"},{"taxonomy":"product_cat","embeddable":true,"href":"https:\/\/ortopediagot.net\/Inicio\/wp-json\/wp\/v2\/product_cat?post=2855"},{"taxonomy":"product_tag","embeddable":true,"href":"https:\/\/ortopediagot.net\/Inicio\/wp-json\/wp\/v2\/product_tag?post=2855"}],"curies":[{"name":"wp","href":"https:\/\/api.w.org\/{rel}","templated":true}]}}