{"id":2860,"date":"2024-06-06T18:30:34","date_gmt":"2024-06-06T17:30:34","guid":{"rendered":"https:\/\/ortopediagot.net\/?post_type=product&#038;p=2860"},"modified":"2024-06-06T18:30:35","modified_gmt":"2024-06-06T17:30:35","slug":"difusor-ultrasonico-julio-azul","status":"publish","type":"product","link":"https:\/\/ortopediagot.net\/Inicio\/producto\/difusor-ultrasonico-julio-azul\/","title":{"rendered":"DIFUSOR ULTRASONICO JULIO AZUL"},"content":{"rendered":"<div>DIFUSOR ULTRASONICO JULIO AZUL (429009)<\/div>\n<div><\/div>\n<div class=\"tsf-campo-acf-titulo tsf-campo-acf-titulo-caracteristicas tsf_campo-acf tsf_caracteristicas\"><strong>Caracter\u00edsticas<\/strong><\/div>\n<div><\/div>\n<div class=\"tsf-campo-acf-valores tsf-campo-acf-valores-caracteristicas tsf_campo-acf tsf_caracteristicas\">Difunde en frio aceites esenciales y restaura perfectamente sus virtudes terap\u00e9uticas. 3 modos de difusi\u00f3n con funci\u00f3n de temporizador. Iluminaci\u00f3n LED personalizable.<br \/>\nMuy econ\u00f3mico en aceite y electricidad. Desconexi\u00f3n autom\u00e1tica en caso de nivel de agua insuficiente. Alimentaci\u00f3n de la red el\u00e9ctrica.<br \/>\nDimensiones: diam. 16 x alto. 14 cm de altura.<br \/>\nPeso 360 gr.<br \/>\n2 colores disponibles: topo (Norah) y azul (Julio).<\/div>\n","protected":false},"excerpt":{"rendered":"<p>DIFUSOR ULTRASONICO JULIO AZUL (429009) Caracter\u00edsticas Difunde en frio aceites esenciales y restaura perfectamente sus virtudes terap\u00e9uticas. 3 modos de difusi\u00f3n con funci\u00f3n de temporizador. Iluminaci\u00f3n LED personalizable. Muy econ\u00f3mico en aceite y electricidad. Desconexi\u00f3n autom\u00e1tica en caso de nivel de agua insuficiente. Alimentaci\u00f3n de la red el\u00e9ctrica. Dimensiones: diam. 16 x alto. 14 cm [&hellip;]<\/p>\n","protected":false},"featured_media":2861,"comment_status":"open","ping_status":"closed","template":"","meta":{"saved_in_kubio":false},"product_brand":[],"product_cat":[71],"product_tag":[118],"class_list":{"0":"post-2860","1":"product","2":"type-product","3":"status-publish","4":"has-post-thumbnail","6":"product_cat-humidificadores-y-nebulizadores","7":"product_tag-emo","9":"first","10":"instock","11":"shipping-taxable","12":"product-type-simple"},"_links":{"self":[{"href":"https:\/\/ortopediagot.net\/Inicio\/wp-json\/wp\/v2\/product\/2860"}],"collection":[{"href":"https:\/\/ortopediagot.net\/Inicio\/wp-json\/wp\/v2\/product"}],"about":[{"href":"https:\/\/ortopediagot.net\/Inicio\/wp-json\/wp\/v2\/types\/product"}],"replies":[{"embeddable":true,"href":"https:\/\/ortopediagot.net\/Inicio\/wp-json\/wp\/v2\/comments?post=2860"}],"wp:featuredmedia":[{"embeddable":true,"href":"https:\/\/ortopediagot.net\/Inicio\/wp-json\/wp\/v2\/media\/2861"}],"wp:attachment":[{"href":"https:\/\/ortopediagot.net\/Inicio\/wp-json\/wp\/v2\/media?parent=2860"}],"wp:term":[{"taxonomy":"product_brand","embeddable":true,"href":"https:\/\/ortopediagot.net\/Inicio\/wp-json\/wp\/v2\/product_brand?post=2860"},{"taxonomy":"product_cat","embeddable":true,"href":"https:\/\/ortopediagot.net\/Inicio\/wp-json\/wp\/v2\/product_cat?post=2860"},{"taxonomy":"product_tag","embeddable":true,"href":"https:\/\/ortopediagot.net\/Inicio\/wp-json\/wp\/v2\/product_tag?post=2860"}],"curies":[{"name":"wp","href":"https:\/\/api.w.org\/{rel}","templated":true}]}}