{"id":2864,"date":"2024-06-06T18:35:09","date_gmt":"2024-06-06T17:35:09","guid":{"rendered":"https:\/\/ortopediagot.net\/?post_type=product&#038;p=2864"},"modified":"2024-06-06T18:35:10","modified_gmt":"2024-06-06T17:35:10","slug":"estimulador-circulatorio-terraillon","status":"publish","type":"product","link":"https:\/\/ortopediagot.net\/Inicio\/producto\/estimulador-circulatorio-terraillon\/","title":{"rendered":"ESTIMULADOR CIRCULATORIO TERRAILLON"},"content":{"rendered":"<p>ESTIMULADOR CIRCULATORIO TERRAILLON (861001)<\/p>\n<div class=\"tsf-campo-acf-titulo tsf-campo-acf-titulo-caracteristicas tsf_campo-acf tsf_caracteristicas\"><strong>Caracter\u00edsticas<\/strong><\/div>\n<div><\/div>\n<div class=\"tsf-campo-acf-valores tsf-campo-acf-valores-caracteristicas tsf_campo-acf tsf_caracteristicas\">El nuevo estimulador circulatorio Terraillon es ideal para personas que sufren de mala circulaci\u00f3n sangu\u00ednea, debilidad muscular, diabetes y osteoartritis.<br \/>\nSus efectos ayudan a reducir las sensaciones de piernas pesadas, a luchar contra el sedentarismo.<br \/>\nFunciona a trav\u00e9s de la electroestimulaci\u00f3n muscular (EMS) y la neuroestimulaci\u00f3n el\u00e9ctrica transcut\u00e1nea (TENS).<br \/>\nTambi\u00e9n combina un efecto de bombeo gracias a su funci\u00f3n de caminador.<br \/>\nUsted controla todas las funciones con su mando a distancia inal\u00e1mbrico.<br \/>\n99 niveles de intensidad y 15 variaciones de onda.<br \/>\n2 programas preinstalados.<br \/>\nPantalla LED.<br \/>\nSe suministra con 2 electrodos adhesivos.<br \/>\nFunciona con la red el\u00e9ctrica con el adaptador suministrado.<br \/>\nDimensiones: 42,8 x 41,6 x 10,4 cm.<br \/>\nPeso 2,07 kg.<br \/>\n2 a\u00f1os de garant\u00eda.<\/div>\n","protected":false},"excerpt":{"rendered":"<p>ESTIMULADOR CIRCULATORIO TERRAILLON (861001) Caracter\u00edsticas El nuevo estimulador circulatorio Terraillon es ideal para personas que sufren de mala circulaci\u00f3n sangu\u00ednea, debilidad muscular, diabetes y osteoartritis. Sus efectos ayudan a reducir las sensaciones de piernas pesadas, a luchar contra el sedentarismo. Funciona a trav\u00e9s de la electroestimulaci\u00f3n muscular (EMS) y la neuroestimulaci\u00f3n el\u00e9ctrica transcut\u00e1nea (TENS). Tambi\u00e9n [&hellip;]<\/p>\n","protected":false},"featured_media":2865,"comment_status":"open","ping_status":"closed","template":"","meta":{"saved_in_kubio":false},"product_brand":[],"product_cat":[72],"product_tag":[118],"class_list":{"0":"post-2864","1":"product","2":"type-product","3":"status-publish","4":"has-post-thumbnail","6":"product_cat-electroestimuladores","7":"product_tag-emo","9":"first","10":"instock","11":"shipping-taxable","12":"product-type-simple"},"_links":{"self":[{"href":"https:\/\/ortopediagot.net\/Inicio\/wp-json\/wp\/v2\/product\/2864"}],"collection":[{"href":"https:\/\/ortopediagot.net\/Inicio\/wp-json\/wp\/v2\/product"}],"about":[{"href":"https:\/\/ortopediagot.net\/Inicio\/wp-json\/wp\/v2\/types\/product"}],"replies":[{"embeddable":true,"href":"https:\/\/ortopediagot.net\/Inicio\/wp-json\/wp\/v2\/comments?post=2864"}],"wp:featuredmedia":[{"embeddable":true,"href":"https:\/\/ortopediagot.net\/Inicio\/wp-json\/wp\/v2\/media\/2865"}],"wp:attachment":[{"href":"https:\/\/ortopediagot.net\/Inicio\/wp-json\/wp\/v2\/media?parent=2864"}],"wp:term":[{"taxonomy":"product_brand","embeddable":true,"href":"https:\/\/ortopediagot.net\/Inicio\/wp-json\/wp\/v2\/product_brand?post=2864"},{"taxonomy":"product_cat","embeddable":true,"href":"https:\/\/ortopediagot.net\/Inicio\/wp-json\/wp\/v2\/product_cat?post=2864"},{"taxonomy":"product_tag","embeddable":true,"href":"https:\/\/ortopediagot.net\/Inicio\/wp-json\/wp\/v2\/product_tag?post=2864"}],"curies":[{"name":"wp","href":"https:\/\/api.w.org\/{rel}","templated":true}]}}