{"id":2874,"date":"2024-06-06T18:48:16","date_gmt":"2024-06-06T17:48:16","guid":{"rendered":"https:\/\/ortopediagot.net\/?post_type=product&#038;p=2874"},"modified":"2024-06-06T18:48:16","modified_gmt":"2024-06-06T17:48:16","slug":"dispositivo-de-presoterapia-en-domicilio-pro","status":"publish","type":"product","link":"https:\/\/ortopediagot.net\/Inicio\/producto\/dispositivo-de-presoterapia-en-domicilio-pro\/","title":{"rendered":"DISPOSITIVO DE PRESOTERAPIA EN DOMICILIO PRO"},"content":{"rendered":"<p>DISPOSITIVO DE PRESOTERAPIA EN DOMICILIO PRO (838013)<\/p>\n<div class=\"tsf-campo-acf-titulo tsf-campo-acf-titulo-caracteristicas tsf_campo-acf tsf_caracteristicas\"><strong>Caracter\u00edsticas<\/strong><\/div>\n<div><\/div>\n<div class=\"tsf-campo-acf-valores tsf-campo-acf-valores-caracteristicas tsf_campo-acf tsf_caracteristicas\">Masaje revitalizante por presi\u00f3n y drenaje linf\u00e1tico. Mejora la circulaci\u00f3n venosa al restaurar la funci\u00f3n venosa. Promueve la circulaci\u00f3n sangu\u00ednea y alivia las piernas pesadas y cansadas. Previene las varices y venas varicosas. Masaje de presi\u00f3n de aire e inflado y desinflado de cojines. Intensidad de masaje ajustable y alternando las piernas. Temporizador incluido: 10\/20\/30 min. Bolsa de almacenaje incluida.<br \/>\nFunciona con bater\u00eda (3 pilas AAA incluidas) o con la red el\u00e9ctrica.<br \/>\nDimensiones de las piernas: 61 x 67 cm.<br \/>\n2 modelos disponibles: s\u00f3lo perneras o perneras completas con bolsa de transporte (modelo Pro).<br \/>\n3 a\u00f1os de garant\u00eda.<\/div>\n","protected":false},"excerpt":{"rendered":"<p>DISPOSITIVO DE PRESOTERAPIA EN DOMICILIO PRO (838013) Caracter\u00edsticas Masaje revitalizante por presi\u00f3n y drenaje linf\u00e1tico. Mejora la circulaci\u00f3n venosa al restaurar la funci\u00f3n venosa. Promueve la circulaci\u00f3n sangu\u00ednea y alivia las piernas pesadas y cansadas. Previene las varices y venas varicosas. Masaje de presi\u00f3n de aire e inflado y desinflado de cojines. Intensidad de masaje [&hellip;]<\/p>\n","protected":false},"featured_media":2875,"comment_status":"open","ping_status":"closed","template":"","meta":{"saved_in_kubio":false},"product_brand":[],"product_cat":[100],"product_tag":[118],"class_list":{"0":"post-2874","1":"product","2":"type-product","3":"status-publish","4":"has-post-thumbnail","6":"product_cat-presoterapia","7":"product_tag-emo","9":"first","10":"instock","11":"shipping-taxable","12":"product-type-simple"},"_links":{"self":[{"href":"https:\/\/ortopediagot.net\/Inicio\/wp-json\/wp\/v2\/product\/2874"}],"collection":[{"href":"https:\/\/ortopediagot.net\/Inicio\/wp-json\/wp\/v2\/product"}],"about":[{"href":"https:\/\/ortopediagot.net\/Inicio\/wp-json\/wp\/v2\/types\/product"}],"replies":[{"embeddable":true,"href":"https:\/\/ortopediagot.net\/Inicio\/wp-json\/wp\/v2\/comments?post=2874"}],"wp:featuredmedia":[{"embeddable":true,"href":"https:\/\/ortopediagot.net\/Inicio\/wp-json\/wp\/v2\/media\/2875"}],"wp:attachment":[{"href":"https:\/\/ortopediagot.net\/Inicio\/wp-json\/wp\/v2\/media?parent=2874"}],"wp:term":[{"taxonomy":"product_brand","embeddable":true,"href":"https:\/\/ortopediagot.net\/Inicio\/wp-json\/wp\/v2\/product_brand?post=2874"},{"taxonomy":"product_cat","embeddable":true,"href":"https:\/\/ortopediagot.net\/Inicio\/wp-json\/wp\/v2\/product_cat?post=2874"},{"taxonomy":"product_tag","embeddable":true,"href":"https:\/\/ortopediagot.net\/Inicio\/wp-json\/wp\/v2\/product_tag?post=2874"}],"curies":[{"name":"wp","href":"https:\/\/api.w.org\/{rel}","templated":true}]}}