{"id":2880,"date":"2024-06-07T09:33:42","date_gmt":"2024-06-07T08:33:42","guid":{"rendered":"https:\/\/ortopediagot.net\/?post_type=product&#038;p=2880"},"modified":"2024-06-07T09:33:43","modified_gmt":"2024-06-07T08:33:43","slug":"cinturon-i-press-ii","status":"publish","type":"product","link":"https:\/\/ortopediagot.net\/Inicio\/producto\/cinturon-i-press-ii\/","title":{"rendered":"CINTUR\u00d3N I-PRESS II"},"content":{"rendered":"<p>CINTUR\u00d3N I-PRESS II (838159)<\/p>\n<div class=\"tsf-campo-acf-titulo tsf-campo-acf-titulo-caracteristicas tsf_campo-acf tsf_caracteristicas\"><strong>Caracter\u00edsticas<\/strong><\/div>\n<div><\/div>\n<div class=\"tsf-campo-acf-valores tsf-campo-acf-valores-caracteristicas tsf_campo-acf tsf_caracteristicas\">El cintur\u00f3n trabaja los m\u00fasculos abdominales y lumbares (per\u00edmetro de cintura 117 a 132 cm).<\/div>\n","protected":false},"excerpt":{"rendered":"<p>CINTUR\u00d3N I-PRESS II (838159) Caracter\u00edsticas El cintur\u00f3n trabaja los m\u00fasculos abdominales y lumbares (per\u00edmetro de cintura 117 a 132 cm).<\/p>\n","protected":false},"featured_media":2881,"comment_status":"open","ping_status":"closed","template":"","meta":{"saved_in_kubio":false},"product_brand":[],"product_cat":[100],"product_tag":[118],"class_list":{"0":"post-2880","1":"product","2":"type-product","3":"status-publish","4":"has-post-thumbnail","6":"product_cat-presoterapia","7":"product_tag-emo","9":"first","10":"instock","11":"shipping-taxable","12":"product-type-simple"},"_links":{"self":[{"href":"https:\/\/ortopediagot.net\/Inicio\/wp-json\/wp\/v2\/product\/2880"}],"collection":[{"href":"https:\/\/ortopediagot.net\/Inicio\/wp-json\/wp\/v2\/product"}],"about":[{"href":"https:\/\/ortopediagot.net\/Inicio\/wp-json\/wp\/v2\/types\/product"}],"replies":[{"embeddable":true,"href":"https:\/\/ortopediagot.net\/Inicio\/wp-json\/wp\/v2\/comments?post=2880"}],"wp:featuredmedia":[{"embeddable":true,"href":"https:\/\/ortopediagot.net\/Inicio\/wp-json\/wp\/v2\/media\/2881"}],"wp:attachment":[{"href":"https:\/\/ortopediagot.net\/Inicio\/wp-json\/wp\/v2\/media?parent=2880"}],"wp:term":[{"taxonomy":"product_brand","embeddable":true,"href":"https:\/\/ortopediagot.net\/Inicio\/wp-json\/wp\/v2\/product_brand?post=2880"},{"taxonomy":"product_cat","embeddable":true,"href":"https:\/\/ortopediagot.net\/Inicio\/wp-json\/wp\/v2\/product_cat?post=2880"},{"taxonomy":"product_tag","embeddable":true,"href":"https:\/\/ortopediagot.net\/Inicio\/wp-json\/wp\/v2\/product_tag?post=2880"}],"curies":[{"name":"wp","href":"https:\/\/api.w.org\/{rel}","templated":true}]}}