{"id":2886,"date":"2024-06-07T09:36:23","date_gmt":"2024-06-07T08:36:23","guid":{"rendered":"https:\/\/ortopediagot.net\/?post_type=product&#038;p=2886"},"modified":"2024-06-07T09:36:24","modified_gmt":"2024-06-07T08:36:24","slug":"manguito-i-press-ii-838158-d-838158-g","status":"publish","type":"product","link":"https:\/\/ortopediagot.net\/Inicio\/producto\/manguito-i-press-ii-838158-d-838158-g\/","title":{"rendered":"MANGUITO I-PRESS II (838158.D, 838158.G)"},"content":{"rendered":"<p>MANGUITO I-PRESS II (838158.D, 838158.G)<\/p>\n<div class=\"tsf-campo-acf-titulo tsf-campo-acf-titulo-caracteristicas tsf_campo-acf tsf_caracteristicas\"><strong>Caracter\u00edsticas<\/strong><\/div>\n<div><\/div>\n<div class=\"tsf-campo-acf-valores tsf-campo-acf-valores-caracteristicas tsf_campo-acf tsf_caracteristicas\">Las manguitos trabajan los brazos (per\u00edmetro braquial 46 o 59 cm, longitud axila mu\u00f1eca 87 cm.<\/div>\n","protected":false},"excerpt":{"rendered":"<p>MANGUITO I-PRESS II (838158.D, 838158.G) Caracter\u00edsticas Las manguitos trabajan los brazos (per\u00edmetro braquial 46 o 59 cm, longitud axila mu\u00f1eca 87 cm.<\/p>\n","protected":false},"featured_media":2887,"comment_status":"open","ping_status":"closed","template":"","meta":{"saved_in_kubio":false},"product_brand":[],"product_cat":[100],"product_tag":[118],"class_list":{"0":"post-2886","1":"product","2":"type-product","3":"status-publish","4":"has-post-thumbnail","6":"product_cat-presoterapia","7":"product_tag-emo","9":"first","10":"instock","11":"shipping-taxable","12":"product-type-simple"},"_links":{"self":[{"href":"https:\/\/ortopediagot.net\/Inicio\/wp-json\/wp\/v2\/product\/2886"}],"collection":[{"href":"https:\/\/ortopediagot.net\/Inicio\/wp-json\/wp\/v2\/product"}],"about":[{"href":"https:\/\/ortopediagot.net\/Inicio\/wp-json\/wp\/v2\/types\/product"}],"replies":[{"embeddable":true,"href":"https:\/\/ortopediagot.net\/Inicio\/wp-json\/wp\/v2\/comments?post=2886"}],"wp:featuredmedia":[{"embeddable":true,"href":"https:\/\/ortopediagot.net\/Inicio\/wp-json\/wp\/v2\/media\/2887"}],"wp:attachment":[{"href":"https:\/\/ortopediagot.net\/Inicio\/wp-json\/wp\/v2\/media?parent=2886"}],"wp:term":[{"taxonomy":"product_brand","embeddable":true,"href":"https:\/\/ortopediagot.net\/Inicio\/wp-json\/wp\/v2\/product_brand?post=2886"},{"taxonomy":"product_cat","embeddable":true,"href":"https:\/\/ortopediagot.net\/Inicio\/wp-json\/wp\/v2\/product_cat?post=2886"},{"taxonomy":"product_tag","embeddable":true,"href":"https:\/\/ortopediagot.net\/Inicio\/wp-json\/wp\/v2\/product_tag?post=2886"}],"curies":[{"name":"wp","href":"https:\/\/api.w.org\/{rel}","templated":true}]}}