{"id":2891,"date":"2024-06-07T09:48:38","date_gmt":"2024-06-07T08:48:38","guid":{"rendered":"https:\/\/ortopediagot.net\/?post_type=product&#038;p=2891"},"modified":"2024-06-07T09:48:39","modified_gmt":"2024-06-07T08:48:39","slug":"masajeador-electrico-terraillon","status":"publish","type":"product","link":"https:\/\/ortopediagot.net\/Inicio\/producto\/masajeador-electrico-terraillon\/","title":{"rendered":"MASAJEADOR ELECTRICO TERRAILLON"},"content":{"rendered":"<p>MASAJEADOR ELECTRICO TERRAILLON (861021)<\/p>\n<div class=\"tsf-campo-acf-titulo tsf-campo-acf-titulo-caracteristicas tsf_campo-acf tsf_caracteristicas\"><strong>Caracter\u00edsticas<\/strong><\/div>\n<div><\/div>\n<div class=\"tsf-campo-acf-valores tsf-campo-acf-valores-caracteristicas tsf_campo-acf tsf_caracteristicas\">B\u00e1scula de ba\u00f1o + electroestimulador Adecuado para personas con mala circulaci\u00f3n o debilidad muscular. Tambi\u00e9n relaja los m\u00fasculos despu\u00e9s de actividades deportivas. El masajeador es un aparato de electroestimulaci\u00f3n EMS: basta con colocar los pies sobre \u00e9l y elegir uno de los 6 programas con 15 niveles de intensidad. Cada masaje dura 15 minutos.<br \/>\nEs tambi\u00e9n una b\u00e1scula electr\u00f3nica con una capacidad m\u00e1xima de 180 kg y encendido\/ apagado autom\u00e1tico.<br \/>\nDimensiones: 32,4 x 34,5 x 4,5 cm.<br \/>\nPeso: 1,54 kg. Bater\u00eda recargable con cable tipo C incluida.<br \/>\n2 a\u00f1os de garant\u00eda.<\/div>\n","protected":false},"excerpt":{"rendered":"<p>MASAJEADOR ELECTRICO TERRAILLON (861021) Caracter\u00edsticas B\u00e1scula de ba\u00f1o + electroestimulador Adecuado para personas con mala circulaci\u00f3n o debilidad muscular. Tambi\u00e9n relaja los m\u00fasculos despu\u00e9s de actividades deportivas. El masajeador es un aparato de electroestimulaci\u00f3n EMS: basta con colocar los pies sobre \u00e9l y elegir uno de los 6 programas con 15 niveles de intensidad. Cada [&hellip;]<\/p>\n","protected":false},"featured_media":0,"comment_status":"open","ping_status":"closed","template":"","meta":{"saved_in_kubio":false},"product_brand":[],"product_cat":[72],"product_tag":[118],"class_list":{"0":"post-2891","1":"product","2":"type-product","3":"status-publish","5":"product_cat-electroestimuladores","6":"product_tag-emo","8":"first","9":"instock","10":"shipping-taxable","11":"product-type-simple"},"_links":{"self":[{"href":"https:\/\/ortopediagot.net\/Inicio\/wp-json\/wp\/v2\/product\/2891"}],"collection":[{"href":"https:\/\/ortopediagot.net\/Inicio\/wp-json\/wp\/v2\/product"}],"about":[{"href":"https:\/\/ortopediagot.net\/Inicio\/wp-json\/wp\/v2\/types\/product"}],"replies":[{"embeddable":true,"href":"https:\/\/ortopediagot.net\/Inicio\/wp-json\/wp\/v2\/comments?post=2891"}],"wp:attachment":[{"href":"https:\/\/ortopediagot.net\/Inicio\/wp-json\/wp\/v2\/media?parent=2891"}],"wp:term":[{"taxonomy":"product_brand","embeddable":true,"href":"https:\/\/ortopediagot.net\/Inicio\/wp-json\/wp\/v2\/product_brand?post=2891"},{"taxonomy":"product_cat","embeddable":true,"href":"https:\/\/ortopediagot.net\/Inicio\/wp-json\/wp\/v2\/product_cat?post=2891"},{"taxonomy":"product_tag","embeddable":true,"href":"https:\/\/ortopediagot.net\/Inicio\/wp-json\/wp\/v2\/product_tag?post=2891"}],"curies":[{"name":"wp","href":"https:\/\/api.w.org\/{rel}","templated":true}]}}