{"id":2892,"date":"2024-06-07T09:54:42","date_gmt":"2024-06-07T08:54:42","guid":{"rendered":"https:\/\/ortopediagot.net\/?post_type=product&#038;p=2892"},"modified":"2024-06-07T09:54:43","modified_gmt":"2024-06-07T08:54:43","slug":"guante-de-compresion-norco","status":"publish","type":"product","link":"https:\/\/ortopediagot.net\/Inicio\/producto\/guante-de-compresion-norco\/","title":{"rendered":"GUANTE DE COMPRESI\u00d3N NORCO"},"content":{"rendered":"<p>GUANTE DE COMPRESI\u00d3N NORCO (116003, 116005, 116007, 116002, 116004, 116006)<\/p>\n<div class=\"tsf-campo-acf-titulo tsf-campo-acf-titulo-caracteristicas tsf_campo-acf tsf_caracteristicas\"><strong>Caracter\u00edsticas<\/strong><\/div>\n<div><\/div>\n<div class=\"tsf-campo-acf-valores tsf-campo-acf-valores-caracteristicas tsf_campo-acf tsf_caracteristicas\">Proporciona una compresi\u00f3n de ligera a moderada en la mano y la mu\u00f1eca.<br \/>\nNuestros guantes de compresi\u00f3n de Lycra comprimen suavemente los tejidos para controlar el desarrollo de edemas. Previenen ciertos dolores articulares en pacientes con artritis. El tejido utilizado permite la circulaci\u00f3n del aire y no provoca ning\u00fan sobrecalentamiento.<br \/>\nConfeccionados en suave y sedosa mezcla de nailon y elastano, con costuras en el exterior.<br \/>\nLas costuras exteriores evitan l\u00edneas de presi\u00f3n no deseadas.<br \/>\nNo contine l\u00e1tex.<br \/>\nLa longitud por encima de la mu\u00f1eca mide 7,6 cm, proximal al pliegue de la mu\u00f1eca.<br \/>\nModelos de sujeci\u00f3n para mano izquierda o derecha con 3 tama\u00f1os por modelo.<br \/>\nLavar a m\u00e1quina en agua fr\u00eda, ciclo delicado. Colocar en plano y secar al aire.<\/div>\n<div class=\"tsf-campo-acf-titulo tsf-campo-acf-titulo-pa_tallas tsf_campo-acf tsf_pa_tallas\"><\/div>\n<div><strong>Tallas<\/strong><\/div>\n<div><\/div>\n<div class=\"tsf-campo-acf-valores tsf-campo-acf-valores-pa_tallas tsf_campo-acf tsf_pa_tallas\">S, M, L<\/div>\n<div class=\"tsf-campo-acf-valores tsf-campo-acf-valores-tallas_medidas tsf_campo-acf tsf_pa_tallas_medidas\">CIRCUNFERENCIA DE LA MANO A LA ALTURA DE LAS FALANGES EN LA BASE DE LOS DEDOS.<br \/>\nS (18 A 20 CM), M (19 A 22 CM) L (20 A 25 CM)<\/div>\n","protected":false},"excerpt":{"rendered":"<p>GUANTE DE COMPRESI\u00d3N NORCO (116003, 116005, 116007, 116002, 116004, 116006) Caracter\u00edsticas Proporciona una compresi\u00f3n de ligera a moderada en la mano y la mu\u00f1eca. Nuestros guantes de compresi\u00f3n de Lycra comprimen suavemente los tejidos para controlar el desarrollo de edemas. Previenen ciertos dolores articulares en pacientes con artritis. El tejido utilizado permite la circulaci\u00f3n del [&hellip;]<\/p>\n","protected":false},"featured_media":2893,"comment_status":"open","ping_status":"closed","template":"","meta":{"saved_in_kubio":false},"product_brand":[],"product_cat":[100],"product_tag":[118],"class_list":{"0":"post-2892","1":"product","2":"type-product","3":"status-publish","4":"has-post-thumbnail","6":"product_cat-presoterapia","7":"product_tag-emo","9":"first","10":"instock","11":"shipping-taxable","12":"product-type-simple"},"_links":{"self":[{"href":"https:\/\/ortopediagot.net\/Inicio\/wp-json\/wp\/v2\/product\/2892"}],"collection":[{"href":"https:\/\/ortopediagot.net\/Inicio\/wp-json\/wp\/v2\/product"}],"about":[{"href":"https:\/\/ortopediagot.net\/Inicio\/wp-json\/wp\/v2\/types\/product"}],"replies":[{"embeddable":true,"href":"https:\/\/ortopediagot.net\/Inicio\/wp-json\/wp\/v2\/comments?post=2892"}],"wp:featuredmedia":[{"embeddable":true,"href":"https:\/\/ortopediagot.net\/Inicio\/wp-json\/wp\/v2\/media\/2893"}],"wp:attachment":[{"href":"https:\/\/ortopediagot.net\/Inicio\/wp-json\/wp\/v2\/media?parent=2892"}],"wp:term":[{"taxonomy":"product_brand","embeddable":true,"href":"https:\/\/ortopediagot.net\/Inicio\/wp-json\/wp\/v2\/product_brand?post=2892"},{"taxonomy":"product_cat","embeddable":true,"href":"https:\/\/ortopediagot.net\/Inicio\/wp-json\/wp\/v2\/product_cat?post=2892"},{"taxonomy":"product_tag","embeddable":true,"href":"https:\/\/ortopediagot.net\/Inicio\/wp-json\/wp\/v2\/product_tag?post=2892"}],"curies":[{"name":"wp","href":"https:\/\/api.w.org\/{rel}","templated":true}]}}