{"id":2899,"date":"2024-06-07T10:17:37","date_gmt":"2024-06-07T09:17:37","guid":{"rendered":"https:\/\/ortopediagot.net\/?post_type=product&#038;p=2899"},"modified":"2024-06-07T10:17:38","modified_gmt":"2024-06-07T09:17:38","slug":"plato-isotermico-vital-para-ninos","status":"publish","type":"product","link":"https:\/\/ortopediagot.net\/Inicio\/producto\/plato-isotermico-vital-para-ninos\/","title":{"rendered":"PLATO ISOT\u00c9RMICO VITAL PARA NI\u00d1OS"},"content":{"rendered":"<p>PLATO ISOT\u00c9RMICO VITAL PARA NI\u00d1OS (813185.BLEU, 813185.PETROLE, 813185.ROUGE, 813185.VERT)<\/p>\n<div class=\"tsf-campo-acf-titulo tsf-campo-acf-titulo-caracteristicas tsf_campo-acf tsf_caracteristicas\"><strong>Caracter\u00edsticas<\/strong><\/div>\n<div><\/div>\n<div class=\"tsf-campo-acf-valores tsf-campo-acf-valores-caracteristicas tsf_campo-acf tsf_caracteristicas\">Parte inferior antideslizante Nuestros platos isotermicos Vital permiten que las personas que comen lentamente mantengan caliente su comida o sopa.<br \/>\nLos agarres de colores se pueden quitar y le permiten llenar el agua caliente (o fr\u00eda) entre las dos paredes.<br \/>\nSon antideslizantes para un agarre m\u00e1s seguro en la placa.<br \/>\nFabricado en polipropileno y melamina.<br \/>\nApto para lavavajillas.<br \/>\n2 modelos a elegir.<br \/>\nDimensiones del plato hondo: di\u00e1metro 19 x altura 6,4 cm. Capacidad 32 cl. Peso 225 g.<br \/>\nDimensiones del plato plano: di\u00e1metro 25,5 x altura 4,9 cm. Capacidad 32 cl. Peso 386 g.<br \/>\n3 colores a elegir<\/div>\n<div class=\"tsf-campo-acf-titulo tsf-campo-acf-titulo-pa_colores tsf_campo-acf tsf_pa_colores\"><\/div>\n<div><strong>Color<\/strong><\/div>\n<div><\/div>\n<div class=\"tsf-campo-acf-valores tsf-campo-acf-valores-pa_colores tsf_campo-acf tsf_pa_colores\">AZUL, PETROLE, ROJO, VERDE<\/div>\n","protected":false},"excerpt":{"rendered":"<p>PLATO ISOT\u00c9RMICO VITAL PARA NI\u00d1OS (813185.BLEU, 813185.PETROLE, 813185.ROUGE, 813185.VERT) Caracter\u00edsticas Parte inferior antideslizante Nuestros platos isotermicos Vital permiten que las personas que comen lentamente mantengan caliente su comida o sopa. Los agarres de colores se pueden quitar y le permiten llenar el agua caliente (o fr\u00eda) entre las dos paredes. Son antideslizantes para un agarre [&hellip;]<\/p>\n","protected":false},"featured_media":2900,"comment_status":"open","ping_status":"closed","template":"","meta":{"saved_in_kubio":false},"product_brand":[],"product_cat":[78],"product_tag":[118],"class_list":{"0":"post-2899","1":"product","2":"type-product","3":"status-publish","4":"has-post-thumbnail","6":"product_cat-ayudas-para-comer","7":"product_tag-emo","9":"first","10":"instock","11":"shipping-taxable","12":"product-type-simple"},"_links":{"self":[{"href":"https:\/\/ortopediagot.net\/Inicio\/wp-json\/wp\/v2\/product\/2899"}],"collection":[{"href":"https:\/\/ortopediagot.net\/Inicio\/wp-json\/wp\/v2\/product"}],"about":[{"href":"https:\/\/ortopediagot.net\/Inicio\/wp-json\/wp\/v2\/types\/product"}],"replies":[{"embeddable":true,"href":"https:\/\/ortopediagot.net\/Inicio\/wp-json\/wp\/v2\/comments?post=2899"}],"wp:featuredmedia":[{"embeddable":true,"href":"https:\/\/ortopediagot.net\/Inicio\/wp-json\/wp\/v2\/media\/2900"}],"wp:attachment":[{"href":"https:\/\/ortopediagot.net\/Inicio\/wp-json\/wp\/v2\/media?parent=2899"}],"wp:term":[{"taxonomy":"product_brand","embeddable":true,"href":"https:\/\/ortopediagot.net\/Inicio\/wp-json\/wp\/v2\/product_brand?post=2899"},{"taxonomy":"product_cat","embeddable":true,"href":"https:\/\/ortopediagot.net\/Inicio\/wp-json\/wp\/v2\/product_cat?post=2899"},{"taxonomy":"product_tag","embeddable":true,"href":"https:\/\/ortopediagot.net\/Inicio\/wp-json\/wp\/v2\/product_tag?post=2899"}],"curies":[{"name":"wp","href":"https:\/\/api.w.org\/{rel}","templated":true}]}}