{"id":2909,"date":"2024-06-07T10:22:29","date_gmt":"2024-06-07T09:22:29","guid":{"rendered":"https:\/\/ortopediagot.net\/?post_type=product&#038;p=2909"},"modified":"2024-06-07T10:22:29","modified_gmt":"2024-06-07T09:22:29","slug":"abre-botellas-dycem","status":"publish","type":"product","link":"https:\/\/ortopediagot.net\/Inicio\/producto\/abre-botellas-dycem\/","title":{"rendered":"ABRE BOTELLAS DYCEM"},"content":{"rendered":"<p>ABRE BOTELLAS DYCEM (817051, 818039)<\/p>\n<div class=\"tsf-campo-acf-titulo tsf-campo-acf-titulo-caracteristicas tsf_campo-acf tsf_caracteristicas\"><strong>Caracter\u00edsticas<\/strong><\/div>\n<div><\/div>\n<div class=\"tsf-campo-acf-valores tsf-campo-acf-valores-caracteristicas tsf_campo-acf tsf_caracteristicas\">Este peque\u00f1o abrebotellas es muy pr\u00e1ctico y se puede guardar f\u00e1cilmente en un caj\u00f3n.<br \/>\nPermite abrir las botellas de agua mineral sin esfuerzo gracias a su material flexible y antideslizante.<br \/>\nIdeal para personas con artritis y manos dolorosas.<br \/>\nDi\u00e1metro 6 cm.<\/div>\n<div class=\"tsf-campo-acf-titulo tsf-campo-acf-titulo-pa_colores tsf_campo-acf tsf_pa_colores\"><\/div>\n<div><strong>Color<\/strong><\/div>\n<div><\/div>\n<div class=\"tsf-campo-acf-valores tsf-campo-acf-valores-pa_colores tsf_campo-acf tsf_pa_colores\">AMARILLO, PLATA<\/div>\n","protected":false},"excerpt":{"rendered":"<p>ABRE BOTELLAS DYCEM (817051, 818039) Caracter\u00edsticas Este peque\u00f1o abrebotellas es muy pr\u00e1ctico y se puede guardar f\u00e1cilmente en un caj\u00f3n. Permite abrir las botellas de agua mineral sin esfuerzo gracias a su material flexible y antideslizante. Ideal para personas con artritis y manos dolorosas. Di\u00e1metro 6 cm. Color AMARILLO, PLATA<\/p>\n","protected":false},"featured_media":2910,"comment_status":"open","ping_status":"closed","template":"","meta":{"saved_in_kubio":false},"product_brand":[],"product_cat":[78],"product_tag":[118],"class_list":{"0":"post-2909","1":"product","2":"type-product","3":"status-publish","4":"has-post-thumbnail","6":"product_cat-ayudas-para-comer","7":"product_tag-emo","9":"first","10":"instock","11":"shipping-taxable","12":"product-type-simple"},"_links":{"self":[{"href":"https:\/\/ortopediagot.net\/Inicio\/wp-json\/wp\/v2\/product\/2909"}],"collection":[{"href":"https:\/\/ortopediagot.net\/Inicio\/wp-json\/wp\/v2\/product"}],"about":[{"href":"https:\/\/ortopediagot.net\/Inicio\/wp-json\/wp\/v2\/types\/product"}],"replies":[{"embeddable":true,"href":"https:\/\/ortopediagot.net\/Inicio\/wp-json\/wp\/v2\/comments?post=2909"}],"wp:featuredmedia":[{"embeddable":true,"href":"https:\/\/ortopediagot.net\/Inicio\/wp-json\/wp\/v2\/media\/2910"}],"wp:attachment":[{"href":"https:\/\/ortopediagot.net\/Inicio\/wp-json\/wp\/v2\/media?parent=2909"}],"wp:term":[{"taxonomy":"product_brand","embeddable":true,"href":"https:\/\/ortopediagot.net\/Inicio\/wp-json\/wp\/v2\/product_brand?post=2909"},{"taxonomy":"product_cat","embeddable":true,"href":"https:\/\/ortopediagot.net\/Inicio\/wp-json\/wp\/v2\/product_cat?post=2909"},{"taxonomy":"product_tag","embeddable":true,"href":"https:\/\/ortopediagot.net\/Inicio\/wp-json\/wp\/v2\/product_tag?post=2909"}],"curies":[{"name":"wp","href":"https:\/\/api.w.org\/{rel}","templated":true}]}}