{"id":2915,"date":"2024-06-07T10:33:21","date_gmt":"2024-06-07T09:33:21","guid":{"rendered":"https:\/\/ortopediagot.net\/?post_type=product&#038;p=2915"},"modified":"2024-06-07T10:33:57","modified_gmt":"2024-06-07T09:33:57","slug":"cortador-de-verduras-one-touch-817020","status":"publish","type":"product","link":"https:\/\/ortopediagot.net\/Inicio\/producto\/cortador-de-verduras-one-touch-817020\/","title":{"rendered":"CORTADOR DE VERDURAS ONE TOUCH (817020)"},"content":{"rendered":"<p>CORTADOR DE VERDURAS ONE TOUCH (817020)<\/p>\n<div class=\"tsf-campo-acf-titulo tsf-campo-acf-titulo-caracteristicas tsf_campo-acf tsf_caracteristicas\"><strong>Caracteristicas<\/strong><\/div>\n<div>\n<div class=\"tsf-campo-acf-titulo tsf-campo-acf-titulo-caracteristicas tsf_campo-acf tsf_caracteristicas\"><\/div>\n<div class=\"tsf-campo-acf-valores tsf-campo-acf-valores-caracteristicas tsf_campo-acf tsf_caracteristicas\">Mandolina autom\u00e1tica e inal\u00e1mbrica de uso muy sencillo, con un solo bot\u00f3n para hacer r\u00e1pidamente sus ensaladas o preparaciones. 2 cortes diferentes: arandelas o juliana.<br \/>\nUnidad compacta con recipiente para verduras.<br \/>\nNo hay necesidad de presionar.<br \/>\nCuchillas f\u00e1cilmente intercambiables.<br \/>\nApto para lavavajillas.<\/div>\n<\/div>\n","protected":false},"excerpt":{"rendered":"<p>CORTADOR DE VERDURAS ONE TOUCH (817020) Caracteristicas Mandolina autom\u00e1tica e inal\u00e1mbrica de uso muy sencillo, con un solo bot\u00f3n para hacer r\u00e1pidamente sus ensaladas o preparaciones. 2 cortes diferentes: arandelas o juliana. Unidad compacta con recipiente para verduras. No hay necesidad de presionar. Cuchillas f\u00e1cilmente intercambiables. Apto para lavavajillas.<\/p>\n","protected":false},"featured_media":0,"comment_status":"open","ping_status":"closed","template":"","meta":{"saved_in_kubio":false},"product_brand":[],"product_cat":[78],"product_tag":[118],"class_list":{"0":"post-2915","1":"product","2":"type-product","3":"status-publish","5":"product_cat-ayudas-para-comer","6":"product_tag-emo","8":"first","9":"instock","10":"shipping-taxable","11":"product-type-simple"},"_links":{"self":[{"href":"https:\/\/ortopediagot.net\/Inicio\/wp-json\/wp\/v2\/product\/2915"}],"collection":[{"href":"https:\/\/ortopediagot.net\/Inicio\/wp-json\/wp\/v2\/product"}],"about":[{"href":"https:\/\/ortopediagot.net\/Inicio\/wp-json\/wp\/v2\/types\/product"}],"replies":[{"embeddable":true,"href":"https:\/\/ortopediagot.net\/Inicio\/wp-json\/wp\/v2\/comments?post=2915"}],"wp:attachment":[{"href":"https:\/\/ortopediagot.net\/Inicio\/wp-json\/wp\/v2\/media?parent=2915"}],"wp:term":[{"taxonomy":"product_brand","embeddable":true,"href":"https:\/\/ortopediagot.net\/Inicio\/wp-json\/wp\/v2\/product_brand?post=2915"},{"taxonomy":"product_cat","embeddable":true,"href":"https:\/\/ortopediagot.net\/Inicio\/wp-json\/wp\/v2\/product_cat?post=2915"},{"taxonomy":"product_tag","embeddable":true,"href":"https:\/\/ortopediagot.net\/Inicio\/wp-json\/wp\/v2\/product_tag?post=2915"}],"curies":[{"name":"wp","href":"https:\/\/api.w.org\/{rel}","templated":true}]}}