{"id":2928,"date":"2024-06-07T10:45:01","date_gmt":"2024-06-07T09:45:01","guid":{"rendered":"https:\/\/ortopediagot.net\/?post_type=product&#038;p=2928"},"modified":"2024-06-07T10:45:01","modified_gmt":"2024-06-07T09:45:01","slug":"abrelatas-autonomo-smart-touch","status":"publish","type":"product","link":"https:\/\/ortopediagot.net\/Inicio\/producto\/abrelatas-autonomo-smart-touch\/","title":{"rendered":"ABRELATAS AUTONOMO SMART TOUCH"},"content":{"rendered":"<p>ABRELATAS AUTONOMO SMART TOUCH (817292)<\/p>\n<div class=\"tsf-campo-acf-titulo tsf-campo-acf-titulo-caracteristicas tsf_campo-acf tsf_caracteristicas\"><strong>Caracter\u00edsticas<\/strong><\/div>\n<div><\/div>\n<div class=\"tsf-campo-acf-valores tsf-campo-acf-valores-caracteristicas tsf_campo-acf tsf_caracteristicas\">Totalmente aut\u00f3nomo: presiona el bot\u00f3n y abrir\u00e1 tu lata por s\u00ed solo.<br \/>\nNo hay necesidad de tirar de una palanca demasiado fuerte para preparar sus platos.<br \/>\nSistema muy higi\u00e9nico: la parte de la cuchilla es extra\u00edble para ponerla directamente en el lavavajillas.<br \/>\nTiene un abrebotellas en su extremo.<br \/>\nRequiere 2 pilas AA no incluidas.<\/div>\n","protected":false},"excerpt":{"rendered":"<p>ABRELATAS AUTONOMO SMART TOUCH (817292) Caracter\u00edsticas Totalmente aut\u00f3nomo: presiona el bot\u00f3n y abrir\u00e1 tu lata por s\u00ed solo. No hay necesidad de tirar de una palanca demasiado fuerte para preparar sus platos. Sistema muy higi\u00e9nico: la parte de la cuchilla es extra\u00edble para ponerla directamente en el lavavajillas. Tiene un abrebotellas en su extremo. Requiere [&hellip;]<\/p>\n","protected":false},"featured_media":2929,"comment_status":"open","ping_status":"closed","template":"","meta":{"saved_in_kubio":false},"product_brand":[],"product_cat":[78],"product_tag":[118],"class_list":{"0":"post-2928","1":"product","2":"type-product","3":"status-publish","4":"has-post-thumbnail","6":"product_cat-ayudas-para-comer","7":"product_tag-emo","9":"first","10":"instock","11":"shipping-taxable","12":"product-type-simple"},"_links":{"self":[{"href":"https:\/\/ortopediagot.net\/Inicio\/wp-json\/wp\/v2\/product\/2928"}],"collection":[{"href":"https:\/\/ortopediagot.net\/Inicio\/wp-json\/wp\/v2\/product"}],"about":[{"href":"https:\/\/ortopediagot.net\/Inicio\/wp-json\/wp\/v2\/types\/product"}],"replies":[{"embeddable":true,"href":"https:\/\/ortopediagot.net\/Inicio\/wp-json\/wp\/v2\/comments?post=2928"}],"wp:featuredmedia":[{"embeddable":true,"href":"https:\/\/ortopediagot.net\/Inicio\/wp-json\/wp\/v2\/media\/2929"}],"wp:attachment":[{"href":"https:\/\/ortopediagot.net\/Inicio\/wp-json\/wp\/v2\/media?parent=2928"}],"wp:term":[{"taxonomy":"product_brand","embeddable":true,"href":"https:\/\/ortopediagot.net\/Inicio\/wp-json\/wp\/v2\/product_brand?post=2928"},{"taxonomy":"product_cat","embeddable":true,"href":"https:\/\/ortopediagot.net\/Inicio\/wp-json\/wp\/v2\/product_cat?post=2928"},{"taxonomy":"product_tag","embeddable":true,"href":"https:\/\/ortopediagot.net\/Inicio\/wp-json\/wp\/v2\/product_tag?post=2928"}],"curies":[{"name":"wp","href":"https:\/\/api.w.org\/{rel}","templated":true}]}}