{"id":2932,"date":"2024-06-07T10:46:22","date_gmt":"2024-06-07T09:46:22","guid":{"rendered":"https:\/\/ortopediagot.net\/?post_type=product&#038;p=2932"},"modified":"2024-06-07T10:46:23","modified_gmt":"2024-06-07T09:46:23","slug":"tabla-de-corte-con-cuchillo","status":"publish","type":"product","link":"https:\/\/ortopediagot.net\/Inicio\/producto\/tabla-de-corte-con-cuchillo\/","title":{"rendered":"TABLA DE CORTE CON CUCHILLO"},"content":{"rendered":"<p>TABLA DE CORTE CON CUCHILLO (817015)<\/p>\n<div class=\"tsf-campo-acf-titulo tsf-campo-acf-titulo-caracteristicas tsf_campo-acf tsf_caracteristicas\"><strong>Caracter\u00edsticas<\/strong><\/div>\n<div><\/div>\n<div class=\"tsf-campo-acf-valores tsf-campo-acf-valores-caracteristicas tsf_campo-acf tsf_caracteristicas\">Esta gran tabla est\u00e1 equipada con un gran cuchillo ideal para cortar los alimentos con una mano, clavos para asegurar las frutas y verduras para que sean m\u00e1s f\u00e1ciles de pelar y tambi\u00e9n para cortar pan y bizcochos sin resbalar.<br \/>\nSe sujeta firmemente a su mesa gracias a 4 ventosas.<br \/>\nCuchillo extra\u00edble para la limpieza.<\/div>\n","protected":false},"excerpt":{"rendered":"<p>TABLA DE CORTE CON CUCHILLO (817015) Caracter\u00edsticas Esta gran tabla est\u00e1 equipada con un gran cuchillo ideal para cortar los alimentos con una mano, clavos para asegurar las frutas y verduras para que sean m\u00e1s f\u00e1ciles de pelar y tambi\u00e9n para cortar pan y bizcochos sin resbalar. Se sujeta firmemente a su mesa gracias a [&hellip;]<\/p>\n","protected":false},"featured_media":2933,"comment_status":"open","ping_status":"closed","template":"","meta":{"saved_in_kubio":false},"product_brand":[],"product_cat":[78],"product_tag":[118],"class_list":{"0":"post-2932","1":"product","2":"type-product","3":"status-publish","4":"has-post-thumbnail","6":"product_cat-ayudas-para-comer","7":"product_tag-emo","9":"first","10":"instock","11":"shipping-taxable","12":"product-type-simple"},"_links":{"self":[{"href":"https:\/\/ortopediagot.net\/Inicio\/wp-json\/wp\/v2\/product\/2932"}],"collection":[{"href":"https:\/\/ortopediagot.net\/Inicio\/wp-json\/wp\/v2\/product"}],"about":[{"href":"https:\/\/ortopediagot.net\/Inicio\/wp-json\/wp\/v2\/types\/product"}],"replies":[{"embeddable":true,"href":"https:\/\/ortopediagot.net\/Inicio\/wp-json\/wp\/v2\/comments?post=2932"}],"wp:featuredmedia":[{"embeddable":true,"href":"https:\/\/ortopediagot.net\/Inicio\/wp-json\/wp\/v2\/media\/2933"}],"wp:attachment":[{"href":"https:\/\/ortopediagot.net\/Inicio\/wp-json\/wp\/v2\/media?parent=2932"}],"wp:term":[{"taxonomy":"product_brand","embeddable":true,"href":"https:\/\/ortopediagot.net\/Inicio\/wp-json\/wp\/v2\/product_brand?post=2932"},{"taxonomy":"product_cat","embeddable":true,"href":"https:\/\/ortopediagot.net\/Inicio\/wp-json\/wp\/v2\/product_cat?post=2932"},{"taxonomy":"product_tag","embeddable":true,"href":"https:\/\/ortopediagot.net\/Inicio\/wp-json\/wp\/v2\/product_tag?post=2932"}],"curies":[{"name":"wp","href":"https:\/\/api.w.org\/{rel}","templated":true}]}}