{"id":2934,"date":"2024-06-07T10:47:39","date_gmt":"2024-06-07T09:47:39","guid":{"rendered":"https:\/\/ortopediagot.net\/?post_type=product&#038;p=2934"},"modified":"2024-06-07T10:47:40","modified_gmt":"2024-06-07T09:47:40","slug":"tabla-de-preparacion-culinaria","status":"publish","type":"product","link":"https:\/\/ortopediagot.net\/Inicio\/producto\/tabla-de-preparacion-culinaria\/","title":{"rendered":"TABLA DE PREPARACI\u00d3N CULINARIA"},"content":{"rendered":"<p>TABLA DE PREPARACI\u00d3N CULINARIA (817075)<\/p>\n<div class=\"tsf-campo-acf-titulo tsf-campo-acf-titulo-caracteristicas tsf_campo-acf tsf_caracteristicas\"><strong>Caracter\u00edsticas<\/strong><\/div>\n<div><\/div>\n<div class=\"tsf-campo-acf-valores tsf-campo-acf-valores-caracteristicas tsf_campo-acf tsf_caracteristicas\">Esta superficie de trabajo es ideal para preparar sus comidas, pelar sus verduras, hacer sus preparaciones culinarias con una mano.<br \/>\nSe recomienda para personas con osteoartritis y debilidades de agarre.<br \/>\nEste plan de preparaci\u00f3n y corte dispone de un tornillo de banco regulable gracias a una palanca de f\u00e1cil manejo para la instalaci\u00f3n de recipientes, pan, jam\u00f3n etc , pinchos extra\u00edbles para la fijaci\u00f3n de los alimentos.<br \/>\nEste plano se sujeta firmemente al soporte gracias a 4 ventosas. Dimensiones: 31,5 x 29,5 cm.<br \/>\nApto para lavavajillas.<\/div>\n","protected":false},"excerpt":{"rendered":"<p>TABLA DE PREPARACI\u00d3N CULINARIA (817075) Caracter\u00edsticas Esta superficie de trabajo es ideal para preparar sus comidas, pelar sus verduras, hacer sus preparaciones culinarias con una mano. Se recomienda para personas con osteoartritis y debilidades de agarre. Este plan de preparaci\u00f3n y corte dispone de un tornillo de banco regulable gracias a una palanca de f\u00e1cil [&hellip;]<\/p>\n","protected":false},"featured_media":2935,"comment_status":"open","ping_status":"closed","template":"","meta":{"saved_in_kubio":false},"product_brand":[],"product_cat":[78],"product_tag":[118],"class_list":{"0":"post-2934","1":"product","2":"type-product","3":"status-publish","4":"has-post-thumbnail","6":"product_cat-ayudas-para-comer","7":"product_tag-emo","9":"first","10":"instock","11":"shipping-taxable","12":"product-type-simple"},"_links":{"self":[{"href":"https:\/\/ortopediagot.net\/Inicio\/wp-json\/wp\/v2\/product\/2934"}],"collection":[{"href":"https:\/\/ortopediagot.net\/Inicio\/wp-json\/wp\/v2\/product"}],"about":[{"href":"https:\/\/ortopediagot.net\/Inicio\/wp-json\/wp\/v2\/types\/product"}],"replies":[{"embeddable":true,"href":"https:\/\/ortopediagot.net\/Inicio\/wp-json\/wp\/v2\/comments?post=2934"}],"wp:featuredmedia":[{"embeddable":true,"href":"https:\/\/ortopediagot.net\/Inicio\/wp-json\/wp\/v2\/media\/2935"}],"wp:attachment":[{"href":"https:\/\/ortopediagot.net\/Inicio\/wp-json\/wp\/v2\/media?parent=2934"}],"wp:term":[{"taxonomy":"product_brand","embeddable":true,"href":"https:\/\/ortopediagot.net\/Inicio\/wp-json\/wp\/v2\/product_brand?post=2934"},{"taxonomy":"product_cat","embeddable":true,"href":"https:\/\/ortopediagot.net\/Inicio\/wp-json\/wp\/v2\/product_cat?post=2934"},{"taxonomy":"product_tag","embeddable":true,"href":"https:\/\/ortopediagot.net\/Inicio\/wp-json\/wp\/v2\/product_tag?post=2934"}],"curies":[{"name":"wp","href":"https:\/\/api.w.org\/{rel}","templated":true}]}}