{"id":2939,"date":"2024-06-07T10:53:55","date_gmt":"2024-06-07T09:53:55","guid":{"rendered":"https:\/\/ortopediagot.net\/?post_type=product&#038;p=2939"},"modified":"2024-06-07T10:53:56","modified_gmt":"2024-06-07T09:53:56","slug":"tabla-de-corte","status":"publish","type":"product","link":"https:\/\/ortopediagot.net\/Inicio\/producto\/tabla-de-corte\/","title":{"rendered":"TABLA DE CORTE"},"content":{"rendered":"<p>TABLA DE CORTE (817188)<\/p>\n<div class=\"tsf-campo-acf-titulo tsf-campo-acf-titulo-caracteristicas tsf_campo-acf tsf_caracteristicas\"><strong>Caracter\u00edsticas<\/strong><\/div>\n<div><\/div>\n<div class=\"tsf-campo-acf-valores tsf-campo-acf-valores-caracteristicas tsf_campo-acf tsf_caracteristicas\">Nuestra tabla de corte tiene un dise\u00f1o ultra resistente con una parte inferior antideslizante para la preparaci\u00f3n de alimentos. Gracias a sus 2 bordes en una esquina, facilita su difusi\u00f3n.<br \/>\nLas p\u00faas se usan para bloquear un alimento para cortarlo o pelarlo. Las puntas son removibles.<br \/>\nPolicarbonato grado alimenticio y acero inoxidable.<br \/>\nDimensiones 26 x 18 cm.<br \/>\nApto para lavavajillas.<\/div>\n","protected":false},"excerpt":{"rendered":"<p>TABLA DE CORTE (817188) Caracter\u00edsticas Nuestra tabla de corte tiene un dise\u00f1o ultra resistente con una parte inferior antideslizante para la preparaci\u00f3n de alimentos. Gracias a sus 2 bordes en una esquina, facilita su difusi\u00f3n. Las p\u00faas se usan para bloquear un alimento para cortarlo o pelarlo. Las puntas son removibles. Policarbonato grado alimenticio y [&hellip;]<\/p>\n","protected":false},"featured_media":2940,"comment_status":"open","ping_status":"closed","template":"","meta":{"saved_in_kubio":false},"product_brand":[],"product_cat":[78],"product_tag":[118],"class_list":{"0":"post-2939","1":"product","2":"type-product","3":"status-publish","4":"has-post-thumbnail","6":"product_cat-ayudas-para-comer","7":"product_tag-emo","9":"first","10":"instock","11":"shipping-taxable","12":"product-type-simple"},"_links":{"self":[{"href":"https:\/\/ortopediagot.net\/Inicio\/wp-json\/wp\/v2\/product\/2939"}],"collection":[{"href":"https:\/\/ortopediagot.net\/Inicio\/wp-json\/wp\/v2\/product"}],"about":[{"href":"https:\/\/ortopediagot.net\/Inicio\/wp-json\/wp\/v2\/types\/product"}],"replies":[{"embeddable":true,"href":"https:\/\/ortopediagot.net\/Inicio\/wp-json\/wp\/v2\/comments?post=2939"}],"wp:featuredmedia":[{"embeddable":true,"href":"https:\/\/ortopediagot.net\/Inicio\/wp-json\/wp\/v2\/media\/2940"}],"wp:attachment":[{"href":"https:\/\/ortopediagot.net\/Inicio\/wp-json\/wp\/v2\/media?parent=2939"}],"wp:term":[{"taxonomy":"product_brand","embeddable":true,"href":"https:\/\/ortopediagot.net\/Inicio\/wp-json\/wp\/v2\/product_brand?post=2939"},{"taxonomy":"product_cat","embeddable":true,"href":"https:\/\/ortopediagot.net\/Inicio\/wp-json\/wp\/v2\/product_cat?post=2939"},{"taxonomy":"product_tag","embeddable":true,"href":"https:\/\/ortopediagot.net\/Inicio\/wp-json\/wp\/v2\/product_tag?post=2939"}],"curies":[{"name":"wp","href":"https:\/\/api.w.org\/{rel}","templated":true}]}}