{"id":2942,"date":"2024-06-07T10:58:21","date_gmt":"2024-06-07T09:58:21","guid":{"rendered":"https:\/\/ortopediagot.net\/?post_type=product&#038;p=2942"},"modified":"2024-06-07T10:58:22","modified_gmt":"2024-06-07T09:58:22","slug":"tabla-preparacion-culinaria-maxi","status":"publish","type":"product","link":"https:\/\/ortopediagot.net\/Inicio\/producto\/tabla-preparacion-culinaria-maxi\/","title":{"rendered":"TABLA PREPARACI\u00d3N CULINARIA MAXI"},"content":{"rendered":"<p>TABLA PREPARACI\u00d3N CULINARIA MAXI (817190)<\/p>\n<div class=\"tsf-campo-acf-titulo tsf-campo-acf-titulo-caracteristicas tsf_campo-acf tsf_caracteristicas\"><strong>Caracter\u00edsticas<\/strong><\/div>\n<div><\/div>\n<div class=\"tsf-campo-acf-valores tsf-campo-acf-valores-caracteristicas tsf_campo-acf tsf_caracteristicas\">Prepare su comida m\u00e1s f\u00e1cilmente porque con nuestro completo plan de preparaci\u00f3n.<br \/>\nIncluye un tornillo de banco con un mango muy f\u00e1cil de manejar para asegurar sus platos o alimentos, una parte peladora\/trituradora entregada con 3 insertos de corte diferentes, un cepillo para limpiar los alimentos con una mano, picos para fijar el alimento a cortar o pelar, y finalmente 2 bordes para sujetar el pan.<br \/>\nEquipo de 4 ventosas en la parte inferior para mantenerlo fijado firmemente en la superficie de trabajo.<br \/>\nDimensiones : Largo 50 x ancho 30 x alto 14,5 cm.<br \/>\nPeso 1,7 kg.<br \/>\nLavado a mano.<\/div>\n","protected":false},"excerpt":{"rendered":"<p>TABLA PREPARACI\u00d3N CULINARIA MAXI (817190) Caracter\u00edsticas Prepare su comida m\u00e1s f\u00e1cilmente porque con nuestro completo plan de preparaci\u00f3n. Incluye un tornillo de banco con un mango muy f\u00e1cil de manejar para asegurar sus platos o alimentos, una parte peladora\/trituradora entregada con 3 insertos de corte diferentes, un cepillo para limpiar los alimentos con una mano, [&hellip;]<\/p>\n","protected":false},"featured_media":2943,"comment_status":"open","ping_status":"closed","template":"","meta":{"saved_in_kubio":false},"product_brand":[],"product_cat":[78],"product_tag":[118],"class_list":{"0":"post-2942","1":"product","2":"type-product","3":"status-publish","4":"has-post-thumbnail","6":"product_cat-ayudas-para-comer","7":"product_tag-emo","9":"first","10":"instock","11":"shipping-taxable","12":"product-type-simple"},"_links":{"self":[{"href":"https:\/\/ortopediagot.net\/Inicio\/wp-json\/wp\/v2\/product\/2942"}],"collection":[{"href":"https:\/\/ortopediagot.net\/Inicio\/wp-json\/wp\/v2\/product"}],"about":[{"href":"https:\/\/ortopediagot.net\/Inicio\/wp-json\/wp\/v2\/types\/product"}],"replies":[{"embeddable":true,"href":"https:\/\/ortopediagot.net\/Inicio\/wp-json\/wp\/v2\/comments?post=2942"}],"wp:featuredmedia":[{"embeddable":true,"href":"https:\/\/ortopediagot.net\/Inicio\/wp-json\/wp\/v2\/media\/2943"}],"wp:attachment":[{"href":"https:\/\/ortopediagot.net\/Inicio\/wp-json\/wp\/v2\/media?parent=2942"}],"wp:term":[{"taxonomy":"product_brand","embeddable":true,"href":"https:\/\/ortopediagot.net\/Inicio\/wp-json\/wp\/v2\/product_brand?post=2942"},{"taxonomy":"product_cat","embeddable":true,"href":"https:\/\/ortopediagot.net\/Inicio\/wp-json\/wp\/v2\/product_cat?post=2942"},{"taxonomy":"product_tag","embeddable":true,"href":"https:\/\/ortopediagot.net\/Inicio\/wp-json\/wp\/v2\/product_tag?post=2942"}],"curies":[{"name":"wp","href":"https:\/\/api.w.org\/{rel}","templated":true}]}}