{"id":2952,"date":"2024-06-07T11:01:53","date_gmt":"2024-06-07T10:01:53","guid":{"rendered":"https:\/\/ortopediagot.net\/?post_type=product&#038;p=2952"},"modified":"2024-06-07T11:01:54","modified_gmt":"2024-06-07T10:01:54","slug":"peladora-electrica-de-frutas-y-verduras","status":"publish","type":"product","link":"https:\/\/ortopediagot.net\/Inicio\/producto\/peladora-electrica-de-frutas-y-verduras\/","title":{"rendered":"PELADORA EL\u00c9CTRICA DE FRUTAS Y VERDURAS"},"content":{"rendered":"<p>PELADORA EL\u00c9CTRICA DE FRUTAS Y VERDURAS (817045)<\/p>\n<div class=\"tsf-campo-acf-titulo tsf-campo-acf-titulo-caracteristicas tsf_campo-acf tsf_caracteristicas\"><strong>Caracter\u00edsticas<\/strong><\/div>\n<div><\/div>\n<div class=\"tsf-campo-acf-valores tsf-campo-acf-valores-caracteristicas tsf_campo-acf tsf_caracteristicas\">Esta m\u00e1quina pela frutas y verduras para usted.<br \/>\nSimplemente conecte la fruta deseada al soporte de la punta, baje la punta de sujeci\u00f3n y presione el bot\u00f3n.<br \/>\nFunciona con 4 pilas AA no incluidas.<br \/>\nDimensiones: 29 x 16 x 15 cm.<br \/>\nPeso 500 g.<\/div>\n","protected":false},"excerpt":{"rendered":"<p>PELADORA EL\u00c9CTRICA DE FRUTAS Y VERDURAS (817045) Caracter\u00edsticas Esta m\u00e1quina pela frutas y verduras para usted. Simplemente conecte la fruta deseada al soporte de la punta, baje la punta de sujeci\u00f3n y presione el bot\u00f3n. Funciona con 4 pilas AA no incluidas. Dimensiones: 29 x 16 x 15 cm. Peso 500 g.<\/p>\n","protected":false},"featured_media":2953,"comment_status":"open","ping_status":"closed","template":"","meta":{"saved_in_kubio":false},"product_brand":[],"product_cat":[78],"product_tag":[118],"class_list":{"0":"post-2952","1":"product","2":"type-product","3":"status-publish","4":"has-post-thumbnail","6":"product_cat-ayudas-para-comer","7":"product_tag-emo","9":"first","10":"instock","11":"shipping-taxable","12":"product-type-simple"},"_links":{"self":[{"href":"https:\/\/ortopediagot.net\/Inicio\/wp-json\/wp\/v2\/product\/2952"}],"collection":[{"href":"https:\/\/ortopediagot.net\/Inicio\/wp-json\/wp\/v2\/product"}],"about":[{"href":"https:\/\/ortopediagot.net\/Inicio\/wp-json\/wp\/v2\/types\/product"}],"replies":[{"embeddable":true,"href":"https:\/\/ortopediagot.net\/Inicio\/wp-json\/wp\/v2\/comments?post=2952"}],"wp:featuredmedia":[{"embeddable":true,"href":"https:\/\/ortopediagot.net\/Inicio\/wp-json\/wp\/v2\/media\/2953"}],"wp:attachment":[{"href":"https:\/\/ortopediagot.net\/Inicio\/wp-json\/wp\/v2\/media?parent=2952"}],"wp:term":[{"taxonomy":"product_brand","embeddable":true,"href":"https:\/\/ortopediagot.net\/Inicio\/wp-json\/wp\/v2\/product_brand?post=2952"},{"taxonomy":"product_cat","embeddable":true,"href":"https:\/\/ortopediagot.net\/Inicio\/wp-json\/wp\/v2\/product_cat?post=2952"},{"taxonomy":"product_tag","embeddable":true,"href":"https:\/\/ortopediagot.net\/Inicio\/wp-json\/wp\/v2\/product_tag?post=2952"}],"curies":[{"name":"wp","href":"https:\/\/api.w.org\/{rel}","templated":true}]}}