{"id":2963,"date":"2024-06-07T11:09:52","date_gmt":"2024-06-07T10:09:52","guid":{"rendered":"https:\/\/ortopediagot.net\/?post_type=product&#038;p=2963"},"modified":"2024-06-07T11:09:52","modified_gmt":"2024-06-07T10:09:52","slug":"cuchillo-tenedor-en-forma-de-l","status":"publish","type":"product","link":"https:\/\/ortopediagot.net\/Inicio\/producto\/cuchillo-tenedor-en-forma-de-l\/","title":{"rendered":"CUCHILLO TENEDOR EN FORMA DE L"},"content":{"rendered":"<p>CUCHILLO TENEDOR EN FORMA DE L (817048)<\/p>\n<div class=\"tsf-campo-acf-titulo tsf-campo-acf-titulo-caracteristicas tsf_campo-acf tsf_caracteristicas\"><strong>Caracter\u00edsticas<\/strong><\/div>\n<div><\/div>\n<div class=\"tsf-campo-acf-valores tsf-campo-acf-valores-caracteristicas tsf_campo-acf tsf_caracteristicas\">Este cuchillo tenedor tiene un mango ergon\u00f3mico en forma de L, inspirado directamente en los cuchillos de carnicero, que limita el esfuerzo de corte o uso.<br \/>\nEl mango ergon\u00f3mico est\u00e1 hecho de material antideslizante para que no resbale durante la preparaci\u00f3n.<\/div>\n","protected":false},"excerpt":{"rendered":"<p>CUCHILLO TENEDOR EN FORMA DE L (817048) Caracter\u00edsticas Este cuchillo tenedor tiene un mango ergon\u00f3mico en forma de L, inspirado directamente en los cuchillos de carnicero, que limita el esfuerzo de corte o uso. El mango ergon\u00f3mico est\u00e1 hecho de material antideslizante para que no resbale durante la preparaci\u00f3n.<\/p>\n","protected":false},"featured_media":2964,"comment_status":"open","ping_status":"closed","template":"","meta":{"saved_in_kubio":false},"product_brand":[],"product_cat":[78],"product_tag":[118],"class_list":{"0":"post-2963","1":"product","2":"type-product","3":"status-publish","4":"has-post-thumbnail","6":"product_cat-ayudas-para-comer","7":"product_tag-emo","9":"first","10":"instock","11":"shipping-taxable","12":"product-type-simple"},"_links":{"self":[{"href":"https:\/\/ortopediagot.net\/Inicio\/wp-json\/wp\/v2\/product\/2963"}],"collection":[{"href":"https:\/\/ortopediagot.net\/Inicio\/wp-json\/wp\/v2\/product"}],"about":[{"href":"https:\/\/ortopediagot.net\/Inicio\/wp-json\/wp\/v2\/types\/product"}],"replies":[{"embeddable":true,"href":"https:\/\/ortopediagot.net\/Inicio\/wp-json\/wp\/v2\/comments?post=2963"}],"wp:featuredmedia":[{"embeddable":true,"href":"https:\/\/ortopediagot.net\/Inicio\/wp-json\/wp\/v2\/media\/2964"}],"wp:attachment":[{"href":"https:\/\/ortopediagot.net\/Inicio\/wp-json\/wp\/v2\/media?parent=2963"}],"wp:term":[{"taxonomy":"product_brand","embeddable":true,"href":"https:\/\/ortopediagot.net\/Inicio\/wp-json\/wp\/v2\/product_brand?post=2963"},{"taxonomy":"product_cat","embeddable":true,"href":"https:\/\/ortopediagot.net\/Inicio\/wp-json\/wp\/v2\/product_cat?post=2963"},{"taxonomy":"product_tag","embeddable":true,"href":"https:\/\/ortopediagot.net\/Inicio\/wp-json\/wp\/v2\/product_tag?post=2963"}],"curies":[{"name":"wp","href":"https:\/\/api.w.org\/{rel}","templated":true}]}}