{"id":2974,"date":"2024-06-07T11:18:37","date_gmt":"2024-06-07T10:18:37","guid":{"rendered":"https:\/\/ortopediagot.net\/?post_type=product&#038;p=2974"},"modified":"2024-06-07T11:18:37","modified_gmt":"2024-06-07T10:18:37","slug":"cortador-oxo-easy","status":"publish","type":"product","link":"https:\/\/ortopediagot.net\/Inicio\/producto\/cortador-oxo-easy\/","title":{"rendered":"CORTADOR OXO EASY"},"content":{"rendered":"<p>CORTADOR OXO EASY (817119)<\/p>\n<div class=\"tsf-campo-acf-titulo tsf-campo-acf-titulo-caracteristicas tsf_campo-acf tsf_caracteristicas\"><strong>Caracter\u00edsticas<\/strong><\/div>\n<div><\/div>\n<div class=\"tsf-campo-acf-valores tsf-campo-acf-valores-caracteristicas tsf_campo-acf tsf_caracteristicas\">La picadora es f\u00e1cil de usar, su gran bot\u00f3n antideslizante le permite cortar los alimentos con una sola pulsaci\u00f3n.<br \/>\nEl sistema de bot\u00f3n giratorio permite picar la comida varias veces. La l\u00e1mina integrada permite que los alimentos se recuperen f\u00e1cilmente de la pared.<br \/>\nRecipiente con tapa para guardar los alimentos.<br \/>\nHoja de acero inoxidable.<br \/>\nApto para lavavajillas.<br \/>\nAltura 20 cm.<br \/>\nCapacidad 200 grs.<\/div>\n","protected":false},"excerpt":{"rendered":"<p>CORTADOR OXO EASY (817119) Caracter\u00edsticas La picadora es f\u00e1cil de usar, su gran bot\u00f3n antideslizante le permite cortar los alimentos con una sola pulsaci\u00f3n. El sistema de bot\u00f3n giratorio permite picar la comida varias veces. La l\u00e1mina integrada permite que los alimentos se recuperen f\u00e1cilmente de la pared. Recipiente con tapa para guardar los alimentos. [&hellip;]<\/p>\n","protected":false},"featured_media":2975,"comment_status":"open","ping_status":"closed","template":"","meta":{"saved_in_kubio":false},"product_brand":[],"product_cat":[78],"product_tag":[118],"class_list":{"0":"post-2974","1":"product","2":"type-product","3":"status-publish","4":"has-post-thumbnail","6":"product_cat-ayudas-para-comer","7":"product_tag-emo","9":"first","10":"instock","11":"shipping-taxable","12":"product-type-simple"},"_links":{"self":[{"href":"https:\/\/ortopediagot.net\/Inicio\/wp-json\/wp\/v2\/product\/2974"}],"collection":[{"href":"https:\/\/ortopediagot.net\/Inicio\/wp-json\/wp\/v2\/product"}],"about":[{"href":"https:\/\/ortopediagot.net\/Inicio\/wp-json\/wp\/v2\/types\/product"}],"replies":[{"embeddable":true,"href":"https:\/\/ortopediagot.net\/Inicio\/wp-json\/wp\/v2\/comments?post=2974"}],"wp:featuredmedia":[{"embeddable":true,"href":"https:\/\/ortopediagot.net\/Inicio\/wp-json\/wp\/v2\/media\/2975"}],"wp:attachment":[{"href":"https:\/\/ortopediagot.net\/Inicio\/wp-json\/wp\/v2\/media?parent=2974"}],"wp:term":[{"taxonomy":"product_brand","embeddable":true,"href":"https:\/\/ortopediagot.net\/Inicio\/wp-json\/wp\/v2\/product_brand?post=2974"},{"taxonomy":"product_cat","embeddable":true,"href":"https:\/\/ortopediagot.net\/Inicio\/wp-json\/wp\/v2\/product_cat?post=2974"},{"taxonomy":"product_tag","embeddable":true,"href":"https:\/\/ortopediagot.net\/Inicio\/wp-json\/wp\/v2\/product_tag?post=2974"}],"curies":[{"name":"wp","href":"https:\/\/api.w.org\/{rel}","templated":true}]}}