{"id":2976,"date":"2024-06-07T11:19:35","date_gmt":"2024-06-07T10:19:35","guid":{"rendered":"https:\/\/ortopediagot.net\/?post_type=product&#038;p=2976"},"modified":"2024-06-07T11:19:35","modified_gmt":"2024-06-07T10:19:35","slug":"escurridor-de-ensaladas-oxo","status":"publish","type":"product","link":"https:\/\/ortopediagot.net\/Inicio\/producto\/escurridor-de-ensaladas-oxo\/","title":{"rendered":"ESCURRIDOR DE ENSALADAS OXO"},"content":{"rendered":"<p>ESCURRIDOR DE ENSALADAS OXO (817123)<\/p>\n<div class=\"tsf-campo-acf-titulo tsf-campo-acf-titulo-caracteristicas tsf_campo-acf tsf_caracteristicas\"><strong>Caracter\u00edsticas<\/strong><\/div>\n<div><\/div>\n<div class=\"tsf-campo-acf-valores tsf-campo-acf-valores-caracteristicas tsf_campo-acf tsf_caracteristicas\">Con una simple presi\u00f3n de la palma de la mano, usted puede escurrir eficazmente su ensalada cortada.<br \/>\nPulsando el otro bot\u00f3n, la rotaci\u00f3n se detiene instant\u00e1neamente. Se entrega con tapa para guardar la ensalada.<\/div>\n","protected":false},"excerpt":{"rendered":"<p>ESCURRIDOR DE ENSALADAS OXO (817123) Caracter\u00edsticas Con una simple presi\u00f3n de la palma de la mano, usted puede escurrir eficazmente su ensalada cortada. Pulsando el otro bot\u00f3n, la rotaci\u00f3n se detiene instant\u00e1neamente. Se entrega con tapa para guardar la ensalada.<\/p>\n","protected":false},"featured_media":2977,"comment_status":"open","ping_status":"closed","template":"","meta":{"saved_in_kubio":false},"product_brand":[],"product_cat":[78],"product_tag":[118],"class_list":{"0":"post-2976","1":"product","2":"type-product","3":"status-publish","4":"has-post-thumbnail","6":"product_cat-ayudas-para-comer","7":"product_tag-emo","9":"first","10":"instock","11":"shipping-taxable","12":"product-type-simple"},"_links":{"self":[{"href":"https:\/\/ortopediagot.net\/Inicio\/wp-json\/wp\/v2\/product\/2976"}],"collection":[{"href":"https:\/\/ortopediagot.net\/Inicio\/wp-json\/wp\/v2\/product"}],"about":[{"href":"https:\/\/ortopediagot.net\/Inicio\/wp-json\/wp\/v2\/types\/product"}],"replies":[{"embeddable":true,"href":"https:\/\/ortopediagot.net\/Inicio\/wp-json\/wp\/v2\/comments?post=2976"}],"wp:featuredmedia":[{"embeddable":true,"href":"https:\/\/ortopediagot.net\/Inicio\/wp-json\/wp\/v2\/media\/2977"}],"wp:attachment":[{"href":"https:\/\/ortopediagot.net\/Inicio\/wp-json\/wp\/v2\/media?parent=2976"}],"wp:term":[{"taxonomy":"product_brand","embeddable":true,"href":"https:\/\/ortopediagot.net\/Inicio\/wp-json\/wp\/v2\/product_brand?post=2976"},{"taxonomy":"product_cat","embeddable":true,"href":"https:\/\/ortopediagot.net\/Inicio\/wp-json\/wp\/v2\/product_cat?post=2976"},{"taxonomy":"product_tag","embeddable":true,"href":"https:\/\/ortopediagot.net\/Inicio\/wp-json\/wp\/v2\/product_tag?post=2976"}],"curies":[{"name":"wp","href":"https:\/\/api.w.org\/{rel}","templated":true}]}}