{"id":2979,"date":"2024-06-07T11:21:15","date_gmt":"2024-06-07T10:21:15","guid":{"rendered":"https:\/\/ortopediagot.net\/?post_type=product&#038;p=2979"},"modified":"2024-06-07T11:21:15","modified_gmt":"2024-06-07T10:21:15","slug":"tijeras-ergonomicas","status":"publish","type":"product","link":"https:\/\/ortopediagot.net\/Inicio\/producto\/tijeras-ergonomicas\/","title":{"rendered":"TIJERAS ERGON\u00d3MICAS"},"content":{"rendered":"<p>TIJERAS ERGON\u00d3MICAS (819021)<\/p>\n<div class=\"tsf-campo-acf-titulo tsf-campo-acf-titulo-caracteristicas tsf_campo-acf tsf_caracteristicas\"><strong>Caracter\u00edsticas<\/strong><\/div>\n<div><\/div>\n<div class=\"tsf-campo-acf-valores tsf-campo-acf-valores-caracteristicas tsf_campo-acf tsf_caracteristicas\">Tijeras de alta calidad con grandes asas ergon\u00f3micas.<br \/>\nVuelven solos a la posici\u00f3n abierta.<br \/>\nLargo 19 cm.<\/div>\n","protected":false},"excerpt":{"rendered":"<p>TIJERAS ERGON\u00d3MICAS (819021) Caracter\u00edsticas Tijeras de alta calidad con grandes asas ergon\u00f3micas. Vuelven solos a la posici\u00f3n abierta. Largo 19 cm.<\/p>\n","protected":false},"featured_media":2980,"comment_status":"open","ping_status":"closed","template":"","meta":{"saved_in_kubio":false},"product_brand":[],"product_cat":[78],"product_tag":[118],"class_list":{"0":"post-2979","1":"product","2":"type-product","3":"status-publish","4":"has-post-thumbnail","6":"product_cat-ayudas-para-comer","7":"product_tag-emo","9":"first","10":"instock","11":"shipping-taxable","12":"product-type-simple"},"_links":{"self":[{"href":"https:\/\/ortopediagot.net\/Inicio\/wp-json\/wp\/v2\/product\/2979"}],"collection":[{"href":"https:\/\/ortopediagot.net\/Inicio\/wp-json\/wp\/v2\/product"}],"about":[{"href":"https:\/\/ortopediagot.net\/Inicio\/wp-json\/wp\/v2\/types\/product"}],"replies":[{"embeddable":true,"href":"https:\/\/ortopediagot.net\/Inicio\/wp-json\/wp\/v2\/comments?post=2979"}],"wp:featuredmedia":[{"embeddable":true,"href":"https:\/\/ortopediagot.net\/Inicio\/wp-json\/wp\/v2\/media\/2980"}],"wp:attachment":[{"href":"https:\/\/ortopediagot.net\/Inicio\/wp-json\/wp\/v2\/media?parent=2979"}],"wp:term":[{"taxonomy":"product_brand","embeddable":true,"href":"https:\/\/ortopediagot.net\/Inicio\/wp-json\/wp\/v2\/product_brand?post=2979"},{"taxonomy":"product_cat","embeddable":true,"href":"https:\/\/ortopediagot.net\/Inicio\/wp-json\/wp\/v2\/product_cat?post=2979"},{"taxonomy":"product_tag","embeddable":true,"href":"https:\/\/ortopediagot.net\/Inicio\/wp-json\/wp\/v2\/product_tag?post=2979"}],"curies":[{"name":"wp","href":"https:\/\/api.w.org\/{rel}","templated":true}]}}