{"id":2983,"date":"2024-06-07T11:26:22","date_gmt":"2024-06-07T10:26:22","guid":{"rendered":"https:\/\/ortopediagot.net\/?post_type=product&#038;p=2983"},"modified":"2024-06-07T11:26:23","modified_gmt":"2024-06-07T10:26:23","slug":"balanza-de-cocina","status":"publish","type":"product","link":"https:\/\/ortopediagot.net\/Inicio\/producto\/balanza-de-cocina\/","title":{"rendered":"BALANZA DE COCINA"},"content":{"rendered":"<p>BALANZA DE COCINA (817220)<\/p>\n<div class=\"tsf-campo-acf-titulo tsf-campo-acf-titulo-caracteristicas tsf_campo-acf tsf_caracteristicas\"><strong>Caracter\u00edsticas<\/strong><\/div>\n<div><\/div>\n<div class=\"tsf-campo-acf-valores tsf-campo-acf-valores-caracteristicas tsf_campo-acf tsf_caracteristicas\">Nuestra balanza de cocina viene con un taz\u00f3n de pesaje de 0,5 litros que se puede lavar en el lavavajillas.<br \/>\nPeque\u00f1o, manejable y moderno.<br \/>\nGraduaci\u00f3n 1 g, m\u00e1x. 3 kg.<br \/>\nTama\u00f1o de los n\u00fameros: 18 mm.<br \/>\nDimensiones: 16 x 21 x 1.8 cm.<br \/>\nFunciona con 2 pilas AAA incluidas.<br \/>\nApagado autom\u00e1tico.<br \/>\n5 a\u00f1os de garant\u00eda.<\/div>\n","protected":false},"excerpt":{"rendered":"<p>BALANZA DE COCINA (817220) Caracter\u00edsticas Nuestra balanza de cocina viene con un taz\u00f3n de pesaje de 0,5 litros que se puede lavar en el lavavajillas. Peque\u00f1o, manejable y moderno. Graduaci\u00f3n 1 g, m\u00e1x. 3 kg. Tama\u00f1o de los n\u00fameros: 18 mm. Dimensiones: 16 x 21 x 1.8 cm. Funciona con 2 pilas AAA incluidas. Apagado [&hellip;]<\/p>\n","protected":false},"featured_media":2984,"comment_status":"open","ping_status":"closed","template":"","meta":{"saved_in_kubio":false},"product_brand":[],"product_cat":[78],"product_tag":[118],"class_list":{"0":"post-2983","1":"product","2":"type-product","3":"status-publish","4":"has-post-thumbnail","6":"product_cat-ayudas-para-comer","7":"product_tag-emo","9":"first","10":"instock","11":"shipping-taxable","12":"product-type-simple"},"_links":{"self":[{"href":"https:\/\/ortopediagot.net\/Inicio\/wp-json\/wp\/v2\/product\/2983"}],"collection":[{"href":"https:\/\/ortopediagot.net\/Inicio\/wp-json\/wp\/v2\/product"}],"about":[{"href":"https:\/\/ortopediagot.net\/Inicio\/wp-json\/wp\/v2\/types\/product"}],"replies":[{"embeddable":true,"href":"https:\/\/ortopediagot.net\/Inicio\/wp-json\/wp\/v2\/comments?post=2983"}],"wp:featuredmedia":[{"embeddable":true,"href":"https:\/\/ortopediagot.net\/Inicio\/wp-json\/wp\/v2\/media\/2984"}],"wp:attachment":[{"href":"https:\/\/ortopediagot.net\/Inicio\/wp-json\/wp\/v2\/media?parent=2983"}],"wp:term":[{"taxonomy":"product_brand","embeddable":true,"href":"https:\/\/ortopediagot.net\/Inicio\/wp-json\/wp\/v2\/product_brand?post=2983"},{"taxonomy":"product_cat","embeddable":true,"href":"https:\/\/ortopediagot.net\/Inicio\/wp-json\/wp\/v2\/product_cat?post=2983"},{"taxonomy":"product_tag","embeddable":true,"href":"https:\/\/ortopediagot.net\/Inicio\/wp-json\/wp\/v2\/product_tag?post=2983"}],"curies":[{"name":"wp","href":"https:\/\/api.w.org\/{rel}","templated":true}]}}