{"id":2987,"date":"2024-06-07T11:35:06","date_gmt":"2024-06-07T10:35:06","guid":{"rendered":"https:\/\/ortopediagot.net\/?post_type=product&#038;p=2987"},"modified":"2024-06-07T11:35:07","modified_gmt":"2024-06-07T10:35:07","slug":"juego-de-2-fundas-blandas","status":"publish","type":"product","link":"https:\/\/ortopediagot.net\/Inicio\/producto\/juego-de-2-fundas-blandas\/","title":{"rendered":"JUEGO DE 2 FUNDAS BLANDAS"},"content":{"rendered":"<div>JUEGO DE 2 FUNDAS BLANDAS (817295)<\/div>\n<div><\/div>\n<div class=\"tsf-campo-acf-titulo tsf-campo-acf-titulo-caracteristicas tsf_campo-acf tsf_caracteristicas\"><strong>Caracter\u00edsticas<\/strong><\/div>\n<div><\/div>\n<div class=\"tsf-campo-acf-valores tsf-campo-acf-valores-caracteristicas tsf_campo-acf tsf_caracteristicas\">Material flexible y antideslizante<br \/>\nNuestras fundas blandas le permiten ampliar los mangos de muchos utensilios diferentes.<br \/>\nSus diferentes aberturas en cada extremo se adaptan a las formas de los mangos.<br \/>\nSu forma ergon\u00f3mica hace que sea f\u00e1cil de agarrar.<br \/>\nIdeal para cubiertos, bol\u00edgrafos, cepillos de dientes, etc&#8230;. (di\u00e1metro m\u00e1ximo de la herramienta 2,54 cm).<br \/>\nDimensiones : Largo 9,20 x di\u00e1metro 4,40 cm.<br \/>\nEl juego de 2.<br \/>\nApto para lavavajillas.<\/div>\n","protected":false},"excerpt":{"rendered":"<p>JUEGO DE 2 FUNDAS BLANDAS (817295) Caracter\u00edsticas Material flexible y antideslizante Nuestras fundas blandas le permiten ampliar los mangos de muchos utensilios diferentes. Sus diferentes aberturas en cada extremo se adaptan a las formas de los mangos. Su forma ergon\u00f3mica hace que sea f\u00e1cil de agarrar. Ideal para cubiertos, bol\u00edgrafos, cepillos de dientes, etc&#8230;. (di\u00e1metro [&hellip;]<\/p>\n","protected":false},"featured_media":2988,"comment_status":"open","ping_status":"closed","template":"","meta":{"saved_in_kubio":false},"product_brand":[],"product_cat":[78],"product_tag":[118],"class_list":{"0":"post-2987","1":"product","2":"type-product","3":"status-publish","4":"has-post-thumbnail","6":"product_cat-ayudas-para-comer","7":"product_tag-emo","9":"first","10":"instock","11":"shipping-taxable","12":"product-type-simple"},"_links":{"self":[{"href":"https:\/\/ortopediagot.net\/Inicio\/wp-json\/wp\/v2\/product\/2987"}],"collection":[{"href":"https:\/\/ortopediagot.net\/Inicio\/wp-json\/wp\/v2\/product"}],"about":[{"href":"https:\/\/ortopediagot.net\/Inicio\/wp-json\/wp\/v2\/types\/product"}],"replies":[{"embeddable":true,"href":"https:\/\/ortopediagot.net\/Inicio\/wp-json\/wp\/v2\/comments?post=2987"}],"wp:featuredmedia":[{"embeddable":true,"href":"https:\/\/ortopediagot.net\/Inicio\/wp-json\/wp\/v2\/media\/2988"}],"wp:attachment":[{"href":"https:\/\/ortopediagot.net\/Inicio\/wp-json\/wp\/v2\/media?parent=2987"}],"wp:term":[{"taxonomy":"product_brand","embeddable":true,"href":"https:\/\/ortopediagot.net\/Inicio\/wp-json\/wp\/v2\/product_brand?post=2987"},{"taxonomy":"product_cat","embeddable":true,"href":"https:\/\/ortopediagot.net\/Inicio\/wp-json\/wp\/v2\/product_cat?post=2987"},{"taxonomy":"product_tag","embeddable":true,"href":"https:\/\/ortopediagot.net\/Inicio\/wp-json\/wp\/v2\/product_tag?post=2987"}],"curies":[{"name":"wp","href":"https:\/\/api.w.org\/{rel}","templated":true}]}}