{"id":2993,"date":"2024-06-07T11:37:43","date_gmt":"2024-06-07T10:37:43","guid":{"rendered":"https:\/\/ortopediagot.net\/?post_type=product&#038;p=2993"},"modified":"2024-06-07T11:37:44","modified_gmt":"2024-06-07T10:37:44","slug":"plato-de-sopa-blanco","status":"publish","type":"product","link":"https:\/\/ortopediagot.net\/Inicio\/producto\/plato-de-sopa-blanco\/","title":{"rendered":"PLATO DE SOPA BLANCO"},"content":{"rendered":"<p>PLATO DE SOPA BLANCO (813027)<\/p>\n<div class=\"tsf-campo-acf-titulo tsf-campo-acf-titulo-caracteristicas tsf_campo-acf tsf_caracteristicas\"><strong>Caracter\u00edsticas<\/strong><\/div>\n<div><\/div>\n<div class=\"tsf-campo-acf-valores tsf-campo-acf-valores-caracteristicas tsf_campo-acf tsf_caracteristicas\">Fabricada en Francia con calidad de origen biol\u00f3gico &gt; Sin pl\u00e1stico ni BPA<br \/>\nSe puede lavar en el lavavajillas<br \/>\nLa vajilla de melamina procede al 100% del entorno natural. Es resistente y se puede lavar en el lavavajillas. Las decoraciones est\u00e1n coloreadas en la masa, lo que las hace inalterables.<br \/>\nIdeal para sopas y salsas. Cuenta con orejas para un mejor agarre. Disponible en una versi\u00f3n blanca est\u00e1ndar (116 gr).<br \/>\nDimensiones: Largo 21,2 x ancho 17,6 x alto 5,8 cm.<\/div>\n","protected":false},"excerpt":{"rendered":"<p>PLATO DE SOPA BLANCO (813027) Caracter\u00edsticas Fabricada en Francia con calidad de origen biol\u00f3gico &gt; Sin pl\u00e1stico ni BPA Se puede lavar en el lavavajillas La vajilla de melamina procede al 100% del entorno natural. Es resistente y se puede lavar en el lavavajillas. Las decoraciones est\u00e1n coloreadas en la masa, lo que las hace [&hellip;]<\/p>\n","protected":false},"featured_media":2994,"comment_status":"open","ping_status":"closed","template":"","meta":{"saved_in_kubio":false},"product_brand":[],"product_cat":[78],"product_tag":[118],"class_list":{"0":"post-2993","1":"product","2":"type-product","3":"status-publish","4":"has-post-thumbnail","6":"product_cat-ayudas-para-comer","7":"product_tag-emo","9":"first","10":"instock","11":"shipping-taxable","12":"product-type-simple"},"_links":{"self":[{"href":"https:\/\/ortopediagot.net\/Inicio\/wp-json\/wp\/v2\/product\/2993"}],"collection":[{"href":"https:\/\/ortopediagot.net\/Inicio\/wp-json\/wp\/v2\/product"}],"about":[{"href":"https:\/\/ortopediagot.net\/Inicio\/wp-json\/wp\/v2\/types\/product"}],"replies":[{"embeddable":true,"href":"https:\/\/ortopediagot.net\/Inicio\/wp-json\/wp\/v2\/comments?post=2993"}],"wp:featuredmedia":[{"embeddable":true,"href":"https:\/\/ortopediagot.net\/Inicio\/wp-json\/wp\/v2\/media\/2994"}],"wp:attachment":[{"href":"https:\/\/ortopediagot.net\/Inicio\/wp-json\/wp\/v2\/media?parent=2993"}],"wp:term":[{"taxonomy":"product_brand","embeddable":true,"href":"https:\/\/ortopediagot.net\/Inicio\/wp-json\/wp\/v2\/product_brand?post=2993"},{"taxonomy":"product_cat","embeddable":true,"href":"https:\/\/ortopediagot.net\/Inicio\/wp-json\/wp\/v2\/product_cat?post=2993"},{"taxonomy":"product_tag","embeddable":true,"href":"https:\/\/ortopediagot.net\/Inicio\/wp-json\/wp\/v2\/product_tag?post=2993"}],"curies":[{"name":"wp","href":"https:\/\/api.w.org\/{rel}","templated":true}]}}