{"id":3005,"date":"2024-06-07T11:44:43","date_gmt":"2024-06-07T10:44:43","guid":{"rendered":"https:\/\/ortopediagot.net\/?post_type=product&#038;p=3005"},"modified":"2024-06-07T11:44:44","modified_gmt":"2024-06-07T10:44:44","slug":"taza-tripode","status":"publish","type":"product","link":"https:\/\/ortopediagot.net\/Inicio\/producto\/taza-tripode\/","title":{"rendered":"TAZA TRIPODE"},"content":{"rendered":"<p>TAZA TRIPODE (813008.36, 813008.35, 813008.03)<\/p>\n<div class=\"tsf-campo-acf-titulo tsf-campo-acf-titulo-caracteristicas tsf_campo-acf tsf_caracteristicas\"><strong>Caracter\u00edsticas<\/strong><\/div>\n<div><\/div>\n<div class=\"tsf-campo-acf-valores tsf-campo-acf-valores-caracteristicas tsf_campo-acf tsf_caracteristicas\">Material de copoli\u00e9ster duradero &gt; Apto para lavavajillas y microondas &gt; Antideslizante y apilable.<br \/>\nColores naranja, blanca y azul.<br \/>\nIdeal para utilizarla con un compa\u00f1ero (3a empu- \u00f1adura), o sola con diferentes \u00e1ngulos de agarre. Una vez colocada, las 3 asas hacen que la taza sea antideslizante.<br \/>\nSe suministra con tapa.<br \/>\nSin BPA.<br \/>\nDimensiones: diam. 13 x altura 8,7 cm.<br \/>\nPeso 140 gr.<\/div>\n<p>&nbsp;<\/p>\n","protected":false},"excerpt":{"rendered":"<p>TAZA TRIPODE (813008.36, 813008.35, 813008.03) Caracter\u00edsticas Material de copoli\u00e9ster duradero &gt; Apto para lavavajillas y microondas &gt; Antideslizante y apilable. Colores naranja, blanca y azul. Ideal para utilizarla con un compa\u00f1ero (3a empu- \u00f1adura), o sola con diferentes \u00e1ngulos de agarre. Una vez colocada, las 3 asas hacen que la taza sea antideslizante. Se suministra [&hellip;]<\/p>\n","protected":false},"featured_media":3006,"comment_status":"open","ping_status":"closed","template":"","meta":{"saved_in_kubio":false},"product_brand":[],"product_cat":[78],"product_tag":[118],"class_list":{"0":"post-3005","1":"product","2":"type-product","3":"status-publish","4":"has-post-thumbnail","6":"product_cat-ayudas-para-comer","7":"product_tag-emo","9":"first","10":"instock","11":"shipping-taxable","12":"product-type-simple"},"_links":{"self":[{"href":"https:\/\/ortopediagot.net\/Inicio\/wp-json\/wp\/v2\/product\/3005"}],"collection":[{"href":"https:\/\/ortopediagot.net\/Inicio\/wp-json\/wp\/v2\/product"}],"about":[{"href":"https:\/\/ortopediagot.net\/Inicio\/wp-json\/wp\/v2\/types\/product"}],"replies":[{"embeddable":true,"href":"https:\/\/ortopediagot.net\/Inicio\/wp-json\/wp\/v2\/comments?post=3005"}],"wp:featuredmedia":[{"embeddable":true,"href":"https:\/\/ortopediagot.net\/Inicio\/wp-json\/wp\/v2\/media\/3006"}],"wp:attachment":[{"href":"https:\/\/ortopediagot.net\/Inicio\/wp-json\/wp\/v2\/media?parent=3005"}],"wp:term":[{"taxonomy":"product_brand","embeddable":true,"href":"https:\/\/ortopediagot.net\/Inicio\/wp-json\/wp\/v2\/product_brand?post=3005"},{"taxonomy":"product_cat","embeddable":true,"href":"https:\/\/ortopediagot.net\/Inicio\/wp-json\/wp\/v2\/product_cat?post=3005"},{"taxonomy":"product_tag","embeddable":true,"href":"https:\/\/ortopediagot.net\/Inicio\/wp-json\/wp\/v2\/product_tag?post=3005"}],"curies":[{"name":"wp","href":"https:\/\/api.w.org\/{rel}","templated":true}]}}