{"id":3015,"date":"2024-06-07T11:51:05","date_gmt":"2024-06-07T10:51:05","guid":{"rendered":"https:\/\/ortopediagot.net\/?post_type=product&#038;p=3015"},"modified":"2024-06-07T11:51:05","modified_gmt":"2024-06-07T10:51:05","slug":"vaso-blanco-antideslizante","status":"publish","type":"product","link":"https:\/\/ortopediagot.net\/Inicio\/producto\/vaso-blanco-antideslizante\/","title":{"rendered":"VASO BLANCO ANTIDESLIZANTE"},"content":{"rendered":"<p>VASO BLANCO ANTIDESLIZANTE (813038.BLEU, 813038.ORANGE)<\/p>\n<div class=\"tsf-campo-acf-titulo tsf-campo-acf-titulo-caracteristicas tsf_campo-acf tsf_caracteristicas\"><strong>Caracter\u00edsticas<\/strong><\/div>\n<div><\/div>\n<div class=\"tsf-campo-acf-valores tsf-campo-acf-valores-caracteristicas tsf_campo-acf tsf_caracteristicas\">Fabricada en Francia con calidad de origen biol\u00f3gico<br \/>\nSin pl\u00e1stico ni BPA<br \/>\nSe puede lavar en el lavavajillas<br \/>\nLa vajilla de melamina procede al 100% del entorno natural. Es resistente y se puede lavar en el lavavajillas. Las decoraciones est\u00e1n coloreadas en la masa, lo que las hace inalterables.<br \/>\nIdeal para todas las bebidas calientes o fr\u00edas. Disponible en versi\u00f3n con fondo antideslizante de color (88 gr) en azul o naranja. Dimensiones: diam. 6,7 x 8<br \/>\ncm de altura. Capacidad: 16 cl.<\/div>\n","protected":false},"excerpt":{"rendered":"<p>VASO BLANCO ANTIDESLIZANTE (813038.BLEU, 813038.ORANGE) Caracter\u00edsticas Fabricada en Francia con calidad de origen biol\u00f3gico Sin pl\u00e1stico ni BPA Se puede lavar en el lavavajillas La vajilla de melamina procede al 100% del entorno natural. Es resistente y se puede lavar en el lavavajillas. Las decoraciones est\u00e1n coloreadas en la masa, lo que las hace inalterables. [&hellip;]<\/p>\n","protected":false},"featured_media":3016,"comment_status":"open","ping_status":"closed","template":"","meta":{"saved_in_kubio":false},"product_brand":[],"product_cat":[78],"product_tag":[118],"class_list":{"0":"post-3015","1":"product","2":"type-product","3":"status-publish","4":"has-post-thumbnail","6":"product_cat-ayudas-para-comer","7":"product_tag-emo","9":"first","10":"instock","11":"shipping-taxable","12":"product-type-simple"},"_links":{"self":[{"href":"https:\/\/ortopediagot.net\/Inicio\/wp-json\/wp\/v2\/product\/3015"}],"collection":[{"href":"https:\/\/ortopediagot.net\/Inicio\/wp-json\/wp\/v2\/product"}],"about":[{"href":"https:\/\/ortopediagot.net\/Inicio\/wp-json\/wp\/v2\/types\/product"}],"replies":[{"embeddable":true,"href":"https:\/\/ortopediagot.net\/Inicio\/wp-json\/wp\/v2\/comments?post=3015"}],"wp:featuredmedia":[{"embeddable":true,"href":"https:\/\/ortopediagot.net\/Inicio\/wp-json\/wp\/v2\/media\/3016"}],"wp:attachment":[{"href":"https:\/\/ortopediagot.net\/Inicio\/wp-json\/wp\/v2\/media?parent=3015"}],"wp:term":[{"taxonomy":"product_brand","embeddable":true,"href":"https:\/\/ortopediagot.net\/Inicio\/wp-json\/wp\/v2\/product_brand?post=3015"},{"taxonomy":"product_cat","embeddable":true,"href":"https:\/\/ortopediagot.net\/Inicio\/wp-json\/wp\/v2\/product_cat?post=3015"},{"taxonomy":"product_tag","embeddable":true,"href":"https:\/\/ortopediagot.net\/Inicio\/wp-json\/wp\/v2\/product_tag?post=3015"}],"curies":[{"name":"wp","href":"https:\/\/api.w.org\/{rel}","templated":true}]}}