{"id":3021,"date":"2024-06-07T11:54:28","date_gmt":"2024-06-07T10:54:28","guid":{"rendered":"https:\/\/ortopediagot.net\/?post_type=product&#038;p=3021"},"modified":"2024-06-07T11:54:29","modified_gmt":"2024-06-07T10:54:29","slug":"vaso-de-seguridad-de-360o","status":"publish","type":"product","link":"https:\/\/ortopediagot.net\/Inicio\/producto\/vaso-de-seguridad-de-360o\/","title":{"rendered":"VASO DE SEGURIDAD DE 360\u00ba"},"content":{"rendered":"<p>VASO DE SEGURIDAD DE 360\u00ba (813024)<\/p>\n<div class=\"tsf-campo-acf-titulo tsf-campo-acf-titulo-caracteristicas tsf_campo-acf tsf_caracteristicas\"><strong>Caracter\u00edsticas<\/strong><\/div>\n<div><\/div>\n<div class=\"tsf-campo-acf-valores tsf-campo-acf-valores-caracteristicas tsf_campo-acf tsf_caracteristicas\">Sin fugas, ideal para beber tumbado<br \/>\nEste vaso tiene una boquilla especial que libera el l\u00edquido s\u00f3lo cuando se coloca en la boca. Permite beber incluso estando tumbado. La boquilla gira 360\u00b0. Escala integrada.<br \/>\nAltura 14 cm, di\u00e1metro 8,5 cm. Capacidad 250 ml. Garantizado para microondas y lavavajillas.<\/div>\n","protected":false},"excerpt":{"rendered":"<p>VASO DE SEGURIDAD DE 360\u00ba (813024) Caracter\u00edsticas Sin fugas, ideal para beber tumbado Este vaso tiene una boquilla especial que libera el l\u00edquido s\u00f3lo cuando se coloca en la boca. Permite beber incluso estando tumbado. La boquilla gira 360\u00b0. Escala integrada. Altura 14 cm, di\u00e1metro 8,5 cm. Capacidad 250 ml. Garantizado para microondas y lavavajillas.<\/p>\n","protected":false},"featured_media":3022,"comment_status":"open","ping_status":"closed","template":"","meta":{"saved_in_kubio":false},"product_brand":[],"product_cat":[78],"product_tag":[118],"class_list":{"0":"post-3021","1":"product","2":"type-product","3":"status-publish","4":"has-post-thumbnail","6":"product_cat-ayudas-para-comer","7":"product_tag-emo","9":"first","10":"instock","11":"shipping-taxable","12":"product-type-simple"},"_links":{"self":[{"href":"https:\/\/ortopediagot.net\/Inicio\/wp-json\/wp\/v2\/product\/3021"}],"collection":[{"href":"https:\/\/ortopediagot.net\/Inicio\/wp-json\/wp\/v2\/product"}],"about":[{"href":"https:\/\/ortopediagot.net\/Inicio\/wp-json\/wp\/v2\/types\/product"}],"replies":[{"embeddable":true,"href":"https:\/\/ortopediagot.net\/Inicio\/wp-json\/wp\/v2\/comments?post=3021"}],"wp:featuredmedia":[{"embeddable":true,"href":"https:\/\/ortopediagot.net\/Inicio\/wp-json\/wp\/v2\/media\/3022"}],"wp:attachment":[{"href":"https:\/\/ortopediagot.net\/Inicio\/wp-json\/wp\/v2\/media?parent=3021"}],"wp:term":[{"taxonomy":"product_brand","embeddable":true,"href":"https:\/\/ortopediagot.net\/Inicio\/wp-json\/wp\/v2\/product_brand?post=3021"},{"taxonomy":"product_cat","embeddable":true,"href":"https:\/\/ortopediagot.net\/Inicio\/wp-json\/wp\/v2\/product_cat?post=3021"},{"taxonomy":"product_tag","embeddable":true,"href":"https:\/\/ortopediagot.net\/Inicio\/wp-json\/wp\/v2\/product_tag?post=3021"}],"curies":[{"name":"wp","href":"https:\/\/api.w.org\/{rel}","templated":true}]}}