{"id":3028,"date":"2024-06-07T11:59:55","date_gmt":"2024-06-07T10:59:55","guid":{"rendered":"https:\/\/ortopediagot.net\/?post_type=product&#038;p=3028"},"modified":"2024-06-07T11:59:55","modified_gmt":"2024-06-07T10:59:55","slug":"tenedor-cuchara-cuchillo-con-mango-flexible-813074","status":"publish","type":"product","link":"https:\/\/ortopediagot.net\/Inicio\/producto\/tenedor-cuchara-cuchillo-con-mango-flexible-813074\/","title":{"rendered":"TENEDOR \/ CUCHARA \/ CUCHILLO CON MANGO FLEXIBLE (813074)"},"content":{"rendered":"<p>TENEDOR \/ CUCHARA \/ CUCHILLO CON MANGO FLEXIBLE (813074) \/ (813075) \/ (813076)<\/p>\n<div class=\"tsf-campo-acf-titulo tsf-campo-acf-titulo-caracteristicas tsf_campo-acf tsf_caracteristicas\"><strong>Caracter\u00edsticas<\/strong><\/div>\n<div><\/div>\n<div class=\"tsf-campo-acf-valores tsf-campo-acf-valores-caracteristicas tsf_campo-acf tsf_caracteristicas\">&#8211; El mango de espuma se envuelve f\u00e1cilmente alrededor de la mu\u00f1eca<br \/>\nEl mango flexible de estos cubiertos permite girarlos en todas las direcciones para darles la forma deseada por el usuario. Este mango de 33 cm tiene un n\u00facleo de acero y un revestimiento de espuma muy suave. Lavado a mano. Cubiertos de acero inoxidable.<br \/>\nLongitud total de 42 a 45 cm seg\u00fan los cubiertos. Color gris.<\/div>\n","protected":false},"excerpt":{"rendered":"<p>TENEDOR \/ CUCHARA \/ CUCHILLO CON MANGO FLEXIBLE (813074) \/ (813075) \/ (813076) Caracter\u00edsticas &#8211; El mango de espuma se envuelve f\u00e1cilmente alrededor de la mu\u00f1eca El mango flexible de estos cubiertos permite girarlos en todas las direcciones para darles la forma deseada por el usuario. Este mango de 33 cm tiene un n\u00facleo de [&hellip;]<\/p>\n","protected":false},"featured_media":3029,"comment_status":"open","ping_status":"closed","template":"","meta":{"saved_in_kubio":false},"product_brand":[],"product_cat":[78],"product_tag":[118],"class_list":{"0":"post-3028","1":"product","2":"type-product","3":"status-publish","4":"has-post-thumbnail","6":"product_cat-ayudas-para-comer","7":"product_tag-emo","9":"first","10":"instock","11":"shipping-taxable","12":"product-type-simple"},"_links":{"self":[{"href":"https:\/\/ortopediagot.net\/Inicio\/wp-json\/wp\/v2\/product\/3028"}],"collection":[{"href":"https:\/\/ortopediagot.net\/Inicio\/wp-json\/wp\/v2\/product"}],"about":[{"href":"https:\/\/ortopediagot.net\/Inicio\/wp-json\/wp\/v2\/types\/product"}],"replies":[{"embeddable":true,"href":"https:\/\/ortopediagot.net\/Inicio\/wp-json\/wp\/v2\/comments?post=3028"}],"wp:featuredmedia":[{"embeddable":true,"href":"https:\/\/ortopediagot.net\/Inicio\/wp-json\/wp\/v2\/media\/3029"}],"wp:attachment":[{"href":"https:\/\/ortopediagot.net\/Inicio\/wp-json\/wp\/v2\/media?parent=3028"}],"wp:term":[{"taxonomy":"product_brand","embeddable":true,"href":"https:\/\/ortopediagot.net\/Inicio\/wp-json\/wp\/v2\/product_brand?post=3028"},{"taxonomy":"product_cat","embeddable":true,"href":"https:\/\/ortopediagot.net\/Inicio\/wp-json\/wp\/v2\/product_cat?post=3028"},{"taxonomy":"product_tag","embeddable":true,"href":"https:\/\/ortopediagot.net\/Inicio\/wp-json\/wp\/v2\/product_tag?post=3028"}],"curies":[{"name":"wp","href":"https:\/\/api.w.org\/{rel}","templated":true}]}}