{"id":3038,"date":"2024-06-07T12:04:04","date_gmt":"2024-06-07T11:04:04","guid":{"rendered":"https:\/\/ortopediagot.net\/?post_type=product&#038;p=3038"},"modified":"2024-06-07T12:04:05","modified_gmt":"2024-06-07T11:04:05","slug":"babero-de-bambu-ultrasuave-caress","status":"publish","type":"product","link":"https:\/\/ortopediagot.net\/Inicio\/producto\/babero-de-bambu-ultrasuave-caress\/","title":{"rendered":"BABERO DE BAMB\u00da ULTRASUAVE CARESS"},"content":{"rendered":"<p>BABERO DE BAMB\u00da ULTRASUAVE CARESS (813070.M, 813070.L)<\/p>\n<div class=\"tsf-campo-acf-titulo tsf-campo-acf-titulo-caracteristicas tsf_campo-acf tsf_caracteristicas\"><strong>Caracter\u00edsticas<\/strong><\/div>\n<div><\/div>\n<div class=\"tsf-campo-acf-valores tsf-campo-acf-valores-caracteristicas tsf_campo-acf tsf_caracteristicas\">Babero de terciopelo de bamb\u00fa muy gruesa y absorbente con una cara<br \/>\nde microesponja. Para comidas o meriendas. 3 longitudes para elegir<br \/>\nseg\u00fan el tipo de residente (37 cm, 60 cm y 90 cm).<br \/>\nCierre de velcro en la parte posterior. Ancho c\u00f3modo 46 cm. Color<br \/>\nazul noche. Lavado a m\u00e1quina a 60\u00b0C<\/div>\n<div class=\"tsf-campo-acf-titulo tsf-campo-acf-titulo-pa_medidas tsf_campo-acf tsf_pa_medidas\"><\/div>\n<div><strong>Medidas<\/strong><\/div>\n<div><\/div>\n<div class=\"tsf-campo-acf-valores tsf-campo-acf-valores-pa_medidas tsf_campo-acf tsf_pa_medidas\">60 CM, 90 CM<\/div>\n","protected":false},"excerpt":{"rendered":"<p>BABERO DE BAMB\u00da ULTRASUAVE CARESS (813070.M, 813070.L) Caracter\u00edsticas Babero de terciopelo de bamb\u00fa muy gruesa y absorbente con una cara de microesponja. Para comidas o meriendas. 3 longitudes para elegir seg\u00fan el tipo de residente (37 cm, 60 cm y 90 cm). Cierre de velcro en la parte posterior. Ancho c\u00f3modo 46 cm. Color azul [&hellip;]<\/p>\n","protected":false},"featured_media":3039,"comment_status":"open","ping_status":"closed","template":"","meta":{"saved_in_kubio":false},"product_brand":[],"product_cat":[78],"product_tag":[118],"class_list":{"0":"post-3038","1":"product","2":"type-product","3":"status-publish","4":"has-post-thumbnail","6":"product_cat-ayudas-para-comer","7":"product_tag-emo","9":"first","10":"instock","11":"shipping-taxable","12":"product-type-simple"},"_links":{"self":[{"href":"https:\/\/ortopediagot.net\/Inicio\/wp-json\/wp\/v2\/product\/3038"}],"collection":[{"href":"https:\/\/ortopediagot.net\/Inicio\/wp-json\/wp\/v2\/product"}],"about":[{"href":"https:\/\/ortopediagot.net\/Inicio\/wp-json\/wp\/v2\/types\/product"}],"replies":[{"embeddable":true,"href":"https:\/\/ortopediagot.net\/Inicio\/wp-json\/wp\/v2\/comments?post=3038"}],"wp:featuredmedia":[{"embeddable":true,"href":"https:\/\/ortopediagot.net\/Inicio\/wp-json\/wp\/v2\/media\/3039"}],"wp:attachment":[{"href":"https:\/\/ortopediagot.net\/Inicio\/wp-json\/wp\/v2\/media?parent=3038"}],"wp:term":[{"taxonomy":"product_brand","embeddable":true,"href":"https:\/\/ortopediagot.net\/Inicio\/wp-json\/wp\/v2\/product_brand?post=3038"},{"taxonomy":"product_cat","embeddable":true,"href":"https:\/\/ortopediagot.net\/Inicio\/wp-json\/wp\/v2\/product_cat?post=3038"},{"taxonomy":"product_tag","embeddable":true,"href":"https:\/\/ortopediagot.net\/Inicio\/wp-json\/wp\/v2\/product_tag?post=3038"}],"curies":[{"name":"wp","href":"https:\/\/api.w.org\/{rel}","templated":true}]}}