{"id":3045,"date":"2024-06-07T12:18:16","date_gmt":"2024-06-07T11:18:16","guid":{"rendered":"https:\/\/ortopediagot.net\/?post_type=product&#038;p=3045"},"modified":"2024-06-07T12:18:17","modified_gmt":"2024-06-07T11:18:17","slug":"tensiometro-de-muneca-parlante","status":"publish","type":"product","link":"https:\/\/ortopediagot.net\/Inicio\/producto\/tensiometro-de-muneca-parlante\/","title":{"rendered":"TENSI\u00d3METRO DE MU\u00d1ECA PARLANTE"},"content":{"rendered":"<p>TENSI\u00d3METRO DE MU\u00d1ECA PARLANTE (861060)<\/p>\n<div class=\"tsf-campo-acf-titulo tsf-campo-acf-titulo-caracteristicas tsf_campo-acf tsf_caracteristicas\"><strong>Caracter\u00edsticas<\/strong><\/div>\n<div><\/div>\n<div class=\"tsf-campo-acf-valores tsf-campo-acf-valores-caracteristicas tsf_campo-acf tsf_caracteristicas\">Medici\u00f3n totalmente autom\u00e1tica de la presi\u00f3n arterial y del pulso a nivel de la mu\u00f1eca.<br \/>\nCon brazalete para la circunferencia de la mu\u00f1eca de 14 a 19,5 cm. Detecci\u00f3n de arritmias.<br \/>\n2 memorias de usuario para 60 mediciones almacenadas cada una. Pantalla clara y anuncio de voz con volumen ajustable.<br \/>\nViene con bolsillo de almacenamiento.<br \/>\nDimensiones: 87 x 67 x 31 mm.<br \/>\nPeso 105 gr.<br \/>\nFunciona con 2 pilas AAA incluidas.<br \/>\n3 a\u00f1os de garant\u00eda.<\/div>\n","protected":false},"excerpt":{"rendered":"<p>TENSI\u00d3METRO DE MU\u00d1ECA PARLANTE (861060) Caracter\u00edsticas Medici\u00f3n totalmente autom\u00e1tica de la presi\u00f3n arterial y del pulso a nivel de la mu\u00f1eca. Con brazalete para la circunferencia de la mu\u00f1eca de 14 a 19,5 cm. Detecci\u00f3n de arritmias. 2 memorias de usuario para 60 mediciones almacenadas cada una. Pantalla clara y anuncio de voz con volumen [&hellip;]<\/p>\n","protected":false},"featured_media":3046,"comment_status":"open","ping_status":"closed","template":"","meta":{"saved_in_kubio":false},"product_brand":[],"product_cat":[75],"product_tag":[118],"class_list":{"0":"post-3045","1":"product","2":"type-product","3":"status-publish","4":"has-post-thumbnail","6":"product_cat-tensiometros","7":"product_tag-emo","9":"first","10":"instock","11":"shipping-taxable","12":"product-type-simple"},"_links":{"self":[{"href":"https:\/\/ortopediagot.net\/Inicio\/wp-json\/wp\/v2\/product\/3045"}],"collection":[{"href":"https:\/\/ortopediagot.net\/Inicio\/wp-json\/wp\/v2\/product"}],"about":[{"href":"https:\/\/ortopediagot.net\/Inicio\/wp-json\/wp\/v2\/types\/product"}],"replies":[{"embeddable":true,"href":"https:\/\/ortopediagot.net\/Inicio\/wp-json\/wp\/v2\/comments?post=3045"}],"wp:featuredmedia":[{"embeddable":true,"href":"https:\/\/ortopediagot.net\/Inicio\/wp-json\/wp\/v2\/media\/3046"}],"wp:attachment":[{"href":"https:\/\/ortopediagot.net\/Inicio\/wp-json\/wp\/v2\/media?parent=3045"}],"wp:term":[{"taxonomy":"product_brand","embeddable":true,"href":"https:\/\/ortopediagot.net\/Inicio\/wp-json\/wp\/v2\/product_brand?post=3045"},{"taxonomy":"product_cat","embeddable":true,"href":"https:\/\/ortopediagot.net\/Inicio\/wp-json\/wp\/v2\/product_cat?post=3045"},{"taxonomy":"product_tag","embeddable":true,"href":"https:\/\/ortopediagot.net\/Inicio\/wp-json\/wp\/v2\/product_tag?post=3045"}],"curies":[{"name":"wp","href":"https:\/\/api.w.org\/{rel}","templated":true}]}}