{"id":3048,"date":"2024-06-07T12:25:15","date_gmt":"2024-06-07T11:25:15","guid":{"rendered":"https:\/\/ortopediagot.net\/?post_type=product&#038;p=3048"},"modified":"2024-06-07T12:25:16","modified_gmt":"2024-06-07T11:25:16","slug":"tensiometro-de-brazo-parlante","status":"publish","type":"product","link":"https:\/\/ortopediagot.net\/Inicio\/producto\/tensiometro-de-brazo-parlante\/","title":{"rendered":"TENSIOMETRO DE BRAZO PARLANTE"},"content":{"rendered":"<p>TENSIOMETRO DE BRAZO PARLANTE (861114)<\/p>\n<div class=\"tsf-campo-acf-titulo tsf-campo-acf-titulo-caracteristicas tsf_campo-acf tsf_caracteristicas\"><strong>Caracter\u00edsticas<\/strong><\/div>\n<div><\/div>\n<div class=\"tsf-campo-acf-valores tsf-campo-acf-valores-caracteristicas tsf_campo-acf tsf_caracteristicas\">Nuestro tensi\u00f3metro indica claramente las medidas registradas y las muestra en la gran pantalla LCD.<br \/>\nDetecci\u00f3n de arritmias.<br \/>\n2 x 60 posiciones de memoria.<br \/>\nSe suministra con brazalete para una circunferencia de brazo de 22-36 cm.<br \/>\nIndicaci\u00f3n de fecha y hora con apagado autom\u00e1tico.<br \/>\nViene con bolsillo de almacenamiento.<br \/>\nRequiere 4 pilas AAA incluidas.<br \/>\nCE m\u00e9dico.<br \/>\n5 a\u00f1os de garant\u00eda.<br \/>\nDimensiones: 57 x 47 x 25 mm.<br \/>\nPeso 360 gr.<\/div>\n","protected":false},"excerpt":{"rendered":"<p>TENSIOMETRO DE BRAZO PARLANTE (861114) Caracter\u00edsticas Nuestro tensi\u00f3metro indica claramente las medidas registradas y las muestra en la gran pantalla LCD. Detecci\u00f3n de arritmias. 2 x 60 posiciones de memoria. Se suministra con brazalete para una circunferencia de brazo de 22-36 cm. Indicaci\u00f3n de fecha y hora con apagado autom\u00e1tico. Viene con bolsillo de almacenamiento. [&hellip;]<\/p>\n","protected":false},"featured_media":3049,"comment_status":"open","ping_status":"closed","template":"","meta":{"saved_in_kubio":false},"product_brand":[],"product_cat":[75],"product_tag":[118],"class_list":{"0":"post-3048","1":"product","2":"type-product","3":"status-publish","4":"has-post-thumbnail","6":"product_cat-tensiometros","7":"product_tag-emo","9":"first","10":"instock","11":"shipping-taxable","12":"product-type-simple"},"_links":{"self":[{"href":"https:\/\/ortopediagot.net\/Inicio\/wp-json\/wp\/v2\/product\/3048"}],"collection":[{"href":"https:\/\/ortopediagot.net\/Inicio\/wp-json\/wp\/v2\/product"}],"about":[{"href":"https:\/\/ortopediagot.net\/Inicio\/wp-json\/wp\/v2\/types\/product"}],"replies":[{"embeddable":true,"href":"https:\/\/ortopediagot.net\/Inicio\/wp-json\/wp\/v2\/comments?post=3048"}],"wp:featuredmedia":[{"embeddable":true,"href":"https:\/\/ortopediagot.net\/Inicio\/wp-json\/wp\/v2\/media\/3049"}],"wp:attachment":[{"href":"https:\/\/ortopediagot.net\/Inicio\/wp-json\/wp\/v2\/media?parent=3048"}],"wp:term":[{"taxonomy":"product_brand","embeddable":true,"href":"https:\/\/ortopediagot.net\/Inicio\/wp-json\/wp\/v2\/product_brand?post=3048"},{"taxonomy":"product_cat","embeddable":true,"href":"https:\/\/ortopediagot.net\/Inicio\/wp-json\/wp\/v2\/product_cat?post=3048"},{"taxonomy":"product_tag","embeddable":true,"href":"https:\/\/ortopediagot.net\/Inicio\/wp-json\/wp\/v2\/product_tag?post=3048"}],"curies":[{"name":"wp","href":"https:\/\/api.w.org\/{rel}","templated":true}]}}