{"id":3052,"date":"2024-06-07T12:26:25","date_gmt":"2024-06-07T11:26:25","guid":{"rendered":"https:\/\/ortopediagot.net\/?post_type=product&#038;p=3052"},"modified":"2024-06-07T12:26:26","modified_gmt":"2024-06-07T11:26:26","slug":"ensiometro-de-brazo","status":"publish","type":"product","link":"https:\/\/ortopediagot.net\/Inicio\/producto\/ensiometro-de-brazo\/","title":{"rendered":"ENSI\u00d3METRO DE BRAZO"},"content":{"rendered":"<p>ENSI\u00d3METRO DE BRAZO (861184)<\/p>\n<div class=\"tsf-campo-acf-titulo tsf-campo-acf-titulo-caracteristicas tsf_campo-acf tsf_caracteristicas\"><strong>Caracter\u00edsticas<\/strong><\/div>\n<div><\/div>\n<div class=\"tsf-campo-acf-valores tsf-campo-acf-valores-caracteristicas tsf_campo-acf tsf_caracteristicas\">Totalmente autom\u00e1tico, toma su presi\u00f3n arterial en silencio y la muestra en la gran pantalla LCD.<br \/>\nM\u00e9todo oscilom\u00e9trico.<br \/>\nSe suministra con brazalete ajustable de 22 a 36 cm.<br \/>\n2 memorias con 60 lecturas cada una.<br \/>\nApagado autom\u00e1tico.<br \/>\nFunciona con 4 pilas AA incluidas.<br \/>\nCE m\u00e9dica.<br \/>\n3 a\u00f1os de garant\u00eda.<br \/>\nDimensiones: 13,8 x 11 x 6,8 cm.<\/div>\n","protected":false},"excerpt":{"rendered":"<p>ENSI\u00d3METRO DE BRAZO (861184) Caracter\u00edsticas Totalmente autom\u00e1tico, toma su presi\u00f3n arterial en silencio y la muestra en la gran pantalla LCD. M\u00e9todo oscilom\u00e9trico. Se suministra con brazalete ajustable de 22 a 36 cm. 2 memorias con 60 lecturas cada una. Apagado autom\u00e1tico. Funciona con 4 pilas AA incluidas. CE m\u00e9dica. 3 a\u00f1os de garant\u00eda. Dimensiones: [&hellip;]<\/p>\n","protected":false},"featured_media":3053,"comment_status":"open","ping_status":"closed","template":"","meta":{"saved_in_kubio":false},"product_brand":[],"product_cat":[75],"product_tag":[118],"class_list":{"0":"post-3052","1":"product","2":"type-product","3":"status-publish","4":"has-post-thumbnail","6":"product_cat-tensiometros","7":"product_tag-emo","9":"first","10":"instock","11":"shipping-taxable","12":"product-type-simple"},"_links":{"self":[{"href":"https:\/\/ortopediagot.net\/Inicio\/wp-json\/wp\/v2\/product\/3052"}],"collection":[{"href":"https:\/\/ortopediagot.net\/Inicio\/wp-json\/wp\/v2\/product"}],"about":[{"href":"https:\/\/ortopediagot.net\/Inicio\/wp-json\/wp\/v2\/types\/product"}],"replies":[{"embeddable":true,"href":"https:\/\/ortopediagot.net\/Inicio\/wp-json\/wp\/v2\/comments?post=3052"}],"wp:featuredmedia":[{"embeddable":true,"href":"https:\/\/ortopediagot.net\/Inicio\/wp-json\/wp\/v2\/media\/3053"}],"wp:attachment":[{"href":"https:\/\/ortopediagot.net\/Inicio\/wp-json\/wp\/v2\/media?parent=3052"}],"wp:term":[{"taxonomy":"product_brand","embeddable":true,"href":"https:\/\/ortopediagot.net\/Inicio\/wp-json\/wp\/v2\/product_brand?post=3052"},{"taxonomy":"product_cat","embeddable":true,"href":"https:\/\/ortopediagot.net\/Inicio\/wp-json\/wp\/v2\/product_cat?post=3052"},{"taxonomy":"product_tag","embeddable":true,"href":"https:\/\/ortopediagot.net\/Inicio\/wp-json\/wp\/v2\/product_tag?post=3052"}],"curies":[{"name":"wp","href":"https:\/\/api.w.org\/{rel}","templated":true}]}}