{"id":3057,"date":"2024-06-07T12:29:06","date_gmt":"2024-06-07T11:29:06","guid":{"rendered":"https:\/\/ortopediagot.net\/?post_type=product&#038;p=3057"},"modified":"2024-06-07T12:29:07","modified_gmt":"2024-06-07T11:29:07","slug":"pulsioximetro","status":"publish","type":"product","link":"https:\/\/ortopediagot.net\/Inicio\/producto\/pulsioximetro\/","title":{"rendered":"PULSIOX\u00cdMETRO"},"content":{"rendered":"<p>PULSIOX\u00cdMETRO (861200)<\/p>\n<div class=\"tsf-campo-acf-titulo tsf-campo-acf-titulo-caracteristicas tsf_campo-acf tsf_caracteristicas\"><strong>Caracter\u00edsticas<\/strong><\/div>\n<div><\/div>\n<div class=\"tsf-campo-acf-valores tsf-campo-acf-valores-caracteristicas tsf_campo-acf tsf_caracteristicas\">Este pulsiox\u00edmetro mide el nivel de ox\u00edgeno en la sangre, pero tambi\u00e9n la frecuencia card\u00edaca, el n\u00famero de pasos y movimientos diarios durante el sue\u00f1o.<br \/>\nVisualizaci\u00f3n de la hora.<br \/>\nSe suministra con un sensor flexible para la monitorizaci\u00f3n de la apnea del sue\u00f1o.<br \/>\nConectado a la aplicaci\u00f3n Check 02 v\u00eda Bluetooth.<br \/>\nAutonom\u00eda 8 horas.<br \/>\nBater\u00eda recargable mediante cable USB.<br \/>\nDimensiones: 40 x 25 x 15 mm.<br \/>\nPeso 35 gr.<\/div>\n","protected":false},"excerpt":{"rendered":"<p>PULSIOX\u00cdMETRO (861200) Caracter\u00edsticas Este pulsiox\u00edmetro mide el nivel de ox\u00edgeno en la sangre, pero tambi\u00e9n la frecuencia card\u00edaca, el n\u00famero de pasos y movimientos diarios durante el sue\u00f1o. Visualizaci\u00f3n de la hora. Se suministra con un sensor flexible para la monitorizaci\u00f3n de la apnea del sue\u00f1o. Conectado a la aplicaci\u00f3n Check 02 v\u00eda Bluetooth. Autonom\u00eda [&hellip;]<\/p>\n","protected":false},"featured_media":3058,"comment_status":"open","ping_status":"closed","template":"","meta":{"saved_in_kubio":false},"product_brand":[],"product_cat":[76],"product_tag":[118],"class_list":{"0":"post-3057","1":"product","2":"type-product","3":"status-publish","4":"has-post-thumbnail","6":"product_cat-pulsioximetros","7":"product_tag-emo","9":"first","10":"instock","11":"shipping-taxable","12":"product-type-simple"},"_links":{"self":[{"href":"https:\/\/ortopediagot.net\/Inicio\/wp-json\/wp\/v2\/product\/3057"}],"collection":[{"href":"https:\/\/ortopediagot.net\/Inicio\/wp-json\/wp\/v2\/product"}],"about":[{"href":"https:\/\/ortopediagot.net\/Inicio\/wp-json\/wp\/v2\/types\/product"}],"replies":[{"embeddable":true,"href":"https:\/\/ortopediagot.net\/Inicio\/wp-json\/wp\/v2\/comments?post=3057"}],"wp:featuredmedia":[{"embeddable":true,"href":"https:\/\/ortopediagot.net\/Inicio\/wp-json\/wp\/v2\/media\/3058"}],"wp:attachment":[{"href":"https:\/\/ortopediagot.net\/Inicio\/wp-json\/wp\/v2\/media?parent=3057"}],"wp:term":[{"taxonomy":"product_brand","embeddable":true,"href":"https:\/\/ortopediagot.net\/Inicio\/wp-json\/wp\/v2\/product_brand?post=3057"},{"taxonomy":"product_cat","embeddable":true,"href":"https:\/\/ortopediagot.net\/Inicio\/wp-json\/wp\/v2\/product_cat?post=3057"},{"taxonomy":"product_tag","embeddable":true,"href":"https:\/\/ortopediagot.net\/Inicio\/wp-json\/wp\/v2\/product_tag?post=3057"}],"curies":[{"name":"wp","href":"https:\/\/api.w.org\/{rel}","templated":true}]}}