{"id":3059,"date":"2024-06-07T12:30:25","date_gmt":"2024-06-07T11:30:25","guid":{"rendered":"https:\/\/ortopediagot.net\/?post_type=product&#038;p=3059"},"modified":"2024-06-07T12:30:25","modified_gmt":"2024-06-07T11:30:25","slug":"tensiometro-de-brazo-basic-2u","status":"publish","type":"product","link":"https:\/\/ortopediagot.net\/Inicio\/producto\/tensiometro-de-brazo-basic-2u\/","title":{"rendered":"TENSIOMETRO DE BRAZO BASIC 2U"},"content":{"rendered":"<p>TENSIOMETRO DE BRAZO BASIC 2U (861229)<\/p>\n<div class=\"tsf-campo-acf-titulo tsf-campo-acf-titulo-caracteristicas tsf_campo-acf tsf_caracteristicas\"><strong>Caracter\u00edsticas<\/strong><\/div>\n<div><\/div>\n<div class=\"tsf-campo-acf-valores tsf-campo-acf-valores-caracteristicas tsf_campo-acf tsf_caracteristicas\">&#8211; Ideal para 2 usuarios<br \/>\nEsfigmoman\u00f3metro totalmente autom\u00e1tico y f\u00e1cil de usar, con un solo bot\u00f3n para encenderlo y otro para guardarlo en la memoria. 120 memorias x 2 usuarios con c\u00e1lculo de la media de los \u00faltimos<br \/>\nregistros. Detecci\u00f3n de arritmias. Visualizaci\u00f3n de fecha y hora.<br \/>\nAlimentaci\u00f3n mediante micro-USB (cable no suministrado) o 4 pilas AAA (no sumi- nistradas). Suministrado con manguito est\u00e1ndar de 22-32 cm de di\u00e1metro. Pantalla de 50 x 60 mm.<br \/>\nDimensiones: 83 x 110 x 46 mm. Peso sin pilas: 163 g. 2 a\u00f1os de garant\u00eda.<\/div>\n","protected":false},"excerpt":{"rendered":"<p>TENSIOMETRO DE BRAZO BASIC 2U (861229) Caracter\u00edsticas &#8211; Ideal para 2 usuarios Esfigmoman\u00f3metro totalmente autom\u00e1tico y f\u00e1cil de usar, con un solo bot\u00f3n para encenderlo y otro para guardarlo en la memoria. 120 memorias x 2 usuarios con c\u00e1lculo de la media de los \u00faltimos registros. Detecci\u00f3n de arritmias. Visualizaci\u00f3n de fecha y hora. Alimentaci\u00f3n [&hellip;]<\/p>\n","protected":false},"featured_media":3060,"comment_status":"open","ping_status":"closed","template":"","meta":{"saved_in_kubio":false},"product_brand":[],"product_cat":[75],"product_tag":[118],"class_list":{"0":"post-3059","1":"product","2":"type-product","3":"status-publish","4":"has-post-thumbnail","6":"product_cat-tensiometros","7":"product_tag-emo","9":"first","10":"instock","11":"shipping-taxable","12":"product-type-simple"},"_links":{"self":[{"href":"https:\/\/ortopediagot.net\/Inicio\/wp-json\/wp\/v2\/product\/3059"}],"collection":[{"href":"https:\/\/ortopediagot.net\/Inicio\/wp-json\/wp\/v2\/product"}],"about":[{"href":"https:\/\/ortopediagot.net\/Inicio\/wp-json\/wp\/v2\/types\/product"}],"replies":[{"embeddable":true,"href":"https:\/\/ortopediagot.net\/Inicio\/wp-json\/wp\/v2\/comments?post=3059"}],"wp:featuredmedia":[{"embeddable":true,"href":"https:\/\/ortopediagot.net\/Inicio\/wp-json\/wp\/v2\/media\/3060"}],"wp:attachment":[{"href":"https:\/\/ortopediagot.net\/Inicio\/wp-json\/wp\/v2\/media?parent=3059"}],"wp:term":[{"taxonomy":"product_brand","embeddable":true,"href":"https:\/\/ortopediagot.net\/Inicio\/wp-json\/wp\/v2\/product_brand?post=3059"},{"taxonomy":"product_cat","embeddable":true,"href":"https:\/\/ortopediagot.net\/Inicio\/wp-json\/wp\/v2\/product_cat?post=3059"},{"taxonomy":"product_tag","embeddable":true,"href":"https:\/\/ortopediagot.net\/Inicio\/wp-json\/wp\/v2\/product_tag?post=3059"}],"curies":[{"name":"wp","href":"https:\/\/api.w.org\/{rel}","templated":true}]}}