{"id":3061,"date":"2024-06-07T12:31:42","date_gmt":"2024-06-07T11:31:42","guid":{"rendered":"https:\/\/ortopediagot.net\/?post_type=product&#038;p=3061"},"modified":"2024-06-07T12:31:43","modified_gmt":"2024-06-07T11:31:43","slug":"tensiometro-de-brazo-simplificado-2u","status":"publish","type":"product","link":"https:\/\/ortopediagot.net\/Inicio\/producto\/tensiometro-de-brazo-simplificado-2u\/","title":{"rendered":"TENSI\u00d3METRO DE BRAZO SIMPLIFICADO 2U"},"content":{"rendered":"<p>TENSI\u00d3METRO DE BRAZO SIMPLIFICADO 2U (861230)<\/p>\n<div class=\"tsf-campo-acf-titulo tsf-campo-acf-titulo-caracteristicas tsf_campo-acf tsf_caracteristicas\"><strong>Caracter\u00edsticas<\/strong><\/div>\n<div><\/div>\n<div class=\"tsf-campo-acf-valores tsf-campo-acf-valores-caracteristicas tsf_campo-acf tsf_caracteristicas\">&#8211; Ideal para 2 usuarios<br \/>\n&#8211; Bolsa de almacenamiento incluida<br \/>\nTensi\u00f3metro totalmente autom\u00e1tico. Basta con pulsar el bot\u00f3n de uno de<br \/>\nlos 2 usuarios para iniciar la medici\u00f3n. Detecci\u00f3n de arritmias. 120 memorias x 2 usuarios con c\u00e1lculo de la media de los \u00faltimos registros. Detecci\u00f3n de arritmias. Visualizaci\u00f3n de fecha y hora.<br \/>\nGran pantalla retroiluminada de 80 x 90 mm. Alimentaci\u00f3n mediante cargador de 6 V (no suministrado) o 4 pilas AA (no suministradas). Se suministra con un manguito de gama alta de 22-36 cm de di\u00e1metro.<br \/>\nIncluye bolsa de transporte y almacenamiento. Dimensiones: 99 x 160 x 56 mm. Peso sin bater\u00eda: 295 g.<br \/>\n2 a\u00f1os de garant\u00eda.<\/div>\n","protected":false},"excerpt":{"rendered":"<p>TENSI\u00d3METRO DE BRAZO SIMPLIFICADO 2U (861230) Caracter\u00edsticas &#8211; Ideal para 2 usuarios &#8211; Bolsa de almacenamiento incluida Tensi\u00f3metro totalmente autom\u00e1tico. Basta con pulsar el bot\u00f3n de uno de los 2 usuarios para iniciar la medici\u00f3n. Detecci\u00f3n de arritmias. 120 memorias x 2 usuarios con c\u00e1lculo de la media de los \u00faltimos registros. Detecci\u00f3n de arritmias. [&hellip;]<\/p>\n","protected":false},"featured_media":3063,"comment_status":"open","ping_status":"closed","template":"","meta":{"saved_in_kubio":false},"product_brand":[],"product_cat":[75],"product_tag":[118],"class_list":{"0":"post-3061","1":"product","2":"type-product","3":"status-publish","4":"has-post-thumbnail","6":"product_cat-tensiometros","7":"product_tag-emo","9":"first","10":"instock","11":"shipping-taxable","12":"product-type-simple"},"_links":{"self":[{"href":"https:\/\/ortopediagot.net\/Inicio\/wp-json\/wp\/v2\/product\/3061"}],"collection":[{"href":"https:\/\/ortopediagot.net\/Inicio\/wp-json\/wp\/v2\/product"}],"about":[{"href":"https:\/\/ortopediagot.net\/Inicio\/wp-json\/wp\/v2\/types\/product"}],"replies":[{"embeddable":true,"href":"https:\/\/ortopediagot.net\/Inicio\/wp-json\/wp\/v2\/comments?post=3061"}],"wp:featuredmedia":[{"embeddable":true,"href":"https:\/\/ortopediagot.net\/Inicio\/wp-json\/wp\/v2\/media\/3063"}],"wp:attachment":[{"href":"https:\/\/ortopediagot.net\/Inicio\/wp-json\/wp\/v2\/media?parent=3061"}],"wp:term":[{"taxonomy":"product_brand","embeddable":true,"href":"https:\/\/ortopediagot.net\/Inicio\/wp-json\/wp\/v2\/product_brand?post=3061"},{"taxonomy":"product_cat","embeddable":true,"href":"https:\/\/ortopediagot.net\/Inicio\/wp-json\/wp\/v2\/product_cat?post=3061"},{"taxonomy":"product_tag","embeddable":true,"href":"https:\/\/ortopediagot.net\/Inicio\/wp-json\/wp\/v2\/product_tag?post=3061"}],"curies":[{"name":"wp","href":"https:\/\/api.w.org\/{rel}","templated":true}]}}